{"id":28638,"date":"2024-11-11T14:21:04","date_gmt":"2024-11-11T14:21:04","guid":{"rendered":"https:\/\/www.thormontagen.de\/about-thor\/social-commitment\/"},"modified":"2024-11-11T14:21:05","modified_gmt":"2024-11-11T14:21:05","slug":"social-commitment","status":"publish","type":"page","link":"https:\/\/www.thormontagen.de\/en\/about-thor\/social-commitment\/","title":{"rendered":"Social commitment"},"content":{"rendered":"<div class=\"wpb-content-wrapper\"><p>[vc_section][vc_row row_padding=&#8221;&#8221;][vc_column]<div class=\" vmb-3  wpb_content_element\" ><div class=\"hero hero--b\"><div class=\"hero__content\"><div class=\"hero__title\"><p class=\"heading--subtitle\">THOR CLUB SPONSORSHIP<\/p><h1>Support for the associations of our employees<\/h1><\/div><div class=\"hero__text\"><\/div><\/div><div class=\"hero__img hero__img--1\"><img decoding=\"async\" src=\"https:\/\/www.thormontagen.de\/wp-content\/uploads\/TSV-Eintracht-Luetzen_Maedchen-1024x576.jpg\" srcset=\"https:\/\/www.thormontagen.de\/wp-content\/uploads\/TSV-Eintracht-Luetzen_Maedchen-300x169.jpg 300w, https:\/\/www.thormontagen.de\/wp-content\/uploads\/TSV-Eintracht-Luetzen_Maedchen-1024x576.jpg 1024w, https:\/\/www.thormontagen.de\/wp-content\/uploads\/TSV-Eintracht-Luetzen_Maedchen-768x432.jpg 768w, https:\/\/www.thormontagen.de\/wp-content\/uploads\/TSV-Eintracht-Luetzen_Maedchen-1536x864.jpg 1536w, https:\/\/www.thormontagen.de\/wp-content\/uploads\/TSV-Eintracht-Luetzen_Maedchen-2048x1152.jpg 2048w, https:\/\/www.thormontagen.de\/wp-content\/uploads\/TSV-Eintracht-Luetzen_Maedchen.jpg 2000w\" alt=\"\" \/><\/div><\/div><\/div><\/div>[\/vc_column][\/vc_row][\/vc_section][vc_section row_padding=&#8221;vpt-7 vpb-7&#8243;][vc_row row_padding=&#8221;&#8221;][vc_column width=&#8221;5\/6&#8243; col_sticky=&#8221;&#8221; offset=&#8221;vc_col-lg-7 vc_col-md-offset-2 vc_col-md-8 vc_col-sm-offset-1&#8243;][vc_column_text]<\/p>\n<p style=\"font-weight: 400;\">As a Thuringian company, THOR is committed to supporting clubs in the region and as an employer for the clubs of our employees from all over Germany. In recent years, many THORians who are active as athletes, carnival participants or members of a voluntary fire department have been able to enjoy financial support or donations in kind.<\/p>\n<p>[\/vc_column_text][\/vc_column][\/vc_row][\/vc_section][vc_section row_padding=&#8221;vpt-5 vpb-5&#8243; row_bg_color=&#8221;bg&#8211;color&#8211;grey-1&#8243;][vc_row row_padding=&#8221;&#8221;][vc_column width=&#8221;1\/2&#8243; col_sticky=&#8221;&#8221; offset=&#8221;vc_col-md-offset-1 vc_col-md-5&#8243;]<div class=\"wpb_content_element\" ><div class=\"accordion\"><div class=\"accordion__item\" itemscope itemprop=\"mainEntity\" itemtype=\"https:\/\/schema.org\/Question\" id=\"\"><div class=\"accordion__title accordion__title--open \" type=\"button\" data-toggle=\"collapse\" data-target=\"awx_69ed1eae50c7b\" aria-expanded=\"false\" aria-controls=\"awx_69ed1eae50c7b\" itemprop=\"name\">Fan club<\/div><div class=\"accordion__content accordion__content--open \" id=\"awx_69ed1eae50c7b\" aria-expanded=\"false\" itemscope itemprop=\"acceptedAnswer\" itemtype=\"https:\/\/schema.org\/Answer\"><div itemprop=\"text\"><ul>\n<li>Calbenser Borussen e.V.<\/li>\n<\/ul>\n<\/div><\/div><\/div><div class=\"accordion__item\" itemscope itemprop=\"mainEntity\" itemtype=\"https:\/\/schema.org\/Question\" id=\"\"><div class=\"accordion__title accordion__title--open \" type=\"button\" data-toggle=\"collapse\" data-target=\"awx_69ed1eae50cd7\" aria-expanded=\"false\" aria-controls=\"awx_69ed1eae50cd7\" itemprop=\"name\">Fire departments<\/div><div class=\"accordion__content accordion__content--open \" id=\"awx_69ed1eae50cd7\" aria-expanded=\"false\" itemscope itemprop=\"acceptedAnswer\" itemtype=\"https:\/\/schema.org\/Answer\"><div itemprop=\"text\"><ul>\n<li>Hallungen Fire Brigade Association 1991 e.V.<\/li>\n<li>Volunteer fire department Ebersdorf bei Neustadt e.V.<\/li>\n<li>Volunteer fire department Dorna e.V.<\/li>\n<li>Radisleben local fire department<\/li>\n<li>Tradition and Support Association of the Schwichelnberg-Klockow Volunteer Fire Brigade e.V.<\/li>\n<li>Gro\u00df Ammensleben Volunteer Fire Brigade<\/li>\n<li>Ebersbach fire department<\/li>\n<li>Association for the promotion of the voluntary fire department Osterhausen e.V.<\/li>\n<li>Volunteer fire department J\u00fctzenbach e.V.<\/li>\n<li>Support association of the Schofst\u00e4dt volunteer fire department<\/li>\n<li>Friends of the Erfurt fire department<\/li>\n<li>\n \t<\/li>\n<li style=\"list-style-type: none;\">\n<\/li>\n<\/ul>\n<\/div><\/div><\/div><div class=\"accordion__item\" itemscope itemprop=\"mainEntity\" itemtype=\"https:\/\/schema.org\/Question\" id=\"\"><div class=\"accordion__title accordion__title--open \" type=\"button\" data-toggle=\"collapse\" data-target=\"awx_69ed1eae50d35\" aria-expanded=\"false\" aria-controls=\"awx_69ed1eae50d35\" itemprop=\"name\">Support associations<\/div><div class=\"accordion__content accordion__content--open \" id=\"awx_69ed1eae50d35\" aria-expanded=\"false\" itemscope itemprop=\"acceptedAnswer\" itemtype=\"https:\/\/schema.org\/Answer\"><div itemprop=\"text\"><ul>\n<li>Kultur Quartier Erfurt e.V.<\/li>\n<li>Kinderbetreuungsverein e.V.<\/li>\n<li>Friends of the GS Sonnenhof e.V.<\/li>\n<li>Association of Friends and Sponsors of the Staatl. Primary School Konrad Hentrich e.V.<\/li>\n<li>F\u00f6rderverein Grundschule Gro\u00dffahner e.V.<\/li>\n<li>Thepra daycare center Tausendf\u00fc\u00dfler<\/li>\n<li>Association &#8220;Friends and supporters of the Kindervilla e.V.&#8221;<\/li>\n<\/ul>\n<\/div><\/div><\/div><div class=\"accordion__item\" itemscope itemprop=\"mainEntity\" itemtype=\"https:\/\/schema.org\/Question\" id=\"\"><div class=\"accordion__title accordion__title--open \" type=\"button\" data-toggle=\"collapse\" data-target=\"awx_69ed1eae50d81\" aria-expanded=\"false\" aria-controls=\"awx_69ed1eae50d81\" itemprop=\"name\">Garden &amp; nature clubs<\/div><div class=\"accordion__content accordion__content--open \" id=\"awx_69ed1eae50d81\" aria-expanded=\"false\" itemscope itemprop=\"acceptedAnswer\" itemtype=\"https:\/\/schema.org\/Answer\"><div itemprop=\"text\"><ul>\n<li>Garden association Kauritzer Berg e.V.<\/li>\n<li>KGV &#8220;Gute Hoffnung&#8221; e.V.<\/li>\n<li>Allotment garden association &#8220;Auenblick 1 Sangerhausen e.V.&#8221;<\/li>\n<li>Friends of the Heinatnaturgarten Wei\u00dfenfels e.V.<\/li>\n<li>Nature and camping friends Butzow e.V.<\/li>\n<li>Allotment garden association Sonnenbreite e.V.<\/li>\n<li>Verein der Rassegefl\u00fcgelz\u00fcchter Steinthaleben e.V.<\/li>\n<\/ul>\n<\/div><\/div><\/div><\/div><\/div>[\/vc_column][vc_column width=&#8221;1\/2&#8243; col_sticky=&#8221;&#8221; offset=&#8221;vc_col-md-5&#8243;]<div class=\"wpb_content_element\" ><div class=\"accordion\"><div class=\"accordion__item\" itemscope itemprop=\"mainEntity\" itemtype=\"https:\/\/schema.org\/Question\" id=\"\"><div class=\"accordion__title accordion__title--open \" type=\"button\" data-toggle=\"collapse\" data-target=\"awx_69ed1eae50e41\" aria-expanded=\"false\" aria-controls=\"awx_69ed1eae50e41\" itemprop=\"name\">Local history and funfair associations<\/div><div class=\"accordion__content accordion__content--open \" id=\"awx_69ed1eae50e41\" aria-expanded=\"false\" itemscope itemprop=\"acceptedAnswer\" itemtype=\"https:\/\/schema.org\/Answer\"><div itemprop=\"text\"><ul>\n<li>Binderslebener Traditionsverein e.V.<\/li>\n<li>Whitsun Society Gr\u00f6sa e.V.<\/li>\n<li>Fur stoves &#8220;e.V.&#8221; Nienstedt<\/li>\n<li>Kirmesburschen Steintahleben e.V.<\/li>\n<li>To the Gaditzer Graubach e.V.<\/li>\n<li>Stolpener Geschichtsverein e.V.<\/li>\n<li>Bienst\u00e4dter Heimatverein e.V<\/li>\n<\/ul>\n<\/div><\/div><\/div><div class=\"accordion__item\" itemscope itemprop=\"mainEntity\" itemtype=\"https:\/\/schema.org\/Question\" id=\"\"><div class=\"accordion__title accordion__title--open \" type=\"button\" data-toggle=\"collapse\" data-target=\"awx_69ed1eae50e8b\" aria-expanded=\"false\" aria-controls=\"awx_69ed1eae50e8b\" itemprop=\"name\">Carnival clubs<\/div><div class=\"accordion__content accordion__content--open \" id=\"awx_69ed1eae50e8b\" aria-expanded=\"false\" itemscope itemprop=\"acceptedAnswer\" itemtype=\"https:\/\/schema.org\/Answer\"><div itemprop=\"text\"><ul>\n<li>Mehliser Carneval Club e.V.<\/li>\n<li>K\u00f6lleda Faschingsclub e.V.<\/li>\n<li>Schwerborn Carnival Club e.V.<\/li>\n<li>Ro\u00dflebener Carnevals Club &#8220;Rot-Wei\u00df&#8221; e.V.<\/li>\n<li>K\u00f6lleda Carnival Club KFC<\/li>\n<li>Westerrieten Carnival Club e.V.<\/li>\n<\/ul>\n<\/div><\/div><\/div><div class=\"accordion__item\" itemscope itemprop=\"mainEntity\" itemtype=\"https:\/\/schema.org\/Question\" id=\"\"><div class=\"accordion__title accordion__title--open \" type=\"button\" data-toggle=\"collapse\" data-target=\"awx_69ed1eae50ed0\" aria-expanded=\"false\" aria-controls=\"awx_69ed1eae50ed0\" itemprop=\"name\">Sports clubs<\/div><div class=\"accordion__content accordion__content--open \" id=\"awx_69ed1eae50ed0\" aria-expanded=\"false\" itemscope itemprop=\"acceptedAnswer\" itemtype=\"https:\/\/schema.org\/Answer\"><div itemprop=\"text\"><ul>\n<li>Weissenfelser-Ruder-Verein 1884 e.V.<\/li>\n<li>Vfl Ro\u00dfbach 1921 e.V.<\/li>\n<li>TTC-S\u00e4ngerstadt Finsterwalde e.V.<\/li>\n<li>Sportfischer Fl\u00e4mingrand 1960 e.V.<\/li>\n<li>Canoeing club Templin e.V.<\/li>\n<li>Spugg Osterhausen 1931<\/li>\n<li>SV BW 91 Bad Frankenhausen<\/li>\n<li>SV Badra e.V.<\/li>\n<li>Aerobics base Halle e.V.<\/li>\n<li>SV Preu\u00dfen Frankfurt (O.) e.V.<\/li>\n<li>Shooting club Wangen \/ U e.V.<\/li>\n<li>SV Gr\u00fcn-Wei\u00df Strau\u00dffurt<\/li>\n<li>SpVgg Spielvereinigung Knappensee e.V.<\/li>\n<li>SV Preu\u00dfen B.L. Sharks<\/li>\n<li>Dance Studio Leuna Merseburg e.V.<\/li>\n<li>SG Turbine Vockerode e.V.<\/li>\n<li>Rowing club Wolgast e.V.<\/li>\n<li>SV Germania 08 Wartenburg e.V.<\/li>\n<li>TSV 1893 Gro\u00dfkorbetha e.V.<\/li>\n<li>SKC Green White Taucha<\/li>\n<li>BSG Aktivist Menteroda e.V.<\/li>\n<li>TSV Geyer Dept. Soccer<\/li>\n<li>SV Germania Hergisdorf<\/li>\n<li>SV 1997 Kurtschlag e.V.<\/li>\n<li>LSG 80 Oberheldrungen<\/li>\n<li>FC An der Fahner H\u00f6he e.V.<\/li>\n<li>TC Markkleeberg e.V.<\/li>\n<li>SV Concordia Riethnordhausen<\/li>\n<li>SG ZW Karsdorf e.V.<\/li>\n<li>SV Am Ettersberg e.V.<\/li>\n<li>Kraftsportverein Heiligenstadt 2003 e.V.<\/li>\n<li>SV Eintracht Ifta e.V.<\/li>\n<li>Tao Te Weimarer Land e.V.<\/li>\n<li>SV Empor Erfurt e.V.<\/li>\n<li>SG Blau-Wei\u00df Bockelhagen e.V.<\/li>\n<li>SV Union Friemar e.V.<\/li>\n<\/ul>\n<\/div><\/div><\/div><\/div><\/div>[\/vc_column][\/vc_row][\/vc_section][vc_row row_padding=&#8221;vpt-7 vpb-7&#8243;][vc_column col_sticky=&#8221;&#8221; offset=&#8221;vc_col-md-offset-1 vc_col-md-10&#8243;]<div class=\"vmb-3 wpb_content_element\" ><div class=\"simple-slider keen-slider\"><div class=\"simple-slider__item keen-slider__slide\"><img loading=\"lazy\" decoding=\"async\" src=\"https:\/\/www.thormontagen.de\/wp-content\/uploads\/Banner_TCM-Tennis-Club-Markleeberg_210902-1024x576.jpg\" srcset=\"https:\/\/www.thormontagen.de\/wp-content\/uploads\/Banner_TCM-Tennis-Club-Markleeberg_210902-1024x576.jpg 1024w, https:\/\/www.thormontagen.de\/wp-content\/uploads\/Banner_TCM-Tennis-Club-Markleeberg_210902-300x169.jpg 300w, https:\/\/www.thormontagen.de\/wp-content\/uploads\/Banner_TCM-Tennis-Club-Markleeberg_210902-768x432.jpg 768w, https:\/\/www.thormontagen.de\/wp-content\/uploads\/Banner_TCM-Tennis-Club-Markleeberg_210902-1536x864.jpg 1536w, https:\/\/www.thormontagen.de\/wp-content\/uploads\/Banner_TCM-Tennis-Club-Markleeberg_210902-2048x1152.jpg 2048w, https:\/\/www.thormontagen.de\/wp-content\/uploads\/Banner_TCM-Tennis-Club-Markleeberg_210902.jpg 2000w\" width=\"1024\" height=\"576\" alt=\"\"><\/div><div class=\"simple-slider__item keen-slider__slide\"><img loading=\"lazy\" decoding=\"async\" src=\"https:\/\/www.thormontagen.de\/wp-content\/uploads\/BSG-Aktivist-Menteroda-1024x576.jpg\" srcset=\"https:\/\/www.thormontagen.de\/wp-content\/uploads\/BSG-Aktivist-Menteroda-1024x576.jpg 1024w, https:\/\/www.thormontagen.de\/wp-content\/uploads\/BSG-Aktivist-Menteroda-300x169.jpg 300w, https:\/\/www.thormontagen.de\/wp-content\/uploads\/BSG-Aktivist-Menteroda-768x432.jpg 768w, https:\/\/www.thormontagen.de\/wp-content\/uploads\/BSG-Aktivist-Menteroda-1536x864.jpg 1536w, https:\/\/www.thormontagen.de\/wp-content\/uploads\/BSG-Aktivist-Menteroda-2048x1152.jpg 2048w, https:\/\/www.thormontagen.de\/wp-content\/uploads\/BSG-Aktivist-Menteroda.jpg 2000w\" width=\"1024\" height=\"576\" alt=\"\"><\/div><div class=\"simple-slider__item keen-slider__slide\"><img loading=\"lazy\" decoding=\"async\" src=\"https:\/\/www.thormontagen.de\/wp-content\/uploads\/FFW-Gebesee-1-1024x576.jpg\" srcset=\"https:\/\/www.thormontagen.de\/wp-content\/uploads\/FFW-Gebesee-1-1024x576.jpg 1024w, https:\/\/www.thormontagen.de\/wp-content\/uploads\/FFW-Gebesee-1-300x169.jpg 300w, https:\/\/www.thormontagen.de\/wp-content\/uploads\/FFW-Gebesee-1-768x432.jpg 768w, https:\/\/www.thormontagen.de\/wp-content\/uploads\/FFW-Gebesee-1-1536x864.jpg 1536w, https:\/\/www.thormontagen.de\/wp-content\/uploads\/FFW-Gebesee-1-2048x1152.jpg 2048w, https:\/\/www.thormontagen.de\/wp-content\/uploads\/FFW-Gebesee-1.jpg 2000w\" width=\"1024\" height=\"576\" alt=\"\"><\/div><div class=\"simple-slider__item keen-slider__slide\"><img loading=\"lazy\" decoding=\"async\" src=\"https:\/\/www.thormontagen.de\/wp-content\/uploads\/GCC-Garde-1-1024x576.jpg\" srcset=\"https:\/\/www.thormontagen.de\/wp-content\/uploads\/GCC-Garde-1-1024x576.jpg 1024w, https:\/\/www.thormontagen.de\/wp-content\/uploads\/GCC-Garde-1-300x169.jpg 300w, https:\/\/www.thormontagen.de\/wp-content\/uploads\/GCC-Garde-1-768x432.jpg 768w, https:\/\/www.thormontagen.de\/wp-content\/uploads\/GCC-Garde-1-1536x864.jpg 1536w, https:\/\/www.thormontagen.de\/wp-content\/uploads\/GCC-Garde-1-2048x1152.jpg 2048w, https:\/\/www.thormontagen.de\/wp-content\/uploads\/GCC-Garde-1.jpg 2000w\" width=\"1024\" height=\"576\" alt=\"\"><\/div><div class=\"simple-slider__item keen-slider__slide\"><img loading=\"lazy\" decoding=\"async\" src=\"https:\/\/www.thormontagen.de\/wp-content\/uploads\/GCC-Maennerballett-1-1024x576.jpg\" srcset=\"https:\/\/www.thormontagen.de\/wp-content\/uploads\/GCC-Maennerballett-1-1024x576.jpg 1024w, https:\/\/www.thormontagen.de\/wp-content\/uploads\/GCC-Maennerballett-1-300x169.jpg 300w, https:\/\/www.thormontagen.de\/wp-content\/uploads\/GCC-Maennerballett-1-768x432.jpg 768w, https:\/\/www.thormontagen.de\/wp-content\/uploads\/GCC-Maennerballett-1-1536x864.jpg 1536w, https:\/\/www.thormontagen.de\/wp-content\/uploads\/GCC-Maennerballett-1-2048x1152.jpg 2048w, https:\/\/www.thormontagen.de\/wp-content\/uploads\/GCC-Maennerballett-1.jpg 2000w\" width=\"1024\" height=\"576\" alt=\"\"><\/div><div class=\"simple-slider__item keen-slider__slide\"><img loading=\"lazy\" decoding=\"async\" src=\"https:\/\/www.thormontagen.de\/wp-content\/uploads\/IMG-20200912-WA0001-1024x576.jpg\" srcset=\"https:\/\/www.thormontagen.de\/wp-content\/uploads\/IMG-20200912-WA0001-1024x576.jpg 1024w, https:\/\/www.thormontagen.de\/wp-content\/uploads\/IMG-20200912-WA0001-300x169.jpg 300w, https:\/\/www.thormontagen.de\/wp-content\/uploads\/IMG-20200912-WA0001-768x432.jpg 768w, https:\/\/www.thormontagen.de\/wp-content\/uploads\/IMG-20200912-WA0001-1536x864.jpg 1536w, https:\/\/www.thormontagen.de\/wp-content\/uploads\/IMG-20200912-WA0001-2048x1152.jpg 2048w\" width=\"1024\" height=\"576\" alt=\"\"><\/div><div class=\"simple-slider__item keen-slider__slide\"><img loading=\"lazy\" decoding=\"async\" src=\"https:\/\/www.thormontagen.de\/wp-content\/uploads\/SG-ZW-Karsdorf-e.V-1024x576.jpg\" srcset=\"https:\/\/www.thormontagen.de\/wp-content\/uploads\/SG-ZW-Karsdorf-e.V-1024x576.jpg 1024w, https:\/\/www.thormontagen.de\/wp-content\/uploads\/SG-ZW-Karsdorf-e.V-300x169.jpg 300w, https:\/\/www.thormontagen.de\/wp-content\/uploads\/SG-ZW-Karsdorf-e.V-768x432.jpg 768w, https:\/\/www.thormontagen.de\/wp-content\/uploads\/SG-ZW-Karsdorf-e.V-1536x864.jpg 1536w, https:\/\/www.thormontagen.de\/wp-content\/uploads\/SG-ZW-Karsdorf-e.V-2048x1152.jpg 2048w, https:\/\/www.thormontagen.de\/wp-content\/uploads\/SG-ZW-Karsdorf-e.V.jpg 2000w\" width=\"1024\" height=\"576\" alt=\"\"><\/div><div class=\"simple-slider__item keen-slider__slide\"><img loading=\"lazy\" decoding=\"async\" src=\"https:\/\/www.thormontagen.de\/wp-content\/uploads\/THOR_Vereinssponsoring_bsg_aktivist_menteroda-1-1024x576.jpg\" srcset=\"https:\/\/www.thormontagen.de\/wp-content\/uploads\/THOR_Vereinssponsoring_bsg_aktivist_menteroda-1-1024x576.jpg 1024w, https:\/\/www.thormontagen.de\/wp-content\/uploads\/THOR_Vereinssponsoring_bsg_aktivist_menteroda-1-300x169.jpg 300w, https:\/\/www.thormontagen.de\/wp-content\/uploads\/THOR_Vereinssponsoring_bsg_aktivist_menteroda-1-768x432.jpg 768w, https:\/\/www.thormontagen.de\/wp-content\/uploads\/THOR_Vereinssponsoring_bsg_aktivist_menteroda-1-1536x864.jpg 1536w, https:\/\/www.thormontagen.de\/wp-content\/uploads\/THOR_Vereinssponsoring_bsg_aktivist_menteroda-1-2048x1152.jpg 2048w, https:\/\/www.thormontagen.de\/wp-content\/uploads\/THOR_Vereinssponsoring_bsg_aktivist_menteroda-1.jpg 2000w\" width=\"1024\" height=\"576\" alt=\"\"><\/div><div class=\"simple-slider__item keen-slider__slide\"><img loading=\"lazy\" decoding=\"async\" src=\"https:\/\/www.thormontagen.de\/wp-content\/uploads\/THOR_Vereinssponsoring_frauensportgruppe_saxonia_1920-1-1024x576.jpg\" srcset=\"https:\/\/www.thormontagen.de\/wp-content\/uploads\/THOR_Vereinssponsoring_frauensportgruppe_saxonia_1920-1-1024x576.jpg 1024w, https:\/\/www.thormontagen.de\/wp-content\/uploads\/THOR_Vereinssponsoring_frauensportgruppe_saxonia_1920-1-300x169.jpg 300w, https:\/\/www.thormontagen.de\/wp-content\/uploads\/THOR_Vereinssponsoring_frauensportgruppe_saxonia_1920-1-768x432.jpg 768w, https:\/\/www.thormontagen.de\/wp-content\/uploads\/THOR_Vereinssponsoring_frauensportgruppe_saxonia_1920-1-1536x864.jpg 1536w, https:\/\/www.thormontagen.de\/wp-content\/uploads\/THOR_Vereinssponsoring_frauensportgruppe_saxonia_1920-1-2048x1152.jpg 2048w\" width=\"1024\" height=\"576\" alt=\"\"><\/div><div class=\"simple-slider__item keen-slider__slide\"><img loading=\"lazy\" decoding=\"async\" src=\"https:\/\/www.thormontagen.de\/wp-content\/uploads\/THOR_Vereinssponsoring_spvgg_olympia_kassel-1-1024x576.jpg\" srcset=\"https:\/\/www.thormontagen.de\/wp-content\/uploads\/THOR_Vereinssponsoring_spvgg_olympia_kassel-1-1024x576.jpg 1024w, https:\/\/www.thormontagen.de\/wp-content\/uploads\/THOR_Vereinssponsoring_spvgg_olympia_kassel-1-300x169.jpg 300w, https:\/\/www.thormontagen.de\/wp-content\/uploads\/THOR_Vereinssponsoring_spvgg_olympia_kassel-1-768x432.jpg 768w, https:\/\/www.thormontagen.de\/wp-content\/uploads\/THOR_Vereinssponsoring_spvgg_olympia_kassel-1-1536x864.jpg 1536w, https:\/\/www.thormontagen.de\/wp-content\/uploads\/THOR_Vereinssponsoring_spvgg_olympia_kassel-1-2048x1152.jpg 2048w\" width=\"1024\" height=\"576\" alt=\"\"><\/div><div class=\"simple-slider__item keen-slider__slide\"><img loading=\"lazy\" decoding=\"async\" src=\"https:\/\/www.thormontagen.de\/wp-content\/uploads\/THOR_Vereinssponsoring_sv_91_badfrankenhausen-1-1024x576.jpg\" srcset=\"https:\/\/www.thormontagen.de\/wp-content\/uploads\/THOR_Vereinssponsoring_sv_91_badfrankenhausen-1-1024x576.jpg 1024w, https:\/\/www.thormontagen.de\/wp-content\/uploads\/THOR_Vereinssponsoring_sv_91_badfrankenhausen-1-300x169.jpg 300w, https:\/\/www.thormontagen.de\/wp-content\/uploads\/THOR_Vereinssponsoring_sv_91_badfrankenhausen-1-768x432.jpg 768w, https:\/\/www.thormontagen.de\/wp-content\/uploads\/THOR_Vereinssponsoring_sv_91_badfrankenhausen-1-1536x864.jpg 1536w, https:\/\/www.thormontagen.de\/wp-content\/uploads\/THOR_Vereinssponsoring_sv_91_badfrankenhausen-1-2048x1152.jpg 2048w\" width=\"1024\" height=\"576\" alt=\"\"><\/div><div class=\"simple-slider__item keen-slider__slide\"><img loading=\"lazy\" decoding=\"async\" src=\"https:\/\/www.thormontagen.de\/wp-content\/uploads\/THOR_Vereinssponsoring_sv_blau-weiss_troebitz-1-1024x576.jpg\" srcset=\"https:\/\/www.thormontagen.de\/wp-content\/uploads\/THOR_Vereinssponsoring_sv_blau-weiss_troebitz-1-1024x576.jpg 1024w, https:\/\/www.thormontagen.de\/wp-content\/uploads\/THOR_Vereinssponsoring_sv_blau-weiss_troebitz-1-300x169.jpg 300w, https:\/\/www.thormontagen.de\/wp-content\/uploads\/THOR_Vereinssponsoring_sv_blau-weiss_troebitz-1-768x432.jpg 768w, https:\/\/www.thormontagen.de\/wp-content\/uploads\/THOR_Vereinssponsoring_sv_blau-weiss_troebitz-1-1536x864.jpg 1536w, https:\/\/www.thormontagen.de\/wp-content\/uploads\/THOR_Vereinssponsoring_sv_blau-weiss_troebitz-1-2048x1152.jpg 2048w, https:\/\/www.thormontagen.de\/wp-content\/uploads\/THOR_Vereinssponsoring_sv_blau-weiss_troebitz-1.jpg 2000w\" width=\"1024\" height=\"576\" alt=\"\"><\/div><div class=\"simple-slider__item keen-slider__slide\"><img loading=\"lazy\" decoding=\"async\" src=\"https:\/\/www.thormontagen.de\/wp-content\/uploads\/TSV-Eintracht-Luetzen_G-Jugend-1024x576.jpg\" srcset=\"https:\/\/www.thormontagen.de\/wp-content\/uploads\/TSV-Eintracht-Luetzen_G-Jugend-1024x576.jpg 1024w, https:\/\/www.thormontagen.de\/wp-content\/uploads\/TSV-Eintracht-Luetzen_G-Jugend-300x169.jpg 300w, https:\/\/www.thormontagen.de\/wp-content\/uploads\/TSV-Eintracht-Luetzen_G-Jugend-768x432.jpg 768w, https:\/\/www.thormontagen.de\/wp-content\/uploads\/TSV-Eintracht-Luetzen_G-Jugend-1536x864.jpg 1536w, https:\/\/www.thormontagen.de\/wp-content\/uploads\/TSV-Eintracht-Luetzen_G-Jugend-2048x1152.jpg 2048w, https:\/\/www.thormontagen.de\/wp-content\/uploads\/TSV-Eintracht-Luetzen_G-Jugend.jpg 2000w\" width=\"1024\" height=\"576\" alt=\"\"><\/div><div class=\"simple-slider__item keen-slider__slide\"><img loading=\"lazy\" decoding=\"async\" src=\"https:\/\/www.thormontagen.de\/wp-content\/uploads\/TSV-Eintracht-Luetzen_Maedchen-1024x576.jpg\" srcset=\"https:\/\/www.thormontagen.de\/wp-content\/uploads\/TSV-Eintracht-Luetzen_Maedchen-1024x576.jpg 1024w, https:\/\/www.thormontagen.de\/wp-content\/uploads\/TSV-Eintracht-Luetzen_Maedchen-300x169.jpg 300w, https:\/\/www.thormontagen.de\/wp-content\/uploads\/TSV-Eintracht-Luetzen_Maedchen-768x432.jpg 768w, https:\/\/www.thormontagen.de\/wp-content\/uploads\/TSV-Eintracht-Luetzen_Maedchen-1536x864.jpg 1536w, https:\/\/www.thormontagen.de\/wp-content\/uploads\/TSV-Eintracht-Luetzen_Maedchen-2048x1152.jpg 2048w, https:\/\/www.thormontagen.de\/wp-content\/uploads\/TSV-Eintracht-Luetzen_Maedchen.jpg 2000w\" width=\"1024\" height=\"576\" alt=\"\"><\/div><\/div><\/div>[\/vc_column][\/vc_row]<\/p>\n<\/div>","protected":false},"excerpt":{"rendered":"<p>[vc_section][vc_row row_padding=&#8221;&#8221;][vc_column][\/vc_column][\/vc_row][\/vc_section][vc_section row_padding=&#8221;vpt-7 vpb-7&#8243;][vc_row row_padding=&#8221;&#8221;][vc_column width=&#8221;5\/6&#8243; col_sticky=&#8221;&#8221; offset=&#8221;vc_col-lg-7 vc_col-md-offset-2 vc_col-md-8 vc_col-sm-offset-1&#8243;][vc_column_text] As a Thuringian company, THOR is committed to supporting clubs in the region \u2026<\/p>\n","protected":false},"author":8,"featured_media":0,"parent":28324,"menu_order":2,"comment_status":"closed","ping_status":"closed","template":"","meta":{"_acf_changed":false,"inline_featured_image":false,"footnotes":""},"class_list":["post-28638","page","type-page","status-publish","hentry"],"acf":[],"_links":{"self":[{"href":"https:\/\/www.thormontagen.de\/en\/wp-json\/wp\/v2\/pages\/28638","targetHints":{"allow":["GET"]}}],"collection":[{"href":"https:\/\/www.thormontagen.de\/en\/wp-json\/wp\/v2\/pages"}],"about":[{"href":"https:\/\/www.thormontagen.de\/en\/wp-json\/wp\/v2\/types\/page"}],"author":[{"embeddable":true,"href":"https:\/\/www.thormontagen.de\/en\/wp-json\/wp\/v2\/users\/8"}],"replies":[{"embeddable":true,"href":"https:\/\/www.thormontagen.de\/en\/wp-json\/wp\/v2\/comments?post=28638"}],"version-history":[{"count":2,"href":"https:\/\/www.thormontagen.de\/en\/wp-json\/wp\/v2\/pages\/28638\/revisions"}],"predecessor-version":[{"id":28640,"href":"https:\/\/www.thormontagen.de\/en\/wp-json\/wp\/v2\/pages\/28638\/revisions\/28640"}],"up":[{"embeddable":true,"href":"https:\/\/www.thormontagen.de\/en\/wp-json\/wp\/v2\/pages\/28324"}],"wp:attachment":[{"href":"https:\/\/www.thormontagen.de\/en\/wp-json\/wp\/v2\/media?parent=28638"}],"curies":[{"name":"wp","href":"https:\/\/api.w.org\/{rel}","templated":true}]}}