{"id":24924,"date":"2024-06-25T20:35:39","date_gmt":"2024-06-25T20:35:39","guid":{"rendered":"https:\/\/www.thormontagen.de\/o-thor\/zaangazowanie-spoleczne\/"},"modified":"2024-06-26T22:33:28","modified_gmt":"2024-06-26T22:33:28","slug":"zaangazowanie-spoleczne","status":"publish","type":"page","link":"https:\/\/www.thormontagen.de\/pl\/o-thor\/zaangazowanie-spoleczne\/","title":{"rendered":"Zaanga\u017cowanie spo\u0142eczne"},"content":{"rendered":"<div class=\"wpb-content-wrapper\"><p>[vc_section][vc_row row_padding=&#8221;&#8221;][vc_column]<div class=\" vmb-3  wpb_content_element\" ><div class=\"hero hero--b\"><div class=\"hero__content\"><div class=\"hero__title\"><p class=\"heading--subtitle\">SPONSORING STOWARZYSZE\u0143 THOR<\/p><h1>Wsparcie dla stowarzysze\u0144 naszych pracownik\u00f3w<\/h1><\/div><div class=\"hero__text\"><\/div><\/div><div class=\"hero__img hero__img--1\"><img decoding=\"async\" src=\"https:\/\/www.thormontagen.de\/wp-content\/uploads\/TSV-Eintracht-Luetzen_Maedchen-1024x576.jpg\" srcset=\"https:\/\/www.thormontagen.de\/wp-content\/uploads\/TSV-Eintracht-Luetzen_Maedchen-300x169.jpg 300w, https:\/\/www.thormontagen.de\/wp-content\/uploads\/TSV-Eintracht-Luetzen_Maedchen-1024x576.jpg 1024w, https:\/\/www.thormontagen.de\/wp-content\/uploads\/TSV-Eintracht-Luetzen_Maedchen-768x432.jpg 768w, https:\/\/www.thormontagen.de\/wp-content\/uploads\/TSV-Eintracht-Luetzen_Maedchen-1536x864.jpg 1536w, https:\/\/www.thormontagen.de\/wp-content\/uploads\/TSV-Eintracht-Luetzen_Maedchen-2048x1152.jpg 2048w, https:\/\/www.thormontagen.de\/wp-content\/uploads\/TSV-Eintracht-Luetzen_Maedchen.jpg 2000w\" alt=\"\" \/><\/div><\/div><\/div><\/div>[\/vc_column][\/vc_row][\/vc_section][vc_section row_padding=&#8221;vpt-7 vpb-7&#8243;][vc_row row_padding=&#8221;&#8221;][vc_column width=&#8221;5\/6&#8243; col_sticky=&#8221;&#8221; offset=&#8221;vc_col-lg-7 vc_col-md-offset-2 vc_col-md-8 vc_col-sm-offset-1&#8243;][vc_column_text]<\/p>\n<p style=\"font-weight: 400;\">Jako firma z Turyngii, THOR jest zaanga\u017cowany we wspieranie regionalnych stowarzysze\u0144 oraz jako pracodawca, wspiera stowarzyszenia swoich pracownik\u00f3w na terenie ca\u0142ych Niemiec. W ostatnich latach wielu THORian, kt\u00f3rzy s\u0105 aktywni jako sportowcy, organizatorzy lokalnych festyn\u00f3w lub cz\u0142onkowie ochotniczej stra\u017cy po\u017carnej, mog\u0142o cieszy\u0107 si\u0119 wsparciem finansowym lub darowiznami rzeczowymi.<\/p>\n<p>[\/vc_column_text][\/vc_column][\/vc_row][\/vc_section][vc_section row_padding=&#8221;vpt-5 vpb-5&#8243; row_bg_color=&#8221;bg&#8211;color&#8211;grey-1&#8243;][vc_row row_padding=&#8221;&#8221;][vc_column width=&#8221;1\/2&#8243; col_sticky=&#8221;&#8221; offset=&#8221;vc_col-md-offset-1 vc_col-md-5&#8243;]<div class=\"wpb_content_element\" ><div class=\"accordion\"><div class=\"accordion__item\" itemscope itemprop=\"mainEntity\" itemtype=\"https:\/\/schema.org\/Question\" id=\"\"><div class=\"accordion__title accordion__title--open \" type=\"button\" data-toggle=\"collapse\" data-target=\"awx_69f256c0216b6\" aria-expanded=\"false\" aria-controls=\"awx_69f256c0216b6\" itemprop=\"name\">Fanclub<\/div><div class=\"accordion__content accordion__content--open \" id=\"awx_69f256c0216b6\" aria-expanded=\"false\" itemscope itemprop=\"acceptedAnswer\" itemtype=\"https:\/\/schema.org\/Answer\"><div itemprop=\"text\"><ul>\n<li>Calbenser Borussen e.V.<\/li>\n<\/ul>\n<\/div><\/div><\/div><div class=\"accordion__item\" itemscope itemprop=\"mainEntity\" itemtype=\"https:\/\/schema.org\/Question\" id=\"\"><div class=\"accordion__title accordion__title--open \" type=\"button\" data-toggle=\"collapse\" data-target=\"awx_69f256c02172c\" aria-expanded=\"false\" aria-controls=\"awx_69f256c02172c\" itemprop=\"name\">Feuerwehren<\/div><div class=\"accordion__content accordion__content--open \" id=\"awx_69f256c02172c\" aria-expanded=\"false\" itemscope itemprop=\"acceptedAnswer\" itemtype=\"https:\/\/schema.org\/Answer\"><div itemprop=\"text\"><ul>\n<li>Feuerwehrverein Hallungen 1991 e.V.<\/li>\n<li>Freiwillige Feuerwehr Ebersdorf bei Neustadt e.V.<\/li>\n<li>Freiwillige Feuerwehr Dorna e.V.<\/li>\n<li>Ortsfeuerwehr Radisleben<\/li>\n<li>Traditions- und F\u00f6rderverein der Freiwilligen Feuerwehr Schwichelnberg-Klockow e.V.<\/li>\n<li>Freiwillige Feuerwehr Gro\u00df Ammensleben<\/li>\n<li>Feuerwehr Ebersbach<\/li>\n<li>Verein zur F\u00f6rderung der freiwilligen Feuerwehr Osterhausen e.V.<\/li>\n<li>Freiwillige Feuerwehr J\u00fctzenbach e.V.<\/li>\n<li>F\u00f6rderverein der Freiwilligen Feuerwehr Schofst\u00e4dt<\/li>\n<li>F\u00f6rderverein der Feuerwehr Erfurt<\/li>\n<li><\/li>\n<li style=\"list-style-type: none;\"><\/li>\n<\/ul>\n<\/div><\/div><\/div><div class=\"accordion__item\" itemscope itemprop=\"mainEntity\" itemtype=\"https:\/\/schema.org\/Question\" id=\"\"><div class=\"accordion__title accordion__title--open \" type=\"button\" data-toggle=\"collapse\" data-target=\"awx_69f256c02178b\" aria-expanded=\"false\" aria-controls=\"awx_69f256c02178b\" itemprop=\"name\">F\u00f6rdervereine<\/div><div class=\"accordion__content accordion__content--open \" id=\"awx_69f256c02178b\" aria-expanded=\"false\" itemscope itemprop=\"acceptedAnswer\" itemtype=\"https:\/\/schema.org\/Answer\"><div itemprop=\"text\"><ul>\n<li>Kultur Quartier Erfurt e.V.<\/li>\n<li>Kinderbetreuungsverein e.V.<\/li>\n<li>F\u00f6rderverein der GS Sonnenhof e.V.<\/li>\n<li>Verein der Freunde und F\u00f6rderer der staatl. Grundschule Konrad Hentrich e.V.<\/li>\n<li>F\u00f6rderverein Grundschule Gro\u00dffahner e.V.<\/li>\n<li>Thepra Kindertagesst\u00e4tte Tausendf\u00fc\u00dfler<\/li>\n<li>Verein \u201cFreunde und F\u00f6rderer der Kindervilla e.V.\u201d<\/li>\n<\/ul>\n<\/div><\/div><\/div><div class=\"accordion__item\" itemscope itemprop=\"mainEntity\" itemtype=\"https:\/\/schema.org\/Question\" id=\"\"><div class=\"accordion__title accordion__title--open \" type=\"button\" data-toggle=\"collapse\" data-target=\"awx_69f256c0217d6\" aria-expanded=\"false\" aria-controls=\"awx_69f256c0217d6\" itemprop=\"name\">Garten- &amp; Naturvereine<\/div><div class=\"accordion__content accordion__content--open \" id=\"awx_69f256c0217d6\" aria-expanded=\"false\" itemscope itemprop=\"acceptedAnswer\" itemtype=\"https:\/\/schema.org\/Answer\"><div itemprop=\"text\"><ul>\n<li>Gartenverein Kauritzer Berg e.V.<\/li>\n<li>KGV \u201cGute Hoffnung\u201d e.V.<\/li>\n<li>Kleingartenverein \u201cAuenblick 1 Sangerhausen e.V.\u201d<\/li>\n<li>Freundeskreis zur F\u00f6rderung des Heinatnaturgarten Wei\u00dfenfels e.V.<\/li>\n<li>Natur und Campingfreunde Butzow e.V.<\/li>\n<li>Kleingartensparte Sonnenbreite e.V.<\/li>\n<li>Verein der Rassegefl\u00fcgelz\u00fcchter Steinthaleben e.V.<\/li>\n<\/ul>\n<\/div><\/div><\/div><\/div><\/div>[\/vc_column][vc_column width=&#8221;1\/2&#8243; col_sticky=&#8221;&#8221; offset=&#8221;vc_col-md-5&#8243;]<div class=\"wpb_content_element\" ><div class=\"accordion\"><div class=\"accordion__item\" itemscope itemprop=\"mainEntity\" itemtype=\"https:\/\/schema.org\/Question\" id=\"\"><div class=\"accordion__title accordion__title--open \" type=\"button\" data-toggle=\"collapse\" data-target=\"awx_69f256c0218a4\" aria-expanded=\"false\" aria-controls=\"awx_69f256c0218a4\" itemprop=\"name\">Heimat- und Kirmesvereine<\/div><div class=\"accordion__content accordion__content--open \" id=\"awx_69f256c0218a4\" aria-expanded=\"false\" itemscope itemprop=\"acceptedAnswer\" itemtype=\"https:\/\/schema.org\/Answer\"><div itemprop=\"text\"><ul>\n<li>Binderslebener Traditionsverein e.V.<\/li>\n<li>Pfingstgesellschaft Gr\u00f6sa e.V.<\/li>\n<li>Pelzkocher \u201ce.V.\u201d Nienstedt<\/li>\n<li>Kirmesburschen Steintahleben e.V.<\/li>\n<li>Zum Gaditzer Graubach e.V.<\/li>\n<li>Stolpener Geschichtsverein e.V.<\/li>\n<li>Bienst\u00e4dter Heimatverein e.V<\/li>\n<\/ul>\n<\/div><\/div><\/div><div class=\"accordion__item\" itemscope itemprop=\"mainEntity\" itemtype=\"https:\/\/schema.org\/Question\" id=\"\"><div class=\"accordion__title accordion__title--open \" type=\"button\" data-toggle=\"collapse\" data-target=\"awx_69f256c0218ef\" aria-expanded=\"false\" aria-controls=\"awx_69f256c0218ef\" itemprop=\"name\">Karnevalsvereine<\/div><div class=\"accordion__content accordion__content--open \" id=\"awx_69f256c0218ef\" aria-expanded=\"false\" itemscope itemprop=\"acceptedAnswer\" itemtype=\"https:\/\/schema.org\/Answer\"><div itemprop=\"text\"><ul>\n<li>Mehliser Carneval Club e.V.<\/li>\n<li>K\u00f6lleda Faschingsclub e.V.<\/li>\n<li>Faschingsverein Schwerborn e.V.<\/li>\n<li>Ro\u00dflebener Carnevals Club \u201cRot-Wei\u00df\u201d e.V.<\/li>\n<li>K\u00f6lledaer Faschings Club KFC<\/li>\n<li>Carnevalsclub Westerrieten e.V.<\/li>\n<\/ul>\n<\/div><\/div><\/div><div class=\"accordion__item\" itemscope itemprop=\"mainEntity\" itemtype=\"https:\/\/schema.org\/Question\" id=\"\"><div class=\"accordion__title accordion__title--open \" type=\"button\" data-toggle=\"collapse\" data-target=\"awx_69f256c021935\" aria-expanded=\"false\" aria-controls=\"awx_69f256c021935\" itemprop=\"name\">Sportvereine<\/div><div class=\"accordion__content accordion__content--open \" id=\"awx_69f256c021935\" aria-expanded=\"false\" itemscope itemprop=\"acceptedAnswer\" itemtype=\"https:\/\/schema.org\/Answer\"><div itemprop=\"text\"><ul>\n<li>Weissenfelser-Ruder-Verein 1884 e.V.<\/li>\n<li>Vfl Ro\u00dfbach 1921 e.V.<\/li>\n<li>TTC-S\u00e4ngerstadt Finsterwalde e.V.<\/li>\n<li>Sportfischer Fl\u00e4mingrand 1960 e.V.<\/li>\n<li>Kanusportverein Templin e.V.<\/li>\n<li>Spugg Osterhausen 1931<\/li>\n<li>SV BW 91 Bad Frankenhausen<\/li>\n<li>SV Badra e.V.<\/li>\n<li>Aerobic St\u00fctzpunkt Halle e.V.<\/li>\n<li>SV Preu\u00dfen Frankfurt (O.) e.V.<\/li>\n<li>Sch\u00fctzenverein Wangen \/ U e.V.<\/li>\n<li>SV Gr\u00fcn-Wei\u00df Strau\u00dffurt<\/li>\n<li>SpVgg Spielvereinigung Knappensee e.V.<\/li>\n<li>SV Preu\u00dfen B.L. Sharks<\/li>\n<li>Tanzstudio Leuna Merseburg e.V.<\/li>\n<li>SG Turbine Vockerode e.V.<\/li>\n<li>Ruderverein Wolgast e.V.<\/li>\n<li>SV Germania 08 Wartenburg e.V.<\/li>\n<li>TSV 1893 Gro\u00dfkorbetha e.V.<\/li>\n<li>SKC Gr\u00fcn Wei\u00df Taucha<\/li>\n<li>BSG Aktivist Menteroda e.V.<\/li>\n<li>TSV Geyer Abt. Fu\u00dfball<\/li>\n<li>SV Germania Hergisdorf<\/li>\n<li>SV 1997 Kurtschlag e.V.<\/li>\n<li>LSG 80 Oberheldrungen<\/li>\n<li>FC An der Fahner H\u00f6he e.V.<\/li>\n<li>TC Markkleeberg e.V.<\/li>\n<li>SV Concordia Riethnordhausen<\/li>\n<li>SG ZW Karsdorf e.V.<\/li>\n<li>SV Am Ettersberg e.V.<\/li>\n<li>Kraftsportverein Heiligenstadt 2003 e.V.<\/li>\n<li>SV Eintracht Ifta e.V.<\/li>\n<li>Tao Te Weimarer Land e.V.<\/li>\n<li>SV Empor Erfurt e.V.<\/li>\n<li>SG Blau-Wei\u00df Bockelhagen e.V.<\/li>\n<li>SV Union Friemar e.V.<\/li>\n<\/ul>\n<\/div><\/div><\/div><\/div><\/div>[\/vc_column][\/vc_row][\/vc_section][vc_row row_padding=&#8221;vpt-7 vpb-7&#8243;][vc_column col_sticky=&#8221;&#8221; offset=&#8221;vc_col-md-offset-1 vc_col-md-10&#8243;]<div class=\"vmb-3 wpb_content_element\" ><div class=\"simple-slider keen-slider\"><div class=\"simple-slider__item keen-slider__slide\"><img loading=\"lazy\" decoding=\"async\" src=\"https:\/\/www.thormontagen.de\/wp-content\/uploads\/Banner_TCM-Tennis-Club-Markleeberg_210902-1024x576.jpg\" srcset=\"https:\/\/www.thormontagen.de\/wp-content\/uploads\/Banner_TCM-Tennis-Club-Markleeberg_210902-1024x576.jpg 1024w, https:\/\/www.thormontagen.de\/wp-content\/uploads\/Banner_TCM-Tennis-Club-Markleeberg_210902-300x169.jpg 300w, https:\/\/www.thormontagen.de\/wp-content\/uploads\/Banner_TCM-Tennis-Club-Markleeberg_210902-768x432.jpg 768w, https:\/\/www.thormontagen.de\/wp-content\/uploads\/Banner_TCM-Tennis-Club-Markleeberg_210902-1536x864.jpg 1536w, https:\/\/www.thormontagen.de\/wp-content\/uploads\/Banner_TCM-Tennis-Club-Markleeberg_210902-2048x1152.jpg 2048w, https:\/\/www.thormontagen.de\/wp-content\/uploads\/Banner_TCM-Tennis-Club-Markleeberg_210902.jpg 2000w\" width=\"1024\" height=\"576\" alt=\"\"><\/div><div class=\"simple-slider__item keen-slider__slide\"><img loading=\"lazy\" decoding=\"async\" src=\"https:\/\/www.thormontagen.de\/wp-content\/uploads\/BSG-Aktivist-Menteroda-1024x576.jpg\" srcset=\"https:\/\/www.thormontagen.de\/wp-content\/uploads\/BSG-Aktivist-Menteroda-1024x576.jpg 1024w, https:\/\/www.thormontagen.de\/wp-content\/uploads\/BSG-Aktivist-Menteroda-300x169.jpg 300w, https:\/\/www.thormontagen.de\/wp-content\/uploads\/BSG-Aktivist-Menteroda-768x432.jpg 768w, https:\/\/www.thormontagen.de\/wp-content\/uploads\/BSG-Aktivist-Menteroda-1536x864.jpg 1536w, https:\/\/www.thormontagen.de\/wp-content\/uploads\/BSG-Aktivist-Menteroda-2048x1152.jpg 2048w, https:\/\/www.thormontagen.de\/wp-content\/uploads\/BSG-Aktivist-Menteroda.jpg 2000w\" width=\"1024\" height=\"576\" alt=\"\"><\/div><div class=\"simple-slider__item keen-slider__slide\"><img loading=\"lazy\" decoding=\"async\" src=\"https:\/\/www.thormontagen.de\/wp-content\/uploads\/FFW-Gebesee-1-1024x576.jpg\" srcset=\"https:\/\/www.thormontagen.de\/wp-content\/uploads\/FFW-Gebesee-1-1024x576.jpg 1024w, https:\/\/www.thormontagen.de\/wp-content\/uploads\/FFW-Gebesee-1-300x169.jpg 300w, https:\/\/www.thormontagen.de\/wp-content\/uploads\/FFW-Gebesee-1-768x432.jpg 768w, https:\/\/www.thormontagen.de\/wp-content\/uploads\/FFW-Gebesee-1-1536x864.jpg 1536w, https:\/\/www.thormontagen.de\/wp-content\/uploads\/FFW-Gebesee-1-2048x1152.jpg 2048w, https:\/\/www.thormontagen.de\/wp-content\/uploads\/FFW-Gebesee-1.jpg 2000w\" width=\"1024\" height=\"576\" alt=\"\"><\/div><div class=\"simple-slider__item keen-slider__slide\"><img loading=\"lazy\" decoding=\"async\" src=\"https:\/\/www.thormontagen.de\/wp-content\/uploads\/GCC-Garde-1-1024x576.jpg\" srcset=\"https:\/\/www.thormontagen.de\/wp-content\/uploads\/GCC-Garde-1-1024x576.jpg 1024w, https:\/\/www.thormontagen.de\/wp-content\/uploads\/GCC-Garde-1-300x169.jpg 300w, https:\/\/www.thormontagen.de\/wp-content\/uploads\/GCC-Garde-1-768x432.jpg 768w, https:\/\/www.thormontagen.de\/wp-content\/uploads\/GCC-Garde-1-1536x864.jpg 1536w, https:\/\/www.thormontagen.de\/wp-content\/uploads\/GCC-Garde-1-2048x1152.jpg 2048w, https:\/\/www.thormontagen.de\/wp-content\/uploads\/GCC-Garde-1.jpg 2000w\" width=\"1024\" height=\"576\" alt=\"\"><\/div><div class=\"simple-slider__item keen-slider__slide\"><img loading=\"lazy\" decoding=\"async\" src=\"https:\/\/www.thormontagen.de\/wp-content\/uploads\/GCC-Maennerballett-1-1024x576.jpg\" srcset=\"https:\/\/www.thormontagen.de\/wp-content\/uploads\/GCC-Maennerballett-1-1024x576.jpg 1024w, https:\/\/www.thormontagen.de\/wp-content\/uploads\/GCC-Maennerballett-1-300x169.jpg 300w, https:\/\/www.thormontagen.de\/wp-content\/uploads\/GCC-Maennerballett-1-768x432.jpg 768w, https:\/\/www.thormontagen.de\/wp-content\/uploads\/GCC-Maennerballett-1-1536x864.jpg 1536w, https:\/\/www.thormontagen.de\/wp-content\/uploads\/GCC-Maennerballett-1-2048x1152.jpg 2048w, https:\/\/www.thormontagen.de\/wp-content\/uploads\/GCC-Maennerballett-1.jpg 2000w\" width=\"1024\" height=\"576\" alt=\"\"><\/div><div class=\"simple-slider__item keen-slider__slide\"><img loading=\"lazy\" decoding=\"async\" src=\"https:\/\/www.thormontagen.de\/wp-content\/uploads\/IMG-20200912-WA0001-1024x576.jpg\" srcset=\"https:\/\/www.thormontagen.de\/wp-content\/uploads\/IMG-20200912-WA0001-1024x576.jpg 1024w, https:\/\/www.thormontagen.de\/wp-content\/uploads\/IMG-20200912-WA0001-300x169.jpg 300w, https:\/\/www.thormontagen.de\/wp-content\/uploads\/IMG-20200912-WA0001-768x432.jpg 768w, https:\/\/www.thormontagen.de\/wp-content\/uploads\/IMG-20200912-WA0001-1536x864.jpg 1536w, https:\/\/www.thormontagen.de\/wp-content\/uploads\/IMG-20200912-WA0001-2048x1152.jpg 2048w\" width=\"1024\" height=\"576\" alt=\"\"><\/div><div class=\"simple-slider__item keen-slider__slide\"><img loading=\"lazy\" decoding=\"async\" src=\"https:\/\/www.thormontagen.de\/wp-content\/uploads\/SG-ZW-Karsdorf-e.V-1024x576.jpg\" srcset=\"https:\/\/www.thormontagen.de\/wp-content\/uploads\/SG-ZW-Karsdorf-e.V-1024x576.jpg 1024w, https:\/\/www.thormontagen.de\/wp-content\/uploads\/SG-ZW-Karsdorf-e.V-300x169.jpg 300w, https:\/\/www.thormontagen.de\/wp-content\/uploads\/SG-ZW-Karsdorf-e.V-768x432.jpg 768w, https:\/\/www.thormontagen.de\/wp-content\/uploads\/SG-ZW-Karsdorf-e.V-1536x864.jpg 1536w, https:\/\/www.thormontagen.de\/wp-content\/uploads\/SG-ZW-Karsdorf-e.V-2048x1152.jpg 2048w, https:\/\/www.thormontagen.de\/wp-content\/uploads\/SG-ZW-Karsdorf-e.V.jpg 2000w\" width=\"1024\" height=\"576\" alt=\"\"><\/div><div class=\"simple-slider__item keen-slider__slide\"><img loading=\"lazy\" decoding=\"async\" src=\"https:\/\/www.thormontagen.de\/wp-content\/uploads\/THOR_Vereinssponsoring_bsg_aktivist_menteroda-1-1024x576.jpg\" srcset=\"https:\/\/www.thormontagen.de\/wp-content\/uploads\/THOR_Vereinssponsoring_bsg_aktivist_menteroda-1-1024x576.jpg 1024w, https:\/\/www.thormontagen.de\/wp-content\/uploads\/THOR_Vereinssponsoring_bsg_aktivist_menteroda-1-300x169.jpg 300w, https:\/\/www.thormontagen.de\/wp-content\/uploads\/THOR_Vereinssponsoring_bsg_aktivist_menteroda-1-768x432.jpg 768w, https:\/\/www.thormontagen.de\/wp-content\/uploads\/THOR_Vereinssponsoring_bsg_aktivist_menteroda-1-1536x864.jpg 1536w, https:\/\/www.thormontagen.de\/wp-content\/uploads\/THOR_Vereinssponsoring_bsg_aktivist_menteroda-1-2048x1152.jpg 2048w, https:\/\/www.thormontagen.de\/wp-content\/uploads\/THOR_Vereinssponsoring_bsg_aktivist_menteroda-1.jpg 2000w\" width=\"1024\" height=\"576\" alt=\"\"><\/div><div class=\"simple-slider__item keen-slider__slide\"><img loading=\"lazy\" decoding=\"async\" src=\"https:\/\/www.thormontagen.de\/wp-content\/uploads\/THOR_Vereinssponsoring_frauensportgruppe_saxonia_1920-1-1024x576.jpg\" srcset=\"https:\/\/www.thormontagen.de\/wp-content\/uploads\/THOR_Vereinssponsoring_frauensportgruppe_saxonia_1920-1-1024x576.jpg 1024w, https:\/\/www.thormontagen.de\/wp-content\/uploads\/THOR_Vereinssponsoring_frauensportgruppe_saxonia_1920-1-300x169.jpg 300w, https:\/\/www.thormontagen.de\/wp-content\/uploads\/THOR_Vereinssponsoring_frauensportgruppe_saxonia_1920-1-768x432.jpg 768w, https:\/\/www.thormontagen.de\/wp-content\/uploads\/THOR_Vereinssponsoring_frauensportgruppe_saxonia_1920-1-1536x864.jpg 1536w, https:\/\/www.thormontagen.de\/wp-content\/uploads\/THOR_Vereinssponsoring_frauensportgruppe_saxonia_1920-1-2048x1152.jpg 2048w\" width=\"1024\" height=\"576\" alt=\"\"><\/div><div class=\"simple-slider__item keen-slider__slide\"><img loading=\"lazy\" decoding=\"async\" src=\"https:\/\/www.thormontagen.de\/wp-content\/uploads\/THOR_Vereinssponsoring_spvgg_olympia_kassel-1-1024x576.jpg\" srcset=\"https:\/\/www.thormontagen.de\/wp-content\/uploads\/THOR_Vereinssponsoring_spvgg_olympia_kassel-1-1024x576.jpg 1024w, https:\/\/www.thormontagen.de\/wp-content\/uploads\/THOR_Vereinssponsoring_spvgg_olympia_kassel-1-300x169.jpg 300w, https:\/\/www.thormontagen.de\/wp-content\/uploads\/THOR_Vereinssponsoring_spvgg_olympia_kassel-1-768x432.jpg 768w, https:\/\/www.thormontagen.de\/wp-content\/uploads\/THOR_Vereinssponsoring_spvgg_olympia_kassel-1-1536x864.jpg 1536w, https:\/\/www.thormontagen.de\/wp-content\/uploads\/THOR_Vereinssponsoring_spvgg_olympia_kassel-1-2048x1152.jpg 2048w\" width=\"1024\" height=\"576\" alt=\"\"><\/div><div class=\"simple-slider__item keen-slider__slide\"><img loading=\"lazy\" decoding=\"async\" src=\"https:\/\/www.thormontagen.de\/wp-content\/uploads\/THOR_Vereinssponsoring_sv_91_badfrankenhausen-1-1024x576.jpg\" srcset=\"https:\/\/www.thormontagen.de\/wp-content\/uploads\/THOR_Vereinssponsoring_sv_91_badfrankenhausen-1-1024x576.jpg 1024w, https:\/\/www.thormontagen.de\/wp-content\/uploads\/THOR_Vereinssponsoring_sv_91_badfrankenhausen-1-300x169.jpg 300w, https:\/\/www.thormontagen.de\/wp-content\/uploads\/THOR_Vereinssponsoring_sv_91_badfrankenhausen-1-768x432.jpg 768w, https:\/\/www.thormontagen.de\/wp-content\/uploads\/THOR_Vereinssponsoring_sv_91_badfrankenhausen-1-1536x864.jpg 1536w, https:\/\/www.thormontagen.de\/wp-content\/uploads\/THOR_Vereinssponsoring_sv_91_badfrankenhausen-1-2048x1152.jpg 2048w\" width=\"1024\" height=\"576\" alt=\"\"><\/div><div class=\"simple-slider__item keen-slider__slide\"><img loading=\"lazy\" decoding=\"async\" src=\"https:\/\/www.thormontagen.de\/wp-content\/uploads\/THOR_Vereinssponsoring_sv_blau-weiss_troebitz-1-1024x576.jpg\" srcset=\"https:\/\/www.thormontagen.de\/wp-content\/uploads\/THOR_Vereinssponsoring_sv_blau-weiss_troebitz-1-1024x576.jpg 1024w, https:\/\/www.thormontagen.de\/wp-content\/uploads\/THOR_Vereinssponsoring_sv_blau-weiss_troebitz-1-300x169.jpg 300w, https:\/\/www.thormontagen.de\/wp-content\/uploads\/THOR_Vereinssponsoring_sv_blau-weiss_troebitz-1-768x432.jpg 768w, https:\/\/www.thormontagen.de\/wp-content\/uploads\/THOR_Vereinssponsoring_sv_blau-weiss_troebitz-1-1536x864.jpg 1536w, https:\/\/www.thormontagen.de\/wp-content\/uploads\/THOR_Vereinssponsoring_sv_blau-weiss_troebitz-1-2048x1152.jpg 2048w, https:\/\/www.thormontagen.de\/wp-content\/uploads\/THOR_Vereinssponsoring_sv_blau-weiss_troebitz-1.jpg 2000w\" width=\"1024\" height=\"576\" alt=\"\"><\/div><div class=\"simple-slider__item keen-slider__slide\"><img loading=\"lazy\" decoding=\"async\" src=\"https:\/\/www.thormontagen.de\/wp-content\/uploads\/TSV-Eintracht-Luetzen_G-Jugend-1024x576.jpg\" srcset=\"https:\/\/www.thormontagen.de\/wp-content\/uploads\/TSV-Eintracht-Luetzen_G-Jugend-1024x576.jpg 1024w, https:\/\/www.thormontagen.de\/wp-content\/uploads\/TSV-Eintracht-Luetzen_G-Jugend-300x169.jpg 300w, https:\/\/www.thormontagen.de\/wp-content\/uploads\/TSV-Eintracht-Luetzen_G-Jugend-768x432.jpg 768w, https:\/\/www.thormontagen.de\/wp-content\/uploads\/TSV-Eintracht-Luetzen_G-Jugend-1536x864.jpg 1536w, https:\/\/www.thormontagen.de\/wp-content\/uploads\/TSV-Eintracht-Luetzen_G-Jugend-2048x1152.jpg 2048w, https:\/\/www.thormontagen.de\/wp-content\/uploads\/TSV-Eintracht-Luetzen_G-Jugend.jpg 2000w\" width=\"1024\" height=\"576\" alt=\"\"><\/div><div class=\"simple-slider__item keen-slider__slide\"><img loading=\"lazy\" decoding=\"async\" src=\"https:\/\/www.thormontagen.de\/wp-content\/uploads\/TSV-Eintracht-Luetzen_Maedchen-1024x576.jpg\" srcset=\"https:\/\/www.thormontagen.de\/wp-content\/uploads\/TSV-Eintracht-Luetzen_Maedchen-1024x576.jpg 1024w, https:\/\/www.thormontagen.de\/wp-content\/uploads\/TSV-Eintracht-Luetzen_Maedchen-300x169.jpg 300w, https:\/\/www.thormontagen.de\/wp-content\/uploads\/TSV-Eintracht-Luetzen_Maedchen-768x432.jpg 768w, https:\/\/www.thormontagen.de\/wp-content\/uploads\/TSV-Eintracht-Luetzen_Maedchen-1536x864.jpg 1536w, https:\/\/www.thormontagen.de\/wp-content\/uploads\/TSV-Eintracht-Luetzen_Maedchen-2048x1152.jpg 2048w, https:\/\/www.thormontagen.de\/wp-content\/uploads\/TSV-Eintracht-Luetzen_Maedchen.jpg 2000w\" width=\"1024\" height=\"576\" alt=\"\"><\/div><\/div><\/div>[\/vc_column][\/vc_row]<\/p>\n<\/div>","protected":false},"excerpt":{"rendered":"<p>[vc_section][vc_row row_padding=&#8221;&#8221;][vc_column][\/vc_column][\/vc_row][\/vc_section][vc_section row_padding=&#8221;vpt-7 vpb-7&#8243;][vc_row row_padding=&#8221;&#8221;][vc_column width=&#8221;5\/6&#8243; col_sticky=&#8221;&#8221; offset=&#8221;vc_col-lg-7 vc_col-md-offset-2 vc_col-md-8 vc_col-sm-offset-1&#8243;][vc_column_text] Jako firma z Turyngii, THOR jest zaanga\u017cowany we wspieranie regionalnych stowarzysze\u0144 oraz jako \u2026<\/p>\n","protected":false},"author":8,"featured_media":0,"parent":7808,"menu_order":2,"comment_status":"closed","ping_status":"closed","template":"","meta":{"_acf_changed":false,"inline_featured_image":false,"footnotes":""},"class_list":["post-24924","page","type-page","status-publish","hentry"],"acf":[],"_links":{"self":[{"href":"https:\/\/www.thormontagen.de\/pl\/wp-json\/wp\/v2\/pages\/24924","targetHints":{"allow":["GET"]}}],"collection":[{"href":"https:\/\/www.thormontagen.de\/pl\/wp-json\/wp\/v2\/pages"}],"about":[{"href":"https:\/\/www.thormontagen.de\/pl\/wp-json\/wp\/v2\/types\/page"}],"author":[{"embeddable":true,"href":"https:\/\/www.thormontagen.de\/pl\/wp-json\/wp\/v2\/users\/8"}],"replies":[{"embeddable":true,"href":"https:\/\/www.thormontagen.de\/pl\/wp-json\/wp\/v2\/comments?post=24924"}],"version-history":[{"count":5,"href":"https:\/\/www.thormontagen.de\/pl\/wp-json\/wp\/v2\/pages\/24924\/revisions"}],"predecessor-version":[{"id":25558,"href":"https:\/\/www.thormontagen.de\/pl\/wp-json\/wp\/v2\/pages\/24924\/revisions\/25558"}],"up":[{"embeddable":true,"href":"https:\/\/www.thormontagen.de\/pl\/wp-json\/wp\/v2\/pages\/7808"}],"wp:attachment":[{"href":"https:\/\/www.thormontagen.de\/pl\/wp-json\/wp\/v2\/media?parent=24924"}],"curies":[{"name":"wp","href":"https:\/\/api.w.org\/{rel}","templated":true}]}}