{"id":25293,"date":"2024-06-26T15:42:29","date_gmt":"2024-06-26T15:42:29","guid":{"rendered":"https:\/\/www.thormontagen.de\/monterzy\/technologia-wind\/"},"modified":"2024-09-19T14:58:30","modified_gmt":"2024-09-19T14:58:30","slug":"technologia-wind","status":"publish","type":"page","link":"https:\/\/www.thormontagen.de\/pl\/monterzy\/technologia-wind\/","title":{"rendered":"Technologia wind i konstrukcje metalowe"},"content":{"rendered":"<div class=\"wpb-content-wrapper\"><p>[vc_section row_padding=&#8221;custom&#8221; row_padding_bottom=&#8221;vpb-7&#8243;][vc_row row_padding=&#8221;&#8221;][vc_column]<div class=\" vmb-3  wpb_content_element\" ><div class=\"hero hero--c\"><div class=\"hero__content\"><div class=\"hero__title\"><p class=\"heading--subtitle\">Najlepsza osoba<\/p><h1>Specjali\u015bci w bran\u017cy wind i konstrukcji metalowych od THOR<\/h1><\/div><ul class=\"hero__bullets icon-list icon-list--check-circle\"><li>Wyspecjalizowany monter, brygadzista lub do\u015bwiadczony zesp\u00f3\u0142 monta\u017cowy<br \/><\/li>\n<li>Wysokiej jako\u015bci sprz\u0119t narz\u0119dziowy i maszynowy<br \/><\/li>\n<li>Praca na terenie ca\u0142ych Niemiec, przejazdy naszymi pojazdami firmowymi<\/li><\/ul><div class=\"hero__text\"><p>Planujesz nowy projekt budowlany? Wspieramy Ci\u0119 w technologii windowej z najlepszymi specjalistami spe\u0142niaj\u0105cymi Twoje wymagania.<\/p>\n<\/div><div class=\"hero__buttons\"><a href=\"https:\/\/www.thormontagen.de\/pl\/monterzy\/technologia-wind\/#anfrage\" target=\"\" title=\"\" class=\"btn--full btn--primary btn--sm hero__btn \">Zapytaj o specjalist\u00f3w ju\u017c teraz<\/a><\/div><\/div><div class=\"hero__images\"><div class=\"hero__img hero__img--1\"><img decoding=\"async\" src=\"https:\/\/www.thormontagen.de\/wp-content\/uploads\/THOR_Monteure_Aufzugsmontage_Metallbau_Header_1-1024x683.jpg\" srcset=\"https:\/\/www.thormontagen.de\/wp-content\/uploads\/THOR_Monteure_Aufzugsmontage_Metallbau_Header_1-300x200.jpg 300w, https:\/\/www.thormontagen.de\/wp-content\/uploads\/THOR_Monteure_Aufzugsmontage_Metallbau_Header_1-1024x683.jpg 1024w, https:\/\/www.thormontagen.de\/wp-content\/uploads\/THOR_Monteure_Aufzugsmontage_Metallbau_Header_1-768x512.jpg 768w, https:\/\/www.thormontagen.de\/wp-content\/uploads\/THOR_Monteure_Aufzugsmontage_Metallbau_Header_1-1536x1024.jpg 1536w, https:\/\/www.thormontagen.de\/wp-content\/uploads\/THOR_Monteure_Aufzugsmontage_Metallbau_Header_1-2048x1365.jpg 2048w, https:\/\/www.thormontagen.de\/wp-content\/uploads\/THOR_Monteure_Aufzugsmontage_Metallbau_Header_1.jpg 2000w\" alt=\"\" \/><\/div><div class=\"hero__img hero__img--2\"><img decoding=\"async\" src=\"https:\/\/www.thormontagen.de\/wp-content\/uploads\/THOR_Monteure_Aufzugsmontage_Metallbau_Header_2-1024x683.jpg\" srcset=\"https:\/\/www.thormontagen.de\/wp-content\/uploads\/THOR_Monteure_Aufzugsmontage_Metallbau_Header_2-300x200.jpg 300w, https:\/\/www.thormontagen.de\/wp-content\/uploads\/THOR_Monteure_Aufzugsmontage_Metallbau_Header_2-1024x683.jpg 1024w, https:\/\/www.thormontagen.de\/wp-content\/uploads\/THOR_Monteure_Aufzugsmontage_Metallbau_Header_2-768x512.jpg 768w, https:\/\/www.thormontagen.de\/wp-content\/uploads\/THOR_Monteure_Aufzugsmontage_Metallbau_Header_2-1536x1025.jpg 1536w, https:\/\/www.thormontagen.de\/wp-content\/uploads\/THOR_Monteure_Aufzugsmontage_Metallbau_Header_2-2048x1366.jpg 2048w\" alt=\"\" \/><\/div><\/div><\/div><\/div><\/div>[\/vc_column][\/vc_row][\/vc_section][vc_section row_padding=&#8221;vpt-7 vpb-7&#8243;][vc_row row_padding=&#8221;custom&#8221; row_padding_bottom=&#8221;vpb-3&#8243;][vc_column width=&#8221;2\/3&#8243; col_sticky=&#8221;&#8221; offset=&#8221;vc_col-lg-6 vc_col-md-7 vc_col-sm-offset-2&#8243;]<div class=\"wpb_content_element\" ><div class=\"heading heading--h2\"><p class=\"heading--subtitle \" >Specjali\u015bci w danej dziedzinie<\/p><h2 class=\"heading  heading--subtitle-top \" >Obszary zastosowa\u0144 w technologii wind i konstrukcjach metalowych<\/h2><\/div><\/div>[vc_column_text elem_margin_bottom=&#8221;&#8221;]Nasi monterzy s\u0105 wykwalifikowani i optymalnie przygotowani do wykonywania zada\u0144 w swojej bran\u017cy. Mog\u0105 oni zapewni\u0107 niezale\u017cne i w pe\u0142ni wyposa\u017cone wsparcie w tych obszarach zastosowa\u0144:[\/vc_column_text][\/vc_column][\/vc_row][vc_row row_padding=&#8221;custom&#8221; row_padding_bottom=&#8221;vpb-7&#8243;][vc_column width=&#8221;5\/6&#8243; col_sticky=&#8221;&#8221; offset=&#8221;vc_col-sm-offset-2&#8243;]<div class=\"vmb-3 wpb_content_element\" ><div class=\"icons\"><div class=\"icons__item\"><div class=\"icons__img\"><img loading=\"lazy\" decoding=\"async\" src=\"https:\/\/www.thormontagen.de\/wp-content\/uploads\/Icon_Wohnungsbau.svg\" srcset=\"\" alt=\"Wohnungsbau\" width=\"768\" height=\"768\" \/><\/div><p class=\"icons__caption\">Wohnungsbau<\/p><\/div><div class=\"icons__item\"><div class=\"icons__img\"><img loading=\"lazy\" decoding=\"async\" src=\"https:\/\/www.thormontagen.de\/wp-content\/uploads\/Icon_Einzelhandel.svg\" srcset=\"\" alt=\"Einzelhandel\" width=\"768\" height=\"768\" \/><\/div><p class=\"icons__caption\">Einzelhandel<\/p><\/div><div class=\"icons__item\"><div class=\"icons__img\"><img loading=\"lazy\" decoding=\"async\" src=\"https:\/\/www.thormontagen.de\/wp-content\/uploads\/Icon_Krankenhaeuser.svg\" srcset=\"\" alt=\"Krankenh\u00e4user\" width=\"768\" height=\"768\" \/><\/div><p class=\"icons__caption\">Krankenh\u00e4user<\/p><\/div><\/div><\/div>[\/vc_column][\/vc_row][vc_row row_padding=&#8221;&#8221;][vc_column width=&#8221;5\/6&#8243; col_sticky=&#8221;&#8221; offset=&#8221;vc_col-sm-offset-2&#8243;]<div class=\"vmb-3 wpb_content_element\" ><div class=\"cards grid-2\"><div class=\"card card--simple\" ><div class=\"card__thumbnail\"><img loading=\"lazy\" decoding=\"async\" src=\"https:\/\/www.thormontagen.de\/wp-content\/uploads\/THOR_Monteure_Aufzugsmontage_Metallbau_Aufzugsmontage-768x512.jpg\" srcset=\"https:\/\/www.thormontagen.de\/wp-content\/uploads\/THOR_Monteure_Aufzugsmontage_Metallbau_Aufzugsmontage-768x512.jpg 768w, https:\/\/www.thormontagen.de\/wp-content\/uploads\/THOR_Monteure_Aufzugsmontage_Metallbau_Aufzugsmontage-300x200.jpg 300w, https:\/\/www.thormontagen.de\/wp-content\/uploads\/THOR_Monteure_Aufzugsmontage_Metallbau_Aufzugsmontage-1024x683.jpg 1024w, https:\/\/www.thormontagen.de\/wp-content\/uploads\/THOR_Monteure_Aufzugsmontage_Metallbau_Aufzugsmontage-1536x1025.jpg 1536w, https:\/\/www.thormontagen.de\/wp-content\/uploads\/THOR_Monteure_Aufzugsmontage_Metallbau_Aufzugsmontage-2048x1366.jpg 2048w, https:\/\/www.thormontagen.de\/wp-content\/uploads\/THOR_Monteure_Aufzugsmontage_Metallbau_Aufzugsmontage.jpg 2000w\" alt=\"\" width=\"768\" height=\"512\" \/><\/div><p class=\"card__title \">Monteure f\u00fcr Aufzugsmontage<\/p><ul class=\"card__text card__text--list icon-list icon-list--arrow  icon-list--small\"><li>Montage von Seil- und Hydraulikaufz\u00fcgen aller Art<\/li>\n<li>Montage einzelner Aufzugskomponenten, Lotung von Aufzugssch\u00e4chten, Kontrolle der Verdrahtungen sowie der Einbau von Schienen, Schachtt\u00fcren und Kabinen<\/li>\n<li>Instandhaltungsma\u00dfnahmen, Reparaturen und St\u00f6rungsbeseitigungen von bestehenden Anlagen<\/li><\/ul><\/div><div class=\"card card--simple\" ><div class=\"card__thumbnail\"><img loading=\"lazy\" decoding=\"async\" src=\"https:\/\/www.thormontagen.de\/wp-content\/uploads\/THOR_Monteure_Aufzugsmontage_Metallbau_Schlosserarbeiten-768x1152.jpg\" srcset=\"https:\/\/www.thormontagen.de\/wp-content\/uploads\/THOR_Monteure_Aufzugsmontage_Metallbau_Schlosserarbeiten-768x1152.jpg 768w, https:\/\/www.thormontagen.de\/wp-content\/uploads\/THOR_Monteure_Aufzugsmontage_Metallbau_Schlosserarbeiten-200x300.jpg 200w, https:\/\/www.thormontagen.de\/wp-content\/uploads\/THOR_Monteure_Aufzugsmontage_Metallbau_Schlosserarbeiten-683x1024.jpg 683w, https:\/\/www.thormontagen.de\/wp-content\/uploads\/THOR_Monteure_Aufzugsmontage_Metallbau_Schlosserarbeiten-1024x1536.jpg 1024w, https:\/\/www.thormontagen.de\/wp-content\/uploads\/THOR_Monteure_Aufzugsmontage_Metallbau_Schlosserarbeiten-1365x2048.jpg 1365w\" alt=\"\" width=\"768\" height=\"1152\" \/><\/div><p class=\"card__title \">Monteure f\u00fcr Schlosserarbeiten<\/p><ul class=\"card__text card__text--list icon-list icon-list--arrow  icon-list--small\"><li>Stahlbaumontagen<\/li>\n<li>Bauschlosserarbeiten<\/li>\n<li>Blechverarbeitung und Blechschlosserarbeiten<\/li>\n<li>Fenster- und T\u00fcrenbau<\/li>\n<li>Fassadenmontage<\/li>\n<li>Treppen- und Gel\u00e4nderbau<\/li>\n<li>Regal- und Leichtmetallbau<\/li>\n<li>allgemeine Montage- und Demontaget\u00e4tigkeiten<\/li><\/ul><\/div><\/a><\/div>[\/vc_column][\/vc_row][\/vc_section][vc_section row_padding=&#8221;vpt-7 vpb-7&#8243;][vc_row row_padding=&#8221;custom&#8221; row_padding_bottom=&#8221;vpb-3&#8243;][vc_column]<div class=\"vmb-3 wpb_content_element\" ><div class=\"heading heading--h2\"><p class=\"heading--subtitle heading--center\" >Korzy\u015bci dla ciebie<\/p><h2 class=\"heading  heading--subtitle-top heading--center\" >THORianie mog\u0105 wi\u0119cej<\/h2><\/div><\/div>[\/vc_column][\/vc_row][vc_row row_padding=&#8221;custom&#8221; row_padding_bottom=&#8221;vpb-5&#8243;][vc_column width=&#8221;1\/3&#8243;]<div class=\"wpb_content_element vmb-3 wpb_content_element\" ><div class=\"feature \"><h3 class=\"feature__heading color--wave\"><span class=\"feature__icon feature__icon--69e225ad14fee \"><\/span>Dopasowanie do wymaga\u0144 projektu i kwalifikacja<\/h3><div class=\"feature__content\"><p>Specjalista od instalacji, brygadzista czy ca\u0142y zgrany zesp\u00f3\u0142 monta\u017cowy &#8211; 1000 monter\u00f3w jest gotowych do pomocy. Szkolimy naszych pracownik\u00f3w w Akademii THOR specjalnie pod k\u0105tem wymaga\u0144 danego projektu budowlanego, aby zapewni\u0107 mo\u017cliwie najlepsze przygotowanie.<\/p>\n<\/div><\/div><\/div>[\/vc_column][vc_column width=&#8221;1\/3&#8243;]<div class=\"wpb_content_element vmb-3 wpb_content_element\" ><div class=\"feature \"><h3 class=\"feature__heading color--wave\"><span class=\"feature__icon feature__icon--69e225ad1512e \"><\/span>Profesjonalny sprz\u0119t<\/h3><div class=\"feature__content\"><p>Dzi\u0119ki wysokiej jako\u015bci narz\u0119dziom i maszynom wspieramy sprawne funkcjonowanie projektu budowlanego. Zajmujemy si\u0119 r\u00f3wnie\u017c kontrol\u0105 i zarz\u0105dzaniem konserwacj\u0105.<\/p>\n<\/div><\/div><\/div>[\/vc_column][vc_column width=&#8221;1\/3&#8243;]<div class=\"wpb_content_element vmb-3 wpb_content_element\" ><div class=\"feature \"><h3 class=\"feature__heading color--wave\"><span class=\"feature__icon feature__icon--69e225ad15241 \"><\/span>Mobilno\u015b\u0107 i logistyka<\/h3><div class=\"feature__content\"><p>Nasi specjali\u015bci ds. monta\u017cu przyje\u017cd\u017caj\u0105 bezpo\u015brednio na plac budowy naszymi pojazdami s\u0142u\u017cbowymi. Ponosimy koszty tankowania i zajmujemy si\u0119 konserwacj\u0105 i zarz\u0105dzaniem us\u0142ugami. Organizujemy r\u00f3wnie\u017c zakwaterowanie w miejscu zlecenia.<\/p>\n<\/div><\/div><\/div>[\/vc_column][\/vc_row][vc_row content_placement=&#8221;middle&#8221; row_padding=&#8221;custom&#8221; row_padding_bottom=&#8221;vpb-1&#8243;][vc_column width=&#8221;1\/3&#8243;][\/vc_column][vc_column width=&#8221;1\/3&#8243;]<div class=\"vmb-3 wpb_content_element\" ><div class=\"btn__wrapper btn__wrapper--center\"><a href=\"https:\/\/www.thormontagen.de\/pl\/monterzy\/technologia-wind\/#anfrage\" target=\"\" rel=\"\" title=\"\" class=\"btn--full btn--primary btn--sm\">Zapytaj o specjalist\u00f3w ju\u017c teraz<\/a><\/div><\/div>[\/vc_column][vc_column width=&#8221;1\/3&#8243;][\/vc_column][\/vc_row][\/vc_section][vc_row row_padding=&#8221;&#8221; row_maxwidth=&#8221;&#8221;][vc_column width=&#8221;5\/6&#8243; col_sticky=&#8221;&#8221;]<div class=\"vmb-3 wpb_content_element\" ><div class=\"html5-video\"><video autoplay loop muted playsinline><source src=\"https:\/\/www.thormontagen.de\/wp-content\/uploads\/THOR_Monteure_Aufzugsmontage_Metallbau.mp4\" type=\"video\/mp4\"><\/video><\/div><\/div>[\/vc_column][\/vc_row][vc_section row_padding=&#8221;vpt-7 vpb-7&#8243; row_bg_color=&#8221;bg&#8211;color&#8211;grey-1&#8243;][vc_row row_padding=&#8221;custom&#8221;][vc_column width=&#8221;1\/2&#8243; col_sticky=&#8221;&#8221;][vc_row_inner row_padding=&#8221;&#8221;][vc_column_inner width=&#8221;5\/6&#8243; offset=&#8221;vc_col-xs-10&#8243;][vc_single_image image=&#8221;17285&#8243; img_size=&#8221;1000&#215;700&#8243; elem_margin_bottom=&#8221;&#8221;][\/vc_column_inner][\/vc_row_inner][vc_row_inner row_padding=&#8221;custom&#8221; row_padding_bottom=&#8221;vpb-3&#8243;][vc_column_inner width=&#8221;2\/3&#8243; offset=&#8221;vc_col-sm-offset-4 vc_col-xs-offset-4 vc_col-xs-8&#8243;][vc_single_image image=&#8221;4712&#8243; img_size=&#8221;1000&#215;800&#8243; elem_margin_bottom=&#8221;&#8221;][\/vc_column_inner][\/vc_row_inner][\/vc_column][vc_column width=&#8221;1\/2&#8243; col_sticky=&#8221;&#8221; offset=&#8221;vc_col-md-offset-1 vc_col-md-5&#8243;]<div class=\"wpb_content_element\" ><div class=\"heading heading--h2\"><p class=\"heading--subtitle \" >Lepszy start dzi\u0119ki kwalifikacjom<\/p><h2 class=\"heading  heading--subtitle-top \" >Specjali\u015bci z Akademii THOR<\/h2><\/div><\/div>[vc_column_text]<\/p>\n<ul class=\"icon-list icon-list--check\">\n<li>Kursy podstawowe i rozszerzone dla poszczeg\u00f3lnych bran\u017c<\/li>\n<li>Kursy specjalistyczne i rozw\u00f3j w kierunku umiej\u0119tno\u015bci zarz\u0105dzania<\/li>\n<li>Indywidualne programy szkoleniowe dla naszych partner\u00f3w projektowych<\/li>\n<\/ul>\n<p><strong>Akademia THOR to centrum szkoleniowe i kwalifikacyjne dla bran\u017cy rzemios\u0142a. Dzi\u0119ki opracowanemu tutaj podej\u015bciu szkoleniowemu jeste\u015bmy zorientowani na wymagania rynku i kwalifikujemy naszych monter\u00f3w do ich zada\u0144 w zakresie monta\u017cu instalacji budowlanych.<\/strong><\/p>\n<p>Dla du\u017cych projekt\u00f3w naszych klient\u00f3w opracowujemy indywidualne programy szkoleniowe i kwalifikujemy monter\u00f3w zar\u00f3wno na stanowiskach szkoleniowych, jak i w realistycznych warunkach, takich jakie panuj\u0105 na placu budowy.[\/vc_column_text]<div class=\"vmb-3 wpb_content_element\" ><div class=\"btn__wrapper \"><a href=\"https:\/\/www.thormontagen.de\/pl\/akademia-thor\/\" target=\"\" rel=\"\" title=\"Akademia THOR\" class=\"btn--ghost btn--secondary btn--md\">Wi\u0119cej informacji na temat Akademii THOR<\/a><\/div><\/div>[\/vc_column][\/vc_row][\/vc_section][vc_row][vc_column]<div class=\"templatera_shortcode\"><section class=\"vc_section vpt-7 vpb-7\"><div class=\"vc_container vc_maxwidth \"><div class=\"vc_row wpb_row vc_row-fluid vpt-1 vpb-1\"><div class=\"wpb_column vc_column_container vc_col-sm-10 vc_col-sm-offset-2\"><div class=\"vc_column-inner\"><div class=\"wpb_wrapper\"><div class=\"vmb-3 wpb_content_element\" ><div class=\"heading heading--h2\"><p class=\"heading--subtitle \" >OPINIE KLIENT\u00d3W<\/p><h2 class=\"heading  heading--subtitle-top \" >Co m\u00f3wi\u0105 nasi klienci<\/h2><\/div><\/div><\/div><\/div><\/div><\/div><\/div><div class=\"vc_container vc_maxwidth \"><div class=\"vc_row wpb_row vc_row-fluid\"><div class=\"wpb_column vc_column_container vc_col-sm-12 vc_col-lg-offset-1 vc_col-lg-9 vc_col-md-offset-1 vc_col-md-10\"><div class=\"vc_column-inner\"><div class=\"wpb_wrapper\"><div class=\"vmb-3 wpb_content_element\" ><div class=\"testimonials keen-slider\"><div class=\"testimonials__item keen-slider__slide\"><div class=\"testimonials__image\"><img loading=\"lazy\" decoding=\"async\" src=\"https:\/\/www.thormontagen.de\/wp-content\/uploads\/Baustelle-Muass-Bau-Foto-1K.png\" srcset=\"https:\/\/www.thormontagen.de\/wp-content\/uploads\/Baustelle-Muass-Bau-Foto-1K.png 1000w, https:\/\/www.thormontagen.de\/wp-content\/uploads\/Baustelle-Muass-Bau-Foto-1K-300x300.png 300w, https:\/\/www.thormontagen.de\/wp-content\/uploads\/Baustelle-Muass-Bau-Foto-1K-150x150.png 150w, https:\/\/www.thormontagen.de\/wp-content\/uploads\/Baustelle-Muass-Bau-Foto-1K-768x768.png 768w\" alt=\"\" width=\"1000\" height=\"1000\" \/><\/div><div class=\"testimonials__content\"><div class=\"testimonials__quote\">Monter THOR Miros\u0142aw i jego zesp\u00f3\u0142 HSL imponuj\u0105 wysokim poziomem wiedzy technicznej, silnym poczuciem odpowiedzialno\u015bci oraz niezale\u017cnym i zorganizowanym sposobem pracy. Jest dla nas niezwykle niezawodn\u0105 osob\u0105 kontaktow\u0105 na placu budowy i znacz\u0105co przyczynia si\u0119 do sprawnego przebiegu procesu oraz odci\u0105\u017cenia kierownictwa budowy. <\/div><div class=\"testimonials__company\"><div class=\"testimonials__company__logo\"><img loading=\"lazy\" decoding=\"async\" src=\"https:\/\/www.thormontagen.de\/wp-content\/uploads\/Maus_Logo-150x150.webp\" srcset=\"https:\/\/www.thormontagen.de\/wp-content\/uploads\/Maus_Logo-300x247.webp 300w, https:\/\/www.thormontagen.de\/wp-content\/uploads\/Maus_Logo-1024x844.webp 1024w, https:\/\/www.thormontagen.de\/wp-content\/uploads\/Maus_Logo-768x633.webp 768w, https:\/\/www.thormontagen.de\/wp-content\/uploads\/Maus_Logo-1536x1266.webp 1536w, https:\/\/www.thormontagen.de\/wp-content\/uploads\/Maus_Logo-2048x1688.webp 2048w\" alt=\"\" width=\"150\" height=\"150\" \/><\/div><div class=\"testimonials__company__text\">Dominik Rascher, Mauss Haustechnik GmbH & Co. KG<br \/><\/div><\/div><\/div><\/div><div class=\"testimonials__item keen-slider__slide\"><div class=\"testimonials__image\"><img loading=\"lazy\" decoding=\"async\" src=\"https:\/\/www.thormontagen.de\/wp-content\/uploads\/Jannes_Lehmann_Kundenstimme_Kaeltech-1024x1024.png\" srcset=\"https:\/\/www.thormontagen.de\/wp-content\/uploads\/Jannes_Lehmann_Kundenstimme_Kaeltech-1024x1024.png 1024w, https:\/\/www.thormontagen.de\/wp-content\/uploads\/Jannes_Lehmann_Kundenstimme_Kaeltech-300x300.png 300w, https:\/\/www.thormontagen.de\/wp-content\/uploads\/Jannes_Lehmann_Kundenstimme_Kaeltech-150x150.png 150w, https:\/\/www.thormontagen.de\/wp-content\/uploads\/Jannes_Lehmann_Kundenstimme_Kaeltech-768x768.png 768w, https:\/\/www.thormontagen.de\/wp-content\/uploads\/Jannes_Lehmann_Kundenstimme_Kaeltech-1536x1536.png 1536w, https:\/\/www.thormontagen.de\/wp-content\/uploads\/Jannes_Lehmann_Kundenstimme_Kaeltech.png 2000w\" alt=\"\" width=\"1024\" height=\"1024\" \/><\/div><div class=\"testimonials__content\"><div class=\"testimonials__quote\">To, co naprawd\u0119 doceniamy w Thor, to p\u0142ynna i nieskomplikowana komunikacja ze sta\u0142\u0105 osob\u0105 kontaktow\u0105 w biurze oraz szybkie przetwarzanie zam\u00f3wie\u0144. Niezale\u017cnie od tego, czy chodzi o du\u017ce place budowy, czy klient\u00f3w prywatnych, monterzy Thor uzupe\u0142niaj\u0105 nasze zespo\u0142y o elastycznych, wykwalifikowanych i niezawodnych wsp\u00f3\u0142pracownik\u00f3w. <\/div><div class=\"testimonials__company\"><div class=\"testimonials__company__logo\"><img loading=\"lazy\" decoding=\"async\" src=\"https:\/\/www.thormontagen.de\/wp-content\/uploads\/Kaeltech_Logo-150x150.png\" srcset=\"https:\/\/www.thormontagen.de\/wp-content\/uploads\/Kaeltech_Logo-300x95.png 300w, https:\/\/www.thormontagen.de\/wp-content\/uploads\/Kaeltech_Logo-1024x325.png 1024w, https:\/\/www.thormontagen.de\/wp-content\/uploads\/Kaeltech_Logo-768x244.png 768w, https:\/\/www.thormontagen.de\/wp-content\/uploads\/Kaeltech_Logo-1536x487.png 1536w, https:\/\/www.thormontagen.de\/wp-content\/uploads\/Kaeltech_Logo-2048x650.png 2048w\" alt=\"\" width=\"150\" height=\"150\" \/><\/div><div class=\"testimonials__company__text\">Jannes Lehmann, K\u00e4ltech K\u00e4lte- und Klimatechnik GmbH<br \/><\/div><\/div><\/div><\/div><div class=\"testimonials__item keen-slider__slide\"><div class=\"testimonials__image\"><img loading=\"lazy\" decoding=\"async\" src=\"https:\/\/www.thormontagen.de\/wp-content\/uploads\/Kundenstimme_Guido_Schlueters.png\" srcset=\"https:\/\/www.thormontagen.de\/wp-content\/uploads\/Kundenstimme_Guido_Schlueters.png 876w, https:\/\/www.thormontagen.de\/wp-content\/uploads\/Kundenstimme_Guido_Schlueters-300x300.png 300w, https:\/\/www.thormontagen.de\/wp-content\/uploads\/Kundenstimme_Guido_Schlueters-150x150.png 150w, https:\/\/www.thormontagen.de\/wp-content\/uploads\/Kundenstimme_Guido_Schlueters-768x768.png 768w\" alt=\"\" width=\"876\" height=\"876\" \/><\/div><div class=\"testimonials__content\"><div class=\"testimonials__quote\">Najwi\u0119kszym wyzwaniem jest i pozostanie niedob\u00f3r wykwalifikowanej si\u0142y roboczej. My\u015bl\u0119, \u017ce pomys\u0142 szkolenia ludzi w akademii do specjalistycznych dzia\u0142a\u0144 jest dobry - poniewa\u017c szybko potrzebujemy wsparcia. Do tej pory byli\u015bmy bardzo zadowoleni z zespo\u0142\u00f3w monta\u017cowych THOR. Szczeg\u00f3lnie dobre jest to, \u017ce s\u0105 one niezale\u017cne i mobilne, wi\u0119c mog\u0105 przyjecha\u0107 bezpo\u015brednio na plac budowy i rozpocz\u0105\u0107 prac\u0119.   <\/div><div class=\"testimonials__company\"><div class=\"testimonials__company__logo\"><img loading=\"lazy\" decoding=\"async\" src=\"https:\/\/www.thormontagen.de\/wp-content\/uploads\/Pro-Klima-Kuehlsysteme-GmbH-150x131.jpg\" srcset=\"https:\/\/www.thormontagen.de\/wp-content\/uploads\/Pro-Klima-Kuehlsysteme-GmbH-300x74.jpg 300w, https:\/\/www.thormontagen.de\/wp-content\/uploads\/Pro-Klima-Kuehlsysteme-GmbH.jpg 532w\" alt=\"Pro Klima K\u00fchlsysteme GmbH\" width=\"150\" height=\"131\" \/><\/div><div class=\"testimonials__company__text\">Guido Schl\u00fcters, Pro Klima K\u00fchlsysteme GmbH<br \/><\/div><\/div><\/div><\/div><div class=\"testimonials__item keen-slider__slide\"><div class=\"testimonials__content\"><div class=\"testimonials__quote\">Zawsze otrzymujemy szybk\u0105 i nieskomplikowan\u0105 pomoc od THOR. Monterzy s\u0105 wykwalifikowani, w pe\u0142ni wyposa\u017ceni, mog\u0105 by\u0107 rozmieszczeni w ca\u0142ym kraju i zawsze s\u0105 na czas na placach budowy. Zawsze niezawodny partner.  <\/div><div class=\"testimonials__company\"><div class=\"testimonials__company__logo\"><img loading=\"lazy\" decoding=\"async\" src=\"https:\/\/www.thormontagen.de\/wp-content\/uploads\/logo_eiffage_infra-hochbau_color-150x146.jpg\" srcset=\"\" alt=\"logo_eiffage\" width=\"150\" height=\"146\" \/><\/div><div class=\"testimonials__company__text\">Thomas Hicking, Eiffage Infra-Hochbau GmbH<br \/><\/div><\/div><\/div><\/div><\/div><\/div><\/div><\/div><\/div><\/div><\/div><\/section><\/div>[\/vc_column][\/vc_row][vc_row][vc_column][\/vc_column][\/vc_row]<\/p>\n<\/div>","protected":false},"excerpt":{"rendered":"Najlepsza osobaSpecjali\u015bci w bran\u017cy wind i konstrukcji metalowych od THORWyspecjalizowany monter, brygadzista lub do\u015bwiadczony zesp\u00f3\u0142 monta\u017cowy Wysokiej jako\u015bci sprz\u0119t narz\u0119dziowy i maszynowy Praca na \u2026","protected":false},"author":8,"featured_media":0,"parent":7196,"menu_order":5,"comment_status":"closed","ping_status":"closed","template":"","meta":{"_acf_changed":false,"inline_featured_image":false,"footnotes":""},"class_list":["post-25293","page","type-page","status-publish","hentry"],"acf":[],"_links":{"self":[{"href":"https:\/\/www.thormontagen.de\/pl\/wp-json\/wp\/v2\/pages\/25293","targetHints":{"allow":["GET"]}}],"collection":[{"href":"https:\/\/www.thormontagen.de\/pl\/wp-json\/wp\/v2\/pages"}],"about":[{"href":"https:\/\/www.thormontagen.de\/pl\/wp-json\/wp\/v2\/types\/page"}],"author":[{"embeddable":true,"href":"https:\/\/www.thormontagen.de\/pl\/wp-json\/wp\/v2\/users\/8"}],"replies":[{"embeddable":true,"href":"https:\/\/www.thormontagen.de\/pl\/wp-json\/wp\/v2\/comments?post=25293"}],"version-history":[{"count":5,"href":"https:\/\/www.thormontagen.de\/pl\/wp-json\/wp\/v2\/pages\/25293\/revisions"}],"predecessor-version":[{"id":27860,"href":"https:\/\/www.thormontagen.de\/pl\/wp-json\/wp\/v2\/pages\/25293\/revisions\/27860"}],"up":[{"embeddable":true,"href":"https:\/\/www.thormontagen.de\/pl\/wp-json\/wp\/v2\/pages\/7196"}],"wp:attachment":[{"href":"https:\/\/www.thormontagen.de\/pl\/wp-json\/wp\/v2\/media?parent=25293"}],"curies":[{"name":"wp","href":"https:\/\/api.w.org\/{rel}","templated":true}]}}