{"id":25630,"date":"2024-06-26T22:56:16","date_gmt":"2024-06-26T22:56:16","guid":{"rendered":"https:\/\/www.thormontagen.de\/o-thor\/faq\/"},"modified":"2025-03-04T09:21:50","modified_gmt":"2025-03-04T09:21:50","slug":"faq","status":"publish","type":"page","link":"https:\/\/www.thormontagen.de\/pl\/o-thor\/faq\/","title":{"rendered":"FAQ"},"content":{"rendered":"<div class=\"wpb-content-wrapper\"><p>[vc_section][vc_row row_padding=&#8221;&#8221;][vc_column]<div class=\" vmb-3  wpb_content_element\" ><div class=\"hero hero--b\"><div class=\"hero__content\"><div class=\"hero__title\"><p class=\"heading--subtitle\">Wyja\u015bniamy<\/p><h1>Najcz\u0119\u015bciej zadawane pytania dotycz\u0105ce THOR<\/h1><\/div><div class=\"hero__text\"><\/div><\/div><div class=\"hero__img hero__img--1\"><img decoding=\"async\" src=\"https:\/\/www.thormontagen.de\/wp-content\/uploads\/s2299_1183.jpg\" srcset=\"https:\/\/www.thormontagen.de\/wp-content\/uploads\/s2299_1183-300x200.jpg 300w, https:\/\/www.thormontagen.de\/wp-content\/uploads\/s2299_1183-768x512.jpg 768w, https:\/\/www.thormontagen.de\/wp-content\/uploads\/s2299_1183.jpg 850w\" alt=\"\" \/><\/div><\/div><\/div><\/div>[\/vc_column][\/vc_row][\/vc_section][vc_section row_padding=&#8221;vpt-7 vpb-7&#8243;][vc_row row_padding=&#8221;custom&#8221; row_padding_bottom=&#8221;vpb-3&#8243;][vc_column width=&#8221;5\/6&#8243; col_sticky=&#8221;&#8221; offset=&#8221;vc_col-md-offset-2 vc_col-md-8 vc_col-sm-offset-1&#8243;]<div class=\"wpb_content_element\" ><div class=\"accordion\"><div class=\"accordion__item\" itemscope itemprop=\"mainEntity\" itemtype=\"https:\/\/schema.org\/Question\" id=\"\"><div class=\"accordion__title accordion__title--open \" type=\"button\" data-toggle=\"collapse\" data-target=\"awx_69f3161fe88cd\" aria-expanded=\"false\" aria-controls=\"awx_69f3161fe88cd\" itemprop=\"name\">Czym zajmuje si\u0119 THOR?<\/div><div class=\"accordion__content accordion__content--open \" id=\"awx_69f3161fe88cd\" aria-expanded=\"false\" itemscope itemprop=\"acceptedAnswer\" itemtype=\"https:\/\/schema.org\/Answer\"><div itemprop=\"text\"><p style=\"font-weight: 400;\">THOR oferuje us\u0142ugi monta\u017cowe w sektorze rzemios\u0142a Wspieramy firmy zespo\u0142ami monta\u017cowymi w bran\u017cy instalacji budowlanych. Monterzy s\u0105 kwalifikowani do swoich zada\u0144 w Akademii THOR, wyposa\u017ceni w wysokiej jako\u015bci narz\u0119dzia i maszyny oraz podr\u00f3\u017cuj\u0105 po ca\u0142ych Niemczech samochodami s\u0142u\u017cbowymi.<\/p>\n<\/div><\/div><\/div><div class=\"accordion__item\" itemscope itemprop=\"mainEntity\" itemtype=\"https:\/\/schema.org\/Question\" id=\"\"><div class=\"accordion__title accordion__title--open \" type=\"button\" data-toggle=\"collapse\" data-target=\"awx_69f3161fe8936\" aria-expanded=\"false\" aria-controls=\"awx_69f3161fe8936\" itemprop=\"name\">Czy THOR jest firm\u0105 rzemie\u015blnicz\u0105?<\/div><div class=\"accordion__content accordion__content--open \" id=\"awx_69f3161fe8936\" aria-expanded=\"false\" itemscope itemprop=\"acceptedAnswer\" itemtype=\"https:\/\/schema.org\/Answer\"><div itemprop=\"text\"><p style=\"font-weight: 400;\">W THOR wszystko kr\u0119ci si\u0119 wok\u00f3\u0142 rzemios\u0142a. Nasz\u0105 misj\u0105 jest rozwijanie wykwalifikowanych pracownik\u00f3w i umieszczanie ich w najlepszych dla nich miejscach pracy. W tym celu wspieramy naszych klient\u00f3w z bran\u017cy rzemie\u015blniczej i przemys\u0142owej r\u00f3\u017cnymi us\u0142ugami &#8211; zar\u00f3wno w zakresie dostarczania wykwalifikowanej si\u0142y roboczej, jak i kompleksowych rozwi\u0105za\u0144 dla d\u0142ugoterminowych projekt\u00f3w. THOR f\u00fcrs Handwerk GmbH, kt\u00f3ra realizuje te projekty, jest firm\u0105 zarejestrowan\u0105 w rejestrze rzemie\u015blnik\u00f3w.<\/p>\n<\/div><\/div><\/div><div class=\"accordion__item\" itemscope itemprop=\"mainEntity\" itemtype=\"https:\/\/schema.org\/Question\" id=\"\"><div class=\"accordion__title accordion__title--open \" type=\"button\" data-toggle=\"collapse\" data-target=\"awx_69f3161fe8986\" aria-expanded=\"false\" aria-controls=\"awx_69f3161fe8986\" itemprop=\"name\">Jak mog\u0119 rozpocz\u0105\u0107 prac\u0119 jako rzemie\u015blnik w THOR?<\/div><div class=\"accordion__content accordion__content--open \" id=\"awx_69f3161fe8986\" aria-expanded=\"false\" itemscope itemprop=\"acceptedAnswer\" itemtype=\"https:\/\/schema.org\/Answer\"><div itemprop=\"text\"><p>Istnieje wiele mo\u017cliwo\u015bci pracy w THOR i zostania THORianinem. Jako osoba zmieniaj\u0105ca karier\u0119 lub m\u0142ody profesjonalista, mo\u017cesz podnie\u015b\u0107 swoje kwalifikacje w Akademii THOR i zdoby\u0107 do\u015bwiadczenie w swojej specjalistycznej dziedzinie z mentorem u boku.<\/p>\n<p>Je\u015bli masz ju\u017c do\u015bwiadczenie zawodowe, otwiera si\u0119 r\u00f3wnie przed tob\u0105 r\u00f3wnie wiele mo\u017cliwo\u015bci, s\u0105 to praca w wyuczonym zawodzie, podnoszenie kwalifikacji i specjalizacja w swoim zawodzie, reorientacja w innym zawodzie, a tak\u017ce rozw\u00f3j osobisty jako brygadzista lub starszy monter.<\/p>\n<p>Wszystkie oferty pracy w zawodach wymagaj\u0105cych kwalifikacji mo\u017cna znale\u017a\u0107 tutaj:<br \/>\n<a href=\"https:\/\/www.thormontagen.de\/pl\/oferty-pracy\/montaz\/\">Zosta\u0144 THORianinem ju\u017c teraz<\/a><\/p>\n<\/div><\/div><\/div><div class=\"accordion__item\" itemscope itemprop=\"mainEntity\" itemtype=\"https:\/\/schema.org\/Question\" id=\"\"><div class=\"accordion__title accordion__title--open \" type=\"button\" data-toggle=\"collapse\" data-target=\"awx_69f3161fe89db\" aria-expanded=\"false\" aria-controls=\"awx_69f3161fe89db\" itemprop=\"name\">Jak jako klient mog\u0119 dotrze\u0107 do wykwalifikowanych rzemie\u015blnik\u00f3w?<\/div><div class=\"accordion__content accordion__content--open \" id=\"awx_69f3161fe89db\" aria-expanded=\"false\" itemscope itemprop=\"acceptedAnswer\" itemtype=\"https:\/\/schema.org\/Answer\"><div itemprop=\"text\"><p>Je\u015bli potrzebujesz wsparcia w bie\u017c\u0105cych projektach, znajdziemy szybkie rozwi\u0105zanie i zapewnimy wykwalifikowan\u0105 si\u0142\u0119 robocz\u0105 lub zespo\u0142y monta\u017cowe.<\/p>\n<p><a href=\"https:\/\/www.thormontagen.de\/pl\/monterzy\/\">Zapytaj o specjalist\u00f3w ju\u017c teraz<\/a><\/p>\n<p>Nasz zesp\u00f3\u0142 z Akademii THOR s\u0142u\u017cy pomoc\u0105 i rad\u0105 w zakresie rozwoju i podnoszenia kwalifikacji pracownik\u00f3w.<\/p>\n<p><a href=\"https:\/\/www.thormontagen.de\/pl\/akademia-thor\/\">Skontaktuj si\u0119 teraz<\/a><\/p>\n<p>W przypadku d\u0142ugoterminowych projekt\u00f3w opracowujemy koncepcje monta\u017cowe dla naszych klient\u00f3w i kwalifikujemy specjalist\u00f3w do okre\u015blonych obszar\u00f3w odpowiedzialno\u015bci. W razie potrzeby mo\u017cemy r\u00f3wnie\u017c zaj\u0105\u0107 si\u0119 ca\u0142ym procesem instalacji na miejscu, od zarz\u0105dzania projektem, logistyki materia\u0142\u00f3w i rozmieszczenia po odbi\u00f3r.<\/p>\n<p><a href=\"https:\/\/www.thormontagen.de\/pl\/rozwiazania\/\">Znajd\u017a rozwi\u0105zania ju\u017c teraz<\/a><\/p>\n<\/div><\/div><\/div><div class=\"accordion__item\" itemscope itemprop=\"mainEntity\" itemtype=\"https:\/\/schema.org\/Question\" id=\"\"><div class=\"accordion__title accordion__title--open \" type=\"button\" data-toggle=\"collapse\" data-target=\"awx_69f3161fe8a2d\" aria-expanded=\"false\" aria-controls=\"awx_69f3161fe8a2d\" itemprop=\"name\">W jakich bran\u017cach pracuj\u0105 specjali\u015bci THOR?<\/div><div class=\"accordion__content accordion__content--open \" id=\"awx_69f3161fe8a2d\" aria-expanded=\"false\" itemscope itemprop=\"acceptedAnswer\" itemtype=\"https:\/\/schema.org\/Answer\"><div itemprop=\"text\"><p style=\"font-weight: 400;\">THOR specjalizuje si\u0119 w specjalistycznych bran\u017cach zwi\u0105zanych z instalacjami budowlanymi.<\/p>\n<ul>\n<li>Instalacje grzewcze i sanitarne<\/li>\n<li>Budowa ruroci\u0105g\u00f3w<\/li>\n<li>Instalacje ch\u0142odnicze i klimatyzacyjne<\/li>\n<li>Technika wentylacji<\/li>\n<li>Instalacje elektryczne<\/li>\n<li>Technologia wind i konstrukcje metalowe<\/li>\n<\/ul>\n<p style=\"font-weight: 400;\">Nasi monterzy s\u0105 wykwalifikowani nie tylko w zadaniach z zakresu jednej specjalistycznej bran\u017cy. Szkolimy ich bezpo\u015brednio w zakresie wymaga\u0144 zwi\u0105zanych z ich prac\u0105, a w razie potrzeby we wszystkich bran\u017cach, aby proces monta\u017cu na placu budowy m\u00f3g\u0142 by\u0107 zorganizowany tak wydajnie, jak to tylko mo\u017cliwe.<\/p>\n<\/div><\/div><\/div><div class=\"accordion__item\" itemscope itemprop=\"mainEntity\" itemtype=\"https:\/\/schema.org\/Question\" id=\"\"><div class=\"accordion__title accordion__title--open \" type=\"button\" data-toggle=\"collapse\" data-target=\"awx_69f3161fe8a80\" aria-expanded=\"false\" aria-controls=\"awx_69f3161fe8a80\" itemprop=\"name\">Mam pytania dotycz\u0105ce mo\u017cliwo\u015bci szkolenia w THOR Academy. Z kim mog\u0119 si\u0119 skontaktowa\u0107?<\/div><div class=\"accordion__content accordion__content--open \" id=\"awx_69f3161fe8a80\" aria-expanded=\"false\" itemscope itemprop=\"acceptedAnswer\" itemtype=\"https:\/\/schema.org\/Answer\"><div itemprop=\"text\"><p>W Akademii THOR szkolimy zar\u00f3wno w\u0142asne zespo\u0142y monta\u017cowe, jak i pracownik\u00f3w naszych klient\u00f3w. Zesp\u00f3\u0142 Akademii z przyjemno\u015bci\u0105 odpowie na wszelkie pytania dotycz\u0105ce program\u00f3w szkoleniowych, rozwoju indywidualnych opcji kwalifikacji lub zakwaterowania za po\u015brednictwem <a href=\"mailto:schulungen@THORakademie.de\">poczty elektronicznej<\/a> lub telefonicznie pod numerem <a href=\"tel:+493602974300\">036029\/7430-0<\/a>.<\/p>\n<p><a href=\"https:\/\/www.thormontagen.de\/pl\/akademia-thor\/\">Wi\u0119cej informacji na temat Akademii THOR<\/a><\/p>\n<\/div><\/div><\/div><\/div><\/div>[\/vc_column][\/vc_row][\/vc_section]<\/p>\n<\/div>","protected":false},"excerpt":{"rendered":"<p>[vc_section][vc_row row_padding=&#8221;&#8221;][vc_column][\/vc_column][\/vc_row][\/vc_section][vc_section row_padding=&#8221;vpt-7 vpb-7&#8243;][vc_row row_padding=&#8221;custom&#8221; row_padding_bottom=&#8221;vpb-3&#8243;][vc_column width=&#8221;5\/6&#8243; col_sticky=&#8221;&#8221; offset=&#8221;vc_col-md-offset-2 vc_col-md-8 vc_col-sm-offset-1&#8243;][\/vc_column][\/vc_row][\/vc_section]<\/p>\n","protected":false},"author":8,"featured_media":0,"parent":7808,"menu_order":5,"comment_status":"closed","ping_status":"closed","template":"","meta":{"_acf_changed":false,"inline_featured_image":false,"footnotes":""},"class_list":["post-25630","page","type-page","status-publish","hentry"],"acf":[],"_links":{"self":[{"href":"https:\/\/www.thormontagen.de\/pl\/wp-json\/wp\/v2\/pages\/25630","targetHints":{"allow":["GET"]}}],"collection":[{"href":"https:\/\/www.thormontagen.de\/pl\/wp-json\/wp\/v2\/pages"}],"about":[{"href":"https:\/\/www.thormontagen.de\/pl\/wp-json\/wp\/v2\/types\/page"}],"author":[{"embeddable":true,"href":"https:\/\/www.thormontagen.de\/pl\/wp-json\/wp\/v2\/users\/8"}],"replies":[{"embeddable":true,"href":"https:\/\/www.thormontagen.de\/pl\/wp-json\/wp\/v2\/comments?post=25630"}],"version-history":[{"count":8,"href":"https:\/\/www.thormontagen.de\/pl\/wp-json\/wp\/v2\/pages\/25630\/revisions"}],"predecessor-version":[{"id":30130,"href":"https:\/\/www.thormontagen.de\/pl\/wp-json\/wp\/v2\/pages\/25630\/revisions\/30130"}],"up":[{"embeddable":true,"href":"https:\/\/www.thormontagen.de\/pl\/wp-json\/wp\/v2\/pages\/7808"}],"wp:attachment":[{"href":"https:\/\/www.thormontagen.de\/pl\/wp-json\/wp\/v2\/media?parent=25630"}],"curies":[{"name":"wp","href":"https:\/\/api.w.org\/{rel}","templated":true}]}}