{"id":28019,"date":"2024-10-07T09:00:11","date_gmt":"2024-10-07T09:00:11","guid":{"rendered":"https:\/\/www.thormontagen.de\/kontakt-nowy\/"},"modified":"2024-11-20T10:55:44","modified_gmt":"2024-11-20T10:55:44","slug":"kontakt","status":"publish","type":"page","link":"https:\/\/www.thormontagen.de\/pl\/kontakt\/","title":{"rendered":"Kontakt"},"content":{"rendered":"<div class=\"wpb-content-wrapper\"><p>[vc_section][vc_row row_padding=&#8221;custom&#8221;][vc_column]<div class=\" vmb-3  wpb_content_element\" ><div class=\"hero hero--b\"><div class=\"hero__content\"><div class=\"hero__title\"><p class=\"heading--subtitle\">Kontakt z THOR<\/p><h1>Tak si\u0119 z nami skontaktujesz<\/h1><\/div><div class=\"hero__text\"><p>Je\u015bli masz pytanie lub sugesti\u0119, skorzystaj z poni\u017cszych opcji kontaktu.<\/p>\n<\/div><\/div><div class=\"hero__img hero__img--1\"><img decoding=\"async\" src=\"https:\/\/www.thormontagen.de\/wp-content\/uploads\/s2608_1496-1024x683.jpg\" srcset=\"https:\/\/www.thormontagen.de\/wp-content\/uploads\/s2608_1496-300x200.jpg 300w, https:\/\/www.thormontagen.de\/wp-content\/uploads\/s2608_1496-1024x683.jpg 1024w, https:\/\/www.thormontagen.de\/wp-content\/uploads\/s2608_1496-768x512.jpg 768w, https:\/\/www.thormontagen.de\/wp-content\/uploads\/s2608_1496-1536x1025.jpg 1536w, https:\/\/www.thormontagen.de\/wp-content\/uploads\/s2608_1496-2048x1366.jpg 2048w, https:\/\/www.thormontagen.de\/wp-content\/uploads\/s2608_1496.jpg 2000w\" alt=\"\" \/><\/div><\/div><\/div><\/div>[\/vc_column][\/vc_row][\/vc_section][vc_section row_padding=&#8221;vpt-7 vpb-7&#8243; row_bg_color=&#8221;bg&#8211;color&#8211;grey-1&#8243;][vc_row row_padding=&#8221;custom&#8221; row_padding_bottom=&#8221;vpb-3&#8243;][vc_column width=&#8221;2\/3&#8243; col_sticky=&#8221;&#8221; offset=&#8221;vc_col-lg-offset-3 vc_col-lg-6 vc_col-sm-offset-2&#8243;]<div class=\"wpb_content_element\" ><div class=\"heading heading--h2\"><h2 class=\"heading   heading--center\" >Osoby kontaktowe w THOR<\/h2><\/div><\/div>[\/vc_column][\/vc_row][vc_row row_padding=&#8221;&#8221;][vc_column col_sticky=&#8221;&#8221;]<div class=\"vmb-3 wpb_content_element\" ><div class=\"cards grid-3\"><div class=\"card card--contact\" ><p class=\"card__title \">Dla klient\u00f3w<\/p><a class=\"card__phone-link \" href=\"tel:0049361219215888\" target=\"_blank\">0361\/ 219 215 -888<\/a><a class=\"card__email-link \" href=\"mailto:anfrage@THORmontagen.de\" target=\"_blank\">anfrage@THORmontagen.de<\/a><p class=\"card__text\">Nasi doradcy klienta s\u0142u\u017c\u0105 pomoc\u0105 i rad\u0105 w przypadku pyta\u0144.<\/p><\/div><div class=\"card card--contact\" ><p class=\"card__title \">Dla kandydat\u00f3w o prac\u0119<\/p><a class=\"card__phone-link \" href=\"tel:0049361219215462\" target=\"_blank\">0361\/ 219 215 -462<\/a><a class=\"card__email-link \" href=\"mailto:bewerbung@THORmontagen.de\" target=\"_blank\">bewerbung@THORmontagen.de<\/a><p class=\"card__text\">Nasz zesp\u00f3\u0142 rekrutacyjny odpowie na wszystkie pytania dotycz\u0105ce ubiegania si\u0119 o prac\u0119 w THORian.<\/p><\/div><div class=\"card card--contact\" ><p class=\"card__title \">Centrala<\/p><a class=\"card__phone-link \" href=\"tel:00493612192150\" target=\"_blank\">0361\/ 219 215 -0<\/a><a class=\"card__email-link \" href=\"mailto:info@THORmontagen.de\" target=\"_blank\">info@THORmontagen.de<\/a><p class=\"card__text\">W przypadku innych pyta\u0144 prosimy o kontakt z nasz\u0105 siedzib\u0105 w Erfurcie.<\/p><\/div><\/a><\/div>[\/vc_column][\/vc_row][\/vc_section][vc_section row_padding=&#8221;vpt-7 vpb-7&#8243;][vc_row row_padding=&#8221;custom&#8221; row_padding_bottom=&#8221;vpb-3&#8243;][vc_column width=&#8221;2\/3&#8243; col_sticky=&#8221;&#8221; offset=&#8221;vc_col-lg-7 vc_col-sm-offset-2&#8243;]<div class=\"wpb_content_element\" ><div class=\"heading heading--h2\"><h2 class=\"heading   \" >Siedziby THOR<\/h2><\/div><\/div>[vc_column_text]<\/p>\n<p style=\"font-weight: 400;\">Posiadamy sze\u015b\u0107 lokalizacji, z kt\u00f3rych ka\u017cda pe\u0142ni szczeg\u00f3ln\u0105 rol\u0119. Nasza Akademia, dzia\u0142 dyspozycji i warsztat samochodowy znajduj\u0105 si\u0119 w centralnej cz\u0119\u015bci Niemiec. Jeste\u015bmy r\u00f3wnie\u017c na miejscu w Hamburgu dla naszych pracownik\u00f3w i klient\u00f3w z p\u00f3\u0142nocnych Niemiec. Kandydaci z Europy Wschodniej, kt\u00f3rzy s\u0105 zainteresowani prac\u0105 w THOR, mog\u0105 porozmawia\u0107 z nami osobi\u015bcie w naszej siedzibie w Odolanowie.<\/p>\n<p>[\/vc_column_text][\/vc_column][\/vc_row][vc_row row_maxwidth=&#8221;&#8221;][vc_column]<div class=\"vmb-3 wpb_content_element\" ><div class=\"map\"><img loading=\"lazy\" decoding=\"async\" src=\"https:\/\/www.thormontagen.de\/wp-content\/uploads\/THOR_Map-2.jpg\" srcset=\"https:\/\/www.thormontagen.de\/wp-content\/uploads\/THOR_Map-2.jpg 1910w, https:\/\/www.thormontagen.de\/wp-content\/uploads\/THOR_Map-2-300x174.jpg 300w, https:\/\/www.thormontagen.de\/wp-content\/uploads\/THOR_Map-2-1024x593.jpg 1024w, https:\/\/www.thormontagen.de\/wp-content\/uploads\/THOR_Map-2-768x445.jpg 768w, https:\/\/www.thormontagen.de\/wp-content\/uploads\/THOR_Map-2-1536x889.jpg 1536w\" alt=\"\" width=\"1910\" height=\"1106\" \/><a href=\"https:\/\/www.thormontagen.de\/pl\/wp-json\/wp\/v2\/pages\/28019#hamburg\" data-href=\"hamburg\" class=\"map__pin\" style=\"top: 21%; left: 39%;\">Hamburg<\/a><a href=\"https:\/\/www.thormontagen.de\/pl\/wp-json\/wp\/v2\/pages\/28019#\u015bwi\u0119te miasto\" data-href=\"\u015bwi\u0119te miasto\" class=\"map__pin\" style=\"top: 49%; left: 40%;\">Heiligenstadt<\/a><a href=\"https:\/\/www.thormontagen.de\/pl\/wp-json\/wp\/v2\/pages\/28019#leinefelde\" data-href=\"leinefelde\" class=\"map__pin\" style=\"top: 49%; left: 41%;\">Leinefelde<\/a><a href=\"https:\/\/www.thormontagen.de\/pl\/wp-json\/wp\/v2\/pages\/28019#menteroda\" data-href=\"menteroda\" class=\"map__pin\" style=\"top: 51%; left: 42%;\">Menteroda<\/a><a href=\"https:\/\/www.thormontagen.de\/pl\/wp-json\/wp\/v2\/pages\/28019#erfurt\" data-href=\"erfurt\" class=\"map__pin\" style=\"top: 53%; left: 44%;\">Erfurt<\/a><a href=\"https:\/\/www.thormontagen.de\/pl\/wp-json\/wp\/v2\/pages\/28019#odolanow\" data-href=\"odolanow\" class=\"map__pin\" style=\"top: 45%; left: 84%;\">Odolan\u00f3w<\/a><\/div><\/div>[\/vc_column][\/vc_row][vc_row el_id=&#8221;locations&#8221;][vc_column col_sticky=&#8221;&#8221;]<div class=\"vmb-3 wpb_content_element\" ><div class=\"cards grid-3\"><div class=\"card card--location\" id=\"erfurt\"><div class=\"card__thumbnail\"><img loading=\"lazy\" decoding=\"async\" src=\"https:\/\/www.thormontagen.de\/wp-content\/uploads\/Standort_Erfurt_Fahnen-768x512.jpg\" srcset=\"https:\/\/www.thormontagen.de\/wp-content\/uploads\/Standort_Erfurt_Fahnen-768x512.jpg 768w, https:\/\/www.thormontagen.de\/wp-content\/uploads\/Standort_Erfurt_Fahnen-300x200.jpg 300w, https:\/\/www.thormontagen.de\/wp-content\/uploads\/Standort_Erfurt_Fahnen-1024x683.jpg 1024w, https:\/\/www.thormontagen.de\/wp-content\/uploads\/Standort_Erfurt_Fahnen-1536x1025.jpg 1536w, https:\/\/www.thormontagen.de\/wp-content\/uploads\/Standort_Erfurt_Fahnen-2048x1366.jpg 2048w, https:\/\/www.thormontagen.de\/wp-content\/uploads\/Standort_Erfurt_Fahnen.jpg 2000w\" alt=\"\" width=\"768\" height=\"512\" \/><\/div><p class=\"card__title \">Erfurt<\/p><a class=\"card__phone-link \" href=\"https:\/\/goo.gl\/maps\/LaBjj3obS1h6zGYB9\" target=\"_blank\" rel=\"noopener\">0361\/ 219 215 -0<\/a><span class=\"card__fax-link \">0361\/ 219 215 -19<\/span><p class=\"card__text\">Flughafenstra\u00dfe 4\n99092 Erfurt<\/p><a class=\"card__map-link\" href=\"https:\/\/goo.gl\/maps\/LaBjj3obS1h6zGYB9\" target=\"_blank\" rel=\"noopener\">Google Maps<\/a><\/div><div class=\"card card--location\" id=\"leinefelde\"><div class=\"card__thumbnail\"><img loading=\"lazy\" decoding=\"async\" src=\"https:\/\/www.thormontagen.de\/wp-content\/uploads\/s2381_0134-768x512.jpg\" srcset=\"https:\/\/www.thormontagen.de\/wp-content\/uploads\/s2381_0134-768x512.jpg 768w, https:\/\/www.thormontagen.de\/wp-content\/uploads\/s2381_0134-300x200.jpg 300w, https:\/\/www.thormontagen.de\/wp-content\/uploads\/s2381_0134-1024x683.jpg 1024w, https:\/\/www.thormontagen.de\/wp-content\/uploads\/s2381_0134-1536x1025.jpg 1536w, https:\/\/www.thormontagen.de\/wp-content\/uploads\/s2381_0134-2048x1367.jpg 2048w\" alt=\"\" width=\"768\" height=\"512\" \/><\/div><p class=\"card__title \">Leinefelde<\/p><a class=\"card__phone-link \" href=\"https:\/\/goo.gl\/maps\/idLv6m7N7iCN9jon7\" target=\"_blank\" rel=\"noopener\">03605\/ 200 677 -0<\/a><span class=\"card__fax-link \">03605\/ 200 677 -30<\/span><p class=\"card__text\">Park Przemys\u0142owy Po\u0142udnie 2\n37327 Leinefelde<\/p><a class=\"card__map-link\" href=\"https:\/\/goo.gl\/maps\/idLv6m7N7iCN9jon7\" target=\"_blank\" rel=\"noopener\">Google Maps<\/a><\/div><div class=\"card card--location\" id=\"\u015bwi\u0119te miasto\"><div class=\"card__thumbnail\"><img loading=\"lazy\" decoding=\"async\" src=\"https:\/\/www.thormontagen.de\/wp-content\/uploads\/s2381_0241_neu-768x512.jpg\" srcset=\"https:\/\/www.thormontagen.de\/wp-content\/uploads\/s2381_0241_neu-768x512.jpg 768w, https:\/\/www.thormontagen.de\/wp-content\/uploads\/s2381_0241_neu-300x200.jpg 300w, https:\/\/www.thormontagen.de\/wp-content\/uploads\/s2381_0241_neu-1024x683.jpg 1024w, https:\/\/www.thormontagen.de\/wp-content\/uploads\/s2381_0241_neu-1536x1025.jpg 1536w, https:\/\/www.thormontagen.de\/wp-content\/uploads\/s2381_0241_neu-2048x1367.jpg 2048w, https:\/\/www.thormontagen.de\/wp-content\/uploads\/s2381_0241_neu.jpg 2000w\" alt=\"\" width=\"768\" height=\"512\" \/><\/div><p class=\"card__title \">Heiligenstadt<\/p><a class=\"card__phone-link \" href=\"https:\/\/goo.gl\/maps\/ZMKrdiQaHqpGRkxZ6\" target=\"_blank\" rel=\"noopener\">03606\/ 50 655 -0<\/a><span class=\"card__fax-link \">03606\/ 50 655 -19<\/span><p class=\"card__text\">Werner-von-Siemens-Strasse 6\n37308 Heilbad Heiligenstadt\n<\/p><a class=\"card__map-link\" href=\"https:\/\/goo.gl\/maps\/ZMKrdiQaHqpGRkxZ6\" target=\"_blank\" rel=\"noopener\">Google Maps<\/a><\/div><div class=\"card card--location\" id=\"hamburg\"><div class=\"card__thumbnail\"><img loading=\"lazy\" decoding=\"async\" src=\"https:\/\/www.thormontagen.de\/wp-content\/uploads\/P1110057_-768x576.jpg\" srcset=\"https:\/\/www.thormontagen.de\/wp-content\/uploads\/P1110057_-768x576.jpg 768w, https:\/\/www.thormontagen.de\/wp-content\/uploads\/P1110057_-300x225.jpg 300w, https:\/\/www.thormontagen.de\/wp-content\/uploads\/P1110057_-1024x768.jpg 1024w, https:\/\/www.thormontagen.de\/wp-content\/uploads\/P1110057_-1536x1152.jpg 1536w, https:\/\/www.thormontagen.de\/wp-content\/uploads\/P1110057_.jpg 2000w\" alt=\"\" width=\"768\" height=\"576\" \/><\/div><p class=\"card__title \">Hamburg<\/p><a class=\"card__phone-link \" href=\"https:\/\/maps.app.goo.gl\/MwTCsmDmP2tPL4m1A\" target=\"_blank\" rel=\"noopener\">040\/ 27 14 343 -00<\/a><span class=\"card__fax-link \">040\/ 27 14 343 -19<\/span><p class=\"card__text\">Nagelsweg 55\n20097 Hamburg<\/p><a class=\"card__map-link\" href=\"https:\/\/maps.app.goo.gl\/MwTCsmDmP2tPL4m1A\" target=\"_blank\" rel=\"noopener\">Google Maps<\/a><\/div><div class=\"card card--location\" id=\"odolanow\"><div class=\"card__thumbnail\"><img loading=\"lazy\" decoding=\"async\" src=\"https:\/\/www.thormontagen.de\/wp-content\/uploads\/Standort-Polen_Website_-850x567px-768x513.jpg\" srcset=\"https:\/\/www.thormontagen.de\/wp-content\/uploads\/Standort-Polen_Website_-850x567px-768x513.jpg 768w, https:\/\/www.thormontagen.de\/wp-content\/uploads\/Standort-Polen_Website_-850x567px-300x200.jpg 300w, https:\/\/www.thormontagen.de\/wp-content\/uploads\/Standort-Polen_Website_-850x567px-1024x684.jpg 1024w, https:\/\/www.thormontagen.de\/wp-content\/uploads\/Standort-Polen_Website_-850x567px.jpg 1128w\" alt=\"\" width=\"768\" height=\"513\" \/><\/div><p class=\"card__title \">Odolan\u00f3w<\/p><a class=\"card__phone-link \" href=\"https:\/\/maps.app.goo.gl\/NSnKEjSmSULLWQUJ6\" target=\"_blank\" rel=\"noopener\">+48 62\/ 50 67 777<\/a><span class=\"card__fax-link \">pusty<\/span><p class=\"card__text\">ul. Przemys\u0142owa 26\n63-430 Odolan\u00f3w<\/p><a class=\"card__map-link\" href=\"https:\/\/maps.app.goo.gl\/NSnKEjSmSULLWQUJ6\" target=\"_blank\" rel=\"noopener\">Google Maps<\/a><\/div><div class=\"card card--location\" id=\"menteroda\"><div class=\"card__thumbnail\"><img loading=\"lazy\" decoding=\"async\" src=\"https:\/\/www.thormontagen.de\/wp-content\/uploads\/s2381_0010-768x512.jpg\" srcset=\"https:\/\/www.thormontagen.de\/wp-content\/uploads\/s2381_0010-768x512.jpg 768w, https:\/\/www.thormontagen.de\/wp-content\/uploads\/s2381_0010-300x200.jpg 300w, https:\/\/www.thormontagen.de\/wp-content\/uploads\/s2381_0010-1024x683.jpg 1024w, https:\/\/www.thormontagen.de\/wp-content\/uploads\/s2381_0010-1536x1025.jpg 1536w, https:\/\/www.thormontagen.de\/wp-content\/uploads\/s2381_0010-2048x1367.jpg 2048w, https:\/\/www.thormontagen.de\/wp-content\/uploads\/s2381_0010.jpg 2000w\" alt=\"\" width=\"768\" height=\"512\" \/><\/div><p class=\"card__title \">Menteroda<\/p><a class=\"card__phone-link \" href=\"https:\/\/goo.gl\/maps\/xFkFgmmYvYS2\" target=\"_blank\" rel=\"noopener\">036029\/ 74 30 -0<\/a><span class=\"card__fax-link \">036029\/ 74 30 -19<\/span><p class=\"card__text\">Holzthalebener Str. 17-19\n99996 Menteroda<\/p><a class=\"card__map-link\" href=\"https:\/\/goo.gl\/maps\/xFkFgmmYvYS2\" target=\"_blank\" rel=\"noopener\">Google Maps<\/a><\/div><\/a><\/div>[\/vc_column][\/vc_row][\/vc_section]<\/p>\n<\/div>","protected":false},"excerpt":{"rendered":"<p>[vc_section][vc_row row_padding=&#8221;custom&#8221;][vc_column][\/vc_column][\/vc_row][\/vc_section][vc_section row_padding=&#8221;vpt-7 vpb-7&#8243; row_bg_color=&#8221;bg&#8211;color&#8211;grey-1&#8243;][vc_row row_padding=&#8221;custom&#8221; row_padding_bottom=&#8221;vpb-3&#8243;][vc_column width=&#8221;2\/3&#8243; col_sticky=&#8221;&#8221; offset=&#8221;vc_col-lg-offset-3 vc_col-lg-6 vc_col-sm-offset-2&#8243;][\/vc_column][\/vc_row][vc_row row_padding=&#8221;&#8221;][vc_column col_sticky=&#8221;&#8221;][\/vc_column][\/vc_row][\/vc_section][vc_section row_padding=&#8221;vpt-7 vpb-7&#8243;][vc_row row_padding=&#8221;custom&#8221; row_padding_bottom=&#8221;vpb-3&#8243;][vc_column width=&#8221;2\/3&#8243; col_sticky=&#8221;&#8221; offset=&#8221;vc_col-lg-7 vc_col-sm-offset-2&#8243;][vc_column_text] Posiadamy sze\u015b\u0107 \u2026<\/p>\n","protected":false},"author":3,"featured_media":0,"parent":0,"menu_order":13,"comment_status":"closed","ping_status":"closed","template":"","meta":{"_acf_changed":false,"inline_featured_image":false,"footnotes":""},"class_list":["post-28019","page","type-page","status-publish","hentry"],"acf":[],"_links":{"self":[{"href":"https:\/\/www.thormontagen.de\/pl\/wp-json\/wp\/v2\/pages\/28019","targetHints":{"allow":["GET"]}}],"collection":[{"href":"https:\/\/www.thormontagen.de\/pl\/wp-json\/wp\/v2\/pages"}],"about":[{"href":"https:\/\/www.thormontagen.de\/pl\/wp-json\/wp\/v2\/types\/page"}],"author":[{"embeddable":true,"href":"https:\/\/www.thormontagen.de\/pl\/wp-json\/wp\/v2\/users\/3"}],"replies":[{"embeddable":true,"href":"https:\/\/www.thormontagen.de\/pl\/wp-json\/wp\/v2\/comments?post=28019"}],"version-history":[{"count":8,"href":"https:\/\/www.thormontagen.de\/pl\/wp-json\/wp\/v2\/pages\/28019\/revisions"}],"predecessor-version":[{"id":28788,"href":"https:\/\/www.thormontagen.de\/pl\/wp-json\/wp\/v2\/pages\/28019\/revisions\/28788"}],"wp:attachment":[{"href":"https:\/\/www.thormontagen.de\/pl\/wp-json\/wp\/v2\/media?parent=28019"}],"curies":[{"name":"wp","href":"https:\/\/api.w.org\/{rel}","templated":true}]}}