{"id":4841,"date":"2023-09-11T14:39:55","date_gmt":"2023-09-11T14:39:55","guid":{"rendered":"https:\/\/www.thormontagen.de\/montaz\/"},"modified":"2026-03-20T11:45:00","modified_gmt":"2026-03-20T10:45:00","slug":"montaz","status":"publish","type":"page","link":"https:\/\/www.thormontagen.de\/pl\/oferty-pracy\/montaz\/","title":{"rendered":"Monta\u017c"},"content":{"rendered":"<div class=\"wpb-content-wrapper\"><p>[vc_section][vc_row row_padding=&#8221;&#8221;][vc_column]<div class=\" vmb-3  wpb_content_element\" ><div class=\"hero hero--c\"><div class=\"hero__content\"><div class=\"hero__title\"><p class=\"heading--subtitle\">Najlepsza praca<\/p><h1>Oferty pracy w sektorze rzemie\u015blniczym<\/h1><\/div><div class=\"hero__text\"><p>Cieszymy si\u0119, \u017ce tu jeste\u015b!<\/p>\n<p>W THOR wszystko kr\u0119ci si\u0119 wok\u00f3\u0142 rzemios\u0142a i ludzi, kt\u00f3rzy robi\u0105 to najlepiej. Zosta\u0144 cz\u0142onkiem rodziny THOR! Czeka na ciebie r\u00f3\u017cnorodna praca, atrakcyjne wynagrodzenia i szybka pomoc w koordynacji codziennych spraw przez twoj\u0105 osob\u0119 kontaktow\u0105. Otrzymasz profesjonalny sprz\u0119t, od narz\u0119dzi po samoch\u00f3d s\u0142u\u017cbowy.<\/p>\n<p>Rzemios\u0142o to twoja pasja? Je\u015bli tak, chcemy ci\u0119 pozna\u0107!<\/p>\n<\/div><div class=\"hero__buttons\"><a href=\"https:\/\/www.thormontagen.de\/pl\/oferty-pracy\/montaz\/#jobs\" target=\"\" title=\"\" class=\"btn--full btn--primary btn--sm hero__btn \">Do ofert pracy w sektorze rzemios\u0142a<\/a><\/div><\/div><div class=\"hero__images\"><div class=\"hero__img hero__img--1\"><img decoding=\"async\" src=\"https:\/\/www.thormontagen.de\/wp-content\/uploads\/Thor_Loesungen_Strangsanierung_Hero_1-1.jpg\" srcset=\"https:\/\/www.thormontagen.de\/wp-content\/uploads\/Thor_Loesungen_Strangsanierung_Hero_1-1-300x225.jpg 300w, https:\/\/www.thormontagen.de\/wp-content\/uploads\/Thor_Loesungen_Strangsanierung_Hero_1-1.jpg 563w\" alt=\"Thor_L\u00f6sungen_Strangsanierung_Hero_1\" \/><\/div><div class=\"hero__img hero__img--2\"><img decoding=\"async\" src=\"https:\/\/www.thormontagen.de\/wp-content\/uploads\/Stellenanzeige-Monteur_1200x600px_V2-1-1024x512.jpg\" srcset=\"https:\/\/www.thormontagen.de\/wp-content\/uploads\/Stellenanzeige-Monteur_1200x600px_V2-1-300x150.jpg 300w, https:\/\/www.thormontagen.de\/wp-content\/uploads\/Stellenanzeige-Monteur_1200x600px_V2-1-1024x512.jpg 1024w, https:\/\/www.thormontagen.de\/wp-content\/uploads\/Stellenanzeige-Monteur_1200x600px_V2-1-768x384.jpg 768w, https:\/\/www.thormontagen.de\/wp-content\/uploads\/Stellenanzeige-Monteur_1200x600px_V2-1.jpg 1200w\" alt=\"\" \/><\/div><\/div><\/div><\/div><\/div>[\/vc_column][\/vc_row][\/vc_section][vc_section row_padding=&#8221;vpt-7 vpb-7&#8243;][vc_row row_padding=&#8221;custom&#8221; row_padding_bottom=&#8221;vpb-7&#8243;][vc_column width=&#8221;7\/12&#8243; col_sticky=&#8221;&#8221; offset=&#8221;vc_col-lg-offset-1 vc_col-lg-6&#8243;][vc_row_inner row_padding=&#8221;&#8221;][vc_column_inner width=&#8221;5\/6&#8243; offset=&#8221;vc_col-xs-offset-2 vc_col-xs-10&#8243;][vc_single_image image=&#8221;4394&#8243; img_size=&#8221;large&#8221; elem_margin_bottom=&#8221;&#8221;][\/vc_column_inner][\/vc_row_inner][vc_row_inner row_padding=&#8221;&#8221;][vc_column_inner width=&#8221;2\/3&#8243; offset=&#8221;vc_col-sm-offset-0 vc_col-xs-8&#8243;][vc_single_image image=&#8221;4303&#8243; img_size=&#8221;large&#8221; alignment=&#8221;right&#8221; elem_margin_bottom=&#8221;&#8221;][\/vc_column_inner][\/vc_row_inner][\/vc_column][vc_column width=&#8221;1\/2&#8243; col_sticky=&#8221;&#8221; offset=&#8221;vc_col-md-5&#8243;]<div class=\"vmb-3 wpb_content_element\" ><div class=\"heading heading--h2\"><p class=\"heading--subtitle \" >TYDZIE\u0143 POWITALNY<\/p><h2 class=\"heading  heading--subtitle-top \" >Akademia THOR otwiera przed tob\u0105 wszystkie drzwi w sektorze rzemie\u015blniczym<\/h2><\/div><\/div>[vc_column_text]<\/p>\n<p style=\"text-align: left;\">Dla nas nie jest wa\u017cne, sk\u0105d pochodzisz, ale dok\u0105d chcesz dotrze\u0107. Akademia THOR to idealne miejsce, aby lepiej si\u0119 pozna\u0107, podnie\u015b\u0107 i udoskonali\u0107 swoje kwalifikacje, a nawet spr\u00f3bowa\u0107 czego\u015b nowego.<\/p>\n<p style=\"text-align: left;\">Masz mo\u017cliwo\u015b\u0107 zdobycia i pog\u0142\u0119bienia swoich kwalifikacji zawodowych w wielu r\u00f3\u017cnych obszarach &#8211; od podstawowych kurs\u00f3w w poszczeg\u00f3lnych bran\u017cach fachowych po certyfikaty spawalnicze lub certyfikaty ch\u0142odnicze. Chcemy r\u00f3wnie\u017c stale wspiera\u0107 twoje umiej\u0119tno\u015bci personalne i dawa\u0107 ci, poprzez odpowiednie kursy, mo\u017cliwo\u015b\u0107 rozwoju w kierunku brygadzisty, kierownika budowy, a nawet kierownika projektu.<\/p>\n<p style=\"text-align: left;\">Chcesz dowiedzie\u0107 si\u0119 wi\u0119cej o Akademii THOR?<\/p>\n<p>[\/vc_column_text]<div class=\"vmb-3 wpb_content_element\" ><div class=\"btn__wrapper \"><a href=\"https:\/\/www.thormontagen.de\/pl\/akademia-thor\/\" target=\"\" rel=\"\" title=\"Akademia THOR\" class=\"btn--ghost btn--secondary btn--md\">Do Akademii THOR<\/a><\/div><\/div>[\/vc_column][\/vc_row][vc_row row_padding=&#8221;&#8221;][vc_column width=&#8221;1\/2&#8243; col_sticky=&#8221;&#8221; offset=&#8221;vc_col-md-5&#8243;]<div class=\"vmb-3 wpb_content_element\" ><div class=\"heading heading--h2\"><p class=\"heading--subtitle \" >TYDZIE\u0143 POWITALNY<\/p><h2 class=\"heading  heading--subtitle-top \" >Tw\u00f3j start w THOR<\/h2><\/div><\/div>[vc_column_text]<\/p>\n<p style=\"text-align: left;\">Aby maksymalnie u\u0142atwi\u0107 ci start jako nowy THORianin, zapraszamy ci\u0119 do sp\u0119dzenia tygodnia w Akademii THOR w Menterodzie &#8211; oczywi\u015bcie z umow\u0105 o prac\u0119 w kieszeni i pe\u0142nym wynagrodzeniem. W tym czasie mo\u017cemy lepiej si\u0119 pozna\u0107 i przygotowa\u0107 ci\u0119 zar\u00f3wno osobi\u015bcie, jak i pod wzgl\u0119dem fachowym do wykonywania zada\u0144 na placu budowy.<\/p>\n<p style=\"text-align: left;\">Sercem tego s\u0105 \u015bcie\u017cki szkoleniowe dla ka\u017cdego wyspecjalizowanego zawodu, na kt\u00f3rych trenowane i doskonalone s\u0105 przysz\u0142e zadania w pracy. W oparciu o uzyskane tutaj spostrze\u017cenia mo\u017cna dobra\u0107 najlepszy dla ciebie rodzaj pracy, a tak\u017ce zidentyfikowa\u0107 tw\u00f3j potencja\u0142.<\/p>\n<p style=\"text-align: left;\">Tydzie\u0144 powitalny daje ci r\u00f3wnie\u017c g\u0142\u0119bszy wgl\u0105d w THOR jako nowego pracodawc\u0119. Opr\u00f3cz wielu wa\u017cnych informacji, otrzymasz sw\u00f3j indywidualny sprz\u0119t roboczy, np. odzie\u017c robocz\u0105, \u015brodki ochrony osobistej, w\u0142asny tablet pracowniczy oraz, opcjonalnie, samoch\u00f3d s\u0142u\u017cbowy z narz\u0119dziami.<\/p>\n<p>[\/vc_column_text]<div class=\"vmb-3 wpb_content_element\" ><div class=\"btn__wrapper \"><a href=\"https:\/\/www.thormontagen.de\/pl\/akademia-thor\/\" target=\"\" rel=\"\" title=\"Akademia THOR\" class=\"btn--ghost btn--secondary btn--md\">Do Akademii THOR<\/a><\/div><\/div>[\/vc_column][vc_column width=&#8221;7\/12&#8243; col_sticky=&#8221;&#8221; offset=&#8221;vc_col-lg-offset-1 vc_col-lg-6&#8243;]<div class=\"vmb-3 wpb_content_element\" ><div class=\"youtube\"><div class=\"youtube__inner\"><div class=\"BorlabsCookie _brlbs-cb-youtube\"><div class=\"_brlbs-content-blocker\"> <div class=\"_brlbs-embed _brlbs-video-youtube\"> <img class=\"_brlbs-thumbnail\" src=\"https:\/\/www.thormontagen.de\/wp-content\/plugins\/borlabs-cookie\/assets\/images\/cb-no-thumbnail.png\" alt=\"YouTube\"> <div class=\"_brlbs-caption\"> <p>Mit dem Laden des Videos akzeptieren Sie die Datenschutzerkl\u00e4rung von YouTube.<br><a href=\"https:\/\/policies.google.com\/privacy\" target=\"_blank\" rel=\"nofollow noopener noreferrer\">Mehr erfahren<\/a><\/p> <p><a class=\"_brlbs-btn _brlbs-icon-play-white\" href=\"#\" data-borlabs-cookie-unblock role=\"button\">Video laden<\/a><\/p> <p><label><input type=\"checkbox\" name=\"unblockAll\" value=\"1\" checked> <small>YouTube immer entsperren<\/small><\/label><\/p> <\/div> <\/div> <\/div><div class=\"borlabs-hide\" data-borlabs-cookie-type=\"content-blocker\" data-borlabs-cookie-id=\"youtube\"><script type=\"text\/template\">PGlmcmFtZSBsb2FkaW5nPSJsYXp5IiB3aWR0aD0iMTkyMCIgaGVpZ2h0PSIxMDgwIiBzcmM9Imh0dHBzOi8vd3d3LnlvdXR1YmUtbm9jb29raWUuY29tL2VtYmVkL3FCSzc1V0Q3bFpvIiB0aXRsZT0iWW91VHViZSB2aWRlbyBwbGF5ZXIiIGZyYW1lYm9yZGVyPSIwIiBhbGxvdz0iYWNjZWxlcm9tZXRlcjsgYXV0b3BsYXk7IGNsaXBib2FyZC13cml0ZTsgZW5jcnlwdGVkLW1lZGlhOyBneXJvc2NvcGU7IHBpY3R1cmUtaW4tcGljdHVyZTsgd2ViLXNoYXJlIiBhbGxvd2Z1bGxzY3JlZW4+PC9pZnJhbWU+<\/script><\/div><\/div><\/div><\/div><\/div>[\/vc_column][\/vc_row][\/vc_section][vc_section row_padding=&#8221;vpt-7 vpb-7&#8243; row_bg_color=&#8221;bg&#8211;color&#8211;grey-1&#8243; row_bg_midnight=&#8221;&#8221; el_id=&#8221;jobs&#8221;][vc_row row_padding=&#8221;custom&#8221; row_padding_bottom=&#8221;vpb-1&#8243;][vc_column width=&#8221;2\/3&#8243; col_sticky=&#8221;&#8221; offset=&#8221;vc_col-lg-6 vc_col-sm-offset-2&#8243;]<div class=\"vmb-3 wpb_content_element\" ><div class=\"heading heading--h2\"><p class=\"heading--subtitle \" >Oferty pracy w sektorze rzemie\u015blniczym<\/p><h2 class=\"heading  heading--subtitle-top \" >Mo\u017cesz natychmiast rozpocz\u0105\u0107 prac\u0119 w tych bran\u017cach<\/h2><\/div><\/div>[\/vc_column][\/vc_row][vc_row row_padding=&#8221;&#8221;][vc_column col_sticky=&#8221;&#8221;]<div class=\"vmb-3 wpb_content_element\" ><div class=\"jobs grid-3\"><div class=\"card card--simple\"><div class=\"card__thumbnail\"><img loading=\"lazy\" decoding=\"async\" src=\"https:\/\/www.thormontagen.de\/wp-content\/uploads\/Stellenangebote_Ubersicht_Heizung_Sanitaer-768x512.jpg\" alt=\"Instalacje grzewcze i sanitarne\" width=\"3783\" height=\"2522\" \/><\/div><p class=\"card__title\">Instalacje grzewcze i sanitarne<\/p><ul class=\"card__text card__text--list icon-list icon-list--arrow icon-list--small\"><li><a href=\"https:\/\/www.thormontagen.de\/pl\/oferta-pracy\/brygadzista-instalacje-grzewcze\/\">Brygadzista instalacje grzewcze i sanitarne (m\/k)<\/a><\/li><li><a href=\"https:\/\/www.thormontagen.de\/pl\/oferta-pracy\/hydraulik\/\">Monter instalacji grzewczych i sanitarnych (m\/k\/d)<\/a><\/li><li><a href=\"https:\/\/www.thormontagen.de\/pl\/oferta-pracy\/hydraulik-pompy-ciepla\/\">Hydraulik ze specjalizacj\u0105 pompy ciep\u0142a (m\/k)<\/a><\/li><li><a href=\"https:\/\/www.thormontagen.de\/pl\/oferta-pracy\/monter-instalacji-gazow-medycznych-m-k\/\">Monter instalacji gaz\u00f3w medycznych (m\/k)<\/a><\/li><li><a href=\"https:\/\/www.thormontagen.de\/pl\/oferta-pracy\/serwisant-instalacji-grzewczych-i-sanitarnych-m-k\/\">Serwisant instalacji grzewczych i sanitarnych (m\/k)<\/a><\/li><li><a href=\"https:\/\/www.thormontagen.de\/pl\/oferta-pracy\/monter-instalacji-tryskaczowych-m-k\/\">Monter instalacji tryskaczowych (m\/k)<\/a><\/li><li><a href=\"https:\/\/www.thormontagen.de\/pl\/oferta-pracy\/technik-systemy-pomiarowe\/\">Technik serwisant domowych urz\u0105dze\u0144 pomiarowych (m\/k)<\/a><\/li><li><a href=\"https:\/\/www.thormontagen.de\/pl\/oferta-pracy\/osoba-do-przyuczenia-systemy-pomiarowe\/\">Osoba do przyuczenia serwis i konserwacja system\u00f3w pomiarowych (m\/k)<\/a><\/li><\/ul><\/div><div class=\"card card--simple\"><div class=\"card__thumbnail\"><img loading=\"lazy\" decoding=\"async\" src=\"https:\/\/www.thormontagen.de\/wp-content\/uploads\/Stellenangebote_Ubersicht_Rohrleitungsbau-768x512.jpg\" alt=\"Budowa ruroci\u0105g\u00f3w\" width=\"3783\" height=\"2522\" \/><\/div><p class=\"card__title\">Budowa ruroci\u0105g\u00f3w<\/p><ul class=\"card__text card__text--list icon-list icon-list--arrow icon-list--small\"><li><a href=\"https:\/\/www.thormontagen.de\/pl\/oferta-pracy\/brygadzista-budowa-rurociagow\/\">Brygadzista (m\/k) budowa ruroci\u0105g\u00f3w<\/a><\/li><li><a href=\"https:\/\/www.thormontagen.de\/pl\/oferta-pracy\/spawacz\/\">Spawacz rur (m\/k)<\/a><\/li><li><a href=\"https:\/\/www.thormontagen.de\/pl\/oferta-pracy\/spawacz-tworzyw-sztucznych\/\">Spawacz tworzyw sztucznych (m\/k)<\/a><\/li><\/ul><\/div><div class=\"card card--simple\"><div class=\"card__thumbnail\"><img loading=\"lazy\" decoding=\"async\" src=\"https:\/\/www.thormontagen.de\/wp-content\/uploads\/Stellenangebote_Ubersicht_Kaelte_Klima-768x512.jpg\" alt=\"Instalacje ch\u0142odnicze i klimatyzacyjne\" width=\"768\" height=\"512\" \/><\/div><p class=\"card__title\">Instalacje ch\u0142odnicze i klimatyzacyjne<\/p><ul class=\"card__text card__text--list icon-list icon-list--arrow icon-list--small\"><li><a href=\"https:\/\/www.thormontagen.de\/pl\/oferta-pracy\/brygadzista-m-k-urzadzenia-chlodnicze-i-klimatyzacyjne\/\">Brygadzista (m\/k) urz\u0105dzenia ch\u0142odnicze i klimatyzacyjne<\/a><\/li><li><a href=\"https:\/\/www.thormontagen.de\/pl\/oferta-pracy\/monter-instalacji-chlodniczych-m-k\/\">Monter instalacji ch\u0142odniczych (m\/k)<\/a><\/li><\/ul><\/div><div class=\"card card--simple\"><div class=\"card__thumbnail\"><img loading=\"lazy\" decoding=\"async\" src=\"https:\/\/www.thormontagen.de\/wp-content\/uploads\/Stellenangebote_Ubersicht_Lueftungstechnik-768x512.jpg\" alt=\"Instalacje wentylacyjne\" width=\"3783\" height=\"2522\" \/><\/div><p class=\"card__title\">Instalacje wentylacyjne<\/p><ul class=\"card__text card__text--list icon-list icon-list--arrow icon-list--small\"><li><a href=\"https:\/\/www.thormontagen.de\/pl\/oferta-pracy\/brygardzista-wentylacje\/\">Brygardzista (m\/k) instalacje wentylacyjne<\/a><\/li><li><a href=\"https:\/\/www.thormontagen.de\/pl\/oferta-pracy\/monter-instalacji-wentylacyjnych-m-k\/\">Monter instalacji wentylacyjnych (m\/k)<\/a><\/li><\/ul><\/div><div class=\"card card--simple\"><div class=\"card__thumbnail\"><img loading=\"lazy\" decoding=\"async\" src=\"https:\/\/www.thormontagen.de\/wp-content\/uploads\/Stellenangebote_Ubersicht_Elektrotechnik-768x512.jpg\" alt=\"Instalacje elektryczne\" width=\"768\" height=\"512\" \/><\/div><p class=\"card__title\">Instalacje elektryczne<\/p><ul class=\"card__text card__text--list icon-list icon-list--arrow icon-list--small\"><li><a href=\"https:\/\/www.thormontagen.de\/pl\/oferta-pracy\/elektryk\/\">Elektryk (m\/k)<\/a><\/li><\/ul><\/div><\/div><\/div>[\/vc_column][\/vc_row][\/vc_section][vc_section row_padding=&#8221;vpt-7 vpb-7&#8243; row_bg_midnight=&#8221;&#8221;][vc_row row_padding=&#8221;&#8221; row_bg_midnight=&#8221;&#8221;][vc_column width=&#8221;5\/12&#8243; col_sticky=&#8221;&#8221; offset=&#8221;vc_col-lg-4 vc_col-sm-offset-1&#8243;]<div class=\"vmb-3 wpb_content_element\" ><div class=\"heading heading--h2\"><p class=\"heading--subtitle \" >NIE JESTE\u015a JESZCZE PEWIEN?<\/p><h2 class=\"heading  heading--subtitle-top \" >Znajd\u017a najlepsz\u0105 prac\u0119 dla siebie!<\/h2><\/div><\/div>[vc_column_text]<\/p>\n<p style=\"text-align: left;\">Nasza definicja najlepszej pracy? Taka, kt\u00f3ry jest dla ciebie op\u0142acalna i najlepiej odpowiada twoim umiej\u0119tno\u015bciom i pragnieniom. Wype\u0142nij formularz &#8222;Test na najlepsz\u0105 prac\u0119&#8221; i otrzymaj indywidualn\u0105 rekomendacj\u0119, jaka praca w rzemio\u015ble b\u0119dzie dla ciebie najlepsza!<\/p>\n<p>[\/vc_column_text]<div class=\"vmb-3 wpb_content_element\" ><div class=\"btn__wrapper \"><a href=\"https:\/\/www.thormontagen.de\/pl\/oferty-pracy\/montaz\/znalezc-najlepsza-prace\/\" target=\"\" rel=\"\" title=\"Test na najlepsz\u0105 prac\u0119\" class=\"btn--full btn--secondary btn--sm\">Test na najlepsz\u0105 prac\u0119<\/a><\/div><\/div>[\/vc_column][vc_column width=&#8221;5\/12&#8243; col_sticky=&#8221;&#8221; offset=&#8221;vc_col-lg-offset-1&#8243;][vc_single_image image=&#8221;4103&#8243; img_size=&#8221;1000&#215;700&#8243;][\/vc_column][\/vc_row][\/vc_section]<\/p>\n<\/div>","protected":false},"excerpt":{"rendered":"<p>[vc_section][vc_row row_padding=&#8221;&#8221;][vc_column][\/vc_column][\/vc_row][\/vc_section][vc_section row_padding=&#8221;vpt-7 vpb-7&#8243;][vc_row row_padding=&#8221;custom&#8221; row_padding_bottom=&#8221;vpb-7&#8243;][vc_column width=&#8221;7\/12&#8243; col_sticky=&#8221;&#8221; offset=&#8221;vc_col-lg-offset-1 vc_col-lg-6&#8243;][vc_row_inner row_padding=&#8221;&#8221;][vc_column_inner width=&#8221;5\/6&#8243; offset=&#8221;vc_col-xs-offset-2 vc_col-xs-10&#8243;][vc_single_image image=&#8221;4394&#8243; img_size=&#8221;large&#8221; elem_margin_bottom=&#8221;&#8221;][\/vc_column_inner][\/vc_row_inner][vc_row_inner row_padding=&#8221;&#8221;][vc_column_inner width=&#8221;2\/3&#8243; offset=&#8221;vc_col-sm-offset-0 vc_col-xs-8&#8243;][vc_single_image image=&#8221;4303&#8243; img_size=&#8221;large&#8221; alignment=&#8221;right&#8221; \u2026<\/p>\n","protected":false},"author":8,"featured_media":0,"parent":5329,"menu_order":5,"comment_status":"closed","ping_status":"closed","template":"","meta":{"_acf_changed":false,"inline_featured_image":false,"footnotes":""},"class_list":["post-4841","page","type-page","status-publish","hentry"],"acf":[],"_links":{"self":[{"href":"https:\/\/www.thormontagen.de\/pl\/wp-json\/wp\/v2\/pages\/4841","targetHints":{"allow":["GET"]}}],"collection":[{"href":"https:\/\/www.thormontagen.de\/pl\/wp-json\/wp\/v2\/pages"}],"about":[{"href":"https:\/\/www.thormontagen.de\/pl\/wp-json\/wp\/v2\/types\/page"}],"author":[{"embeddable":true,"href":"https:\/\/www.thormontagen.de\/pl\/wp-json\/wp\/v2\/users\/8"}],"replies":[{"embeddable":true,"href":"https:\/\/www.thormontagen.de\/pl\/wp-json\/wp\/v2\/comments?post=4841"}],"version-history":[{"count":18,"href":"https:\/\/www.thormontagen.de\/pl\/wp-json\/wp\/v2\/pages\/4841\/revisions"}],"predecessor-version":[{"id":34396,"href":"https:\/\/www.thormontagen.de\/pl\/wp-json\/wp\/v2\/pages\/4841\/revisions\/34396"}],"up":[{"embeddable":true,"href":"https:\/\/www.thormontagen.de\/pl\/wp-json\/wp\/v2\/pages\/5329"}],"wp:attachment":[{"href":"https:\/\/www.thormontagen.de\/pl\/wp-json\/wp\/v2\/media?parent=4841"}],"curies":[{"name":"wp","href":"https:\/\/api.w.org\/{rel}","templated":true}]}}