{"id":4864,"date":"2023-09-12T08:23:03","date_gmt":"2023-09-12T08:23:03","guid":{"rendered":"https:\/\/www.thormontagen.de\/montaz\/instalacje-elektryczne\/"},"modified":"2026-03-20T11:42:12","modified_gmt":"2026-03-20T10:42:12","slug":"instalacje-elektryczne","status":"publish","type":"page","link":"https:\/\/www.thormontagen.de\/pl\/oferty-pracy\/montaz\/instalacje-elektryczne\/","title":{"rendered":"Instalacje elektryczne"},"content":{"rendered":"<div class=\"wpb-content-wrapper\"><p>[vc_section][vc_row row_padding=&#8221;&#8221;][vc_column]<div class=\" vmb-3  wpb_content_element\" ><div class=\"hero hero--c\"><div class=\"hero__content\"><div class=\"hero__title\"><p class=\"heading--subtitle\">NAJLEPSZA PRACA<\/p><h1>Oferty pracy dla elektryk\u00f3w w THOR<\/h1><\/div><ul class=\"hero__bullets icon-list icon-list--check-circle\"><li>kompleksowe wdro\u017cenie do pracy<br \/><\/li>\n<li>wysokiej jako\u015bci sprz\u0119t<br \/><\/li>\n<li>pakiet pracowniczy THOR z wieloma korzy\u015bciami<\/li><\/ul><div class=\"hero__text\"><p>W THOR wszystko kr\u0119ci si\u0119 wok\u00f3\u0142 rzemios\u0142a i ludzi, kt\u00f3rzy s\u0105 w tym najlepsi. Tutaj znajdziesz oferty pracy w dziedzinie elektryki.<\/p>\n<\/div><div class=\"hero__buttons\"><\/div><\/div><div class=\"hero__images\"><div class=\"hero__img hero__img--1\"><img decoding=\"async\" src=\"https:\/\/www.thormontagen.de\/wp-content\/uploads\/Thor_Elektrotechnik_563x422.jpg\" srcset=\"https:\/\/www.thormontagen.de\/wp-content\/uploads\/Thor_Elektrotechnik_563x422-300x225.jpg 300w, https:\/\/www.thormontagen.de\/wp-content\/uploads\/Thor_Elektrotechnik_563x422.jpg 563w\" alt=\"Thor_Elektrotechnik_Job_V2\" \/><\/div><div class=\"hero__img hero__img--2\"><img decoding=\"async\" src=\"https:\/\/www.thormontagen.de\/wp-content\/uploads\/Thor_Elektrotechnik_458x317.jpg\" srcset=\"https:\/\/www.thormontagen.de\/wp-content\/uploads\/Thor_Elektrotechnik_458x317-300x208.jpg 300w, https:\/\/www.thormontagen.de\/wp-content\/uploads\/Thor_Elektrotechnik_458x317.jpg 458w\" alt=\"Thor_Elektrotechnik_Job\" \/><\/div><\/div><\/div><\/div><\/div>[\/vc_column][\/vc_row][\/vc_section][vc_section row_padding=&#8221;vpt-7 vpb-7&#8243;][vc_row row_padding=&#8221;&#8221;][vc_column col_sticky=&#8221;&#8221;]<div class=\"vmb-3 wpb_content_element\" ><div class=\"jobs grid-3\"><a class=\"card card--simple\" href=\"https:\/\/www.thormontagen.de\/pl\/oferta-pracy\/elektryk\/\"><div class=\"card__thumbnail\"><img loading=\"lazy\" decoding=\"async\" width=\"768\" height=\"384\" src=\"https:\/\/www.thormontagen.de\/wp-content\/uploads\/1200x600-768x384.jpg\" class=\"attachment-medium_large size-medium_large wp-post-image\" alt=\"Thor_Elektroniker_Job\" srcset=\"https:\/\/www.thormontagen.de\/wp-content\/uploads\/1200x600-768x384.jpg 768w, https:\/\/www.thormontagen.de\/wp-content\/uploads\/1200x600-300x150.jpg 300w, https:\/\/www.thormontagen.de\/wp-content\/uploads\/1200x600-1024x512.jpg 1024w, https:\/\/www.thormontagen.de\/wp-content\/uploads\/1200x600.jpg 1200w\" sizes=\"auto, (max-width: 768px) 100vw, 768px\" \/><\/div><p class=\"card__title\">Elektryk (m\/k)<\/p><p class=\"card__info\"><small>Alternatywne nazwy stanowiska<\/small>elektronik w dziedzinie technologii energetycznych i techniki w budynkach, elektryk przemys\u0142owy w zakresie techniki przemys\u0142owej, monter instalacji elektrycznych, technik elektryk, elektryk budowlany, majster w przemy\u015ble w dziedzinie elektrotechniki, mechatronik, elektornik urz\u0105dze\u0144 i system\u00f3w, elektronik automatyki przemys\u0142owej, monter sieci, elektronik konserwator<\/p><\/a><\/div><\/div>[\/vc_column][\/vc_row][\/vc_section][vc_section row_padding=&#8221;vpt-7 vpb-7&#8243;][vc_row row_padding=&#8221;&#8221;][vc_column width=&#8221;1\/2&#8243; col_sticky=&#8221;&#8221; offset=&#8221;vc_col-md-5&#8243;]<div class=\"vmb-3 wpb_content_element\" ><div class=\"heading heading--h2\"><p class=\"heading--subtitle \" >To nas wyr\u00f3\u017cnia<\/p><h2 class=\"heading  heading--subtitle-top \" >Akademia THOR otwiera przed tob\u0105 wszystkie drzwi w sektorze rzemie\u015blniczym<\/h2><\/div><\/div>[vc_column_text]<\/p>\n<p style=\"font-weight: 400;\">Dla nas nie jest wa\u017cne, sk\u0105d pochodzisz, ale dok\u0105d chcesz dotrze\u0107. Akademia THOR to idealne miejsce, aby lepiej si\u0119 pozna\u0107, podnie\u015b\u0107 i udoskonali\u0107 swoje kwalifikacje, a nawet spr\u00f3bowa\u0107 czego\u015b nowego.<\/p>\n<p style=\"font-weight: 400;\">Masz mo\u017cliwo\u015b\u0107 zdobycia i pog\u0142\u0119bienia swoich kwalifikacji zawodowych w wielu r\u00f3\u017cnych obszarach &#8211; od podstawowych kurs\u00f3w w poszczeg\u00f3lnych bran\u017cach fachowych po certyfikaty spawalnicze lub certyfikaty ch\u0142odnicze. Chcemy r\u00f3wnie\u017c stale wspiera\u0107 twoje umiej\u0119tno\u015bci personalne i dawa\u0107 ci, poprzez odpowiednie kursy, mo\u017cliwo\u015b\u0107 rozwoju w kierunku brygadzisty, kierownika budowy, a nawet kierownika projektu.<\/p>\n<p>Chcesz dowiedzie\u0107 si\u0119 wi\u0119cej o Akademii THOR?[\/vc_column_text]<div class=\"vmb-3 wpb_content_element\" ><div class=\"btn__wrapper \"><a href=\"https:\/\/www.thormontagen.de\/thor-akademie\/\" target=\"\" rel=\"\" title=\"Akademia THOR\" class=\"btn--ghost btn--secondary btn--sm\">Do Akademii THOR<\/a><\/div><\/div>[\/vc_column][vc_column width=&#8221;7\/12&#8243; col_sticky=&#8221;&#8221; offset=&#8221;vc_col-lg-offset-1 vc_col-lg-6&#8243;][vc_row_inner row_padding=&#8221;&#8221;][vc_column_inner width=&#8221;5\/6&#8243; offset=&#8221;vc_col-xs-10&#8243;][vc_single_image image=&#8221;4394&#8243; img_size=&#8221;large&#8221; elem_margin_bottom=&#8221;&#8221;][\/vc_column_inner][\/vc_row_inner][vc_row_inner row_padding=&#8221;&#8221;][vc_column_inner width=&#8221;2\/3&#8243; offset=&#8221;vc_col-sm-offset-4 vc_col-xs-offset-4 vc_col-xs-8&#8243;][vc_single_image image=&#8221;4303&#8243; img_size=&#8221;large&#8221; alignment=&#8221;right&#8221; elem_margin_bottom=&#8221;&#8221;][\/vc_column_inner][\/vc_row_inner][\/vc_column][\/vc_row][\/vc_section]<\/p>\n<\/div>","protected":false},"excerpt":{"rendered":"<p>[vc_section][vc_row row_padding=&#8221;&#8221;][vc_column][\/vc_column][\/vc_row][\/vc_section][vc_section row_padding=&#8221;vpt-7 vpb-7&#8243;][vc_row row_padding=&#8221;&#8221;][vc_column col_sticky=&#8221;&#8221;][\/vc_column][\/vc_row][\/vc_section][vc_section row_padding=&#8221;vpt-7 vpb-7&#8243;][vc_row row_padding=&#8221;&#8221;][vc_column width=&#8221;1\/2&#8243; col_sticky=&#8221;&#8221; offset=&#8221;vc_col-md-5&#8243;][vc_column_text] Dla nas nie jest wa\u017cne, sk\u0105d pochodzisz, ale dok\u0105d chcesz dotrze\u0107. Akademia \u2026<\/p>\n","protected":false},"author":8,"featured_media":0,"parent":4841,"menu_order":2,"comment_status":"closed","ping_status":"closed","template":"","meta":{"_acf_changed":false,"inline_featured_image":false,"footnotes":""},"class_list":["post-4864","page","type-page","status-publish","hentry"],"acf":[],"_links":{"self":[{"href":"https:\/\/www.thormontagen.de\/pl\/wp-json\/wp\/v2\/pages\/4864","targetHints":{"allow":["GET"]}}],"collection":[{"href":"https:\/\/www.thormontagen.de\/pl\/wp-json\/wp\/v2\/pages"}],"about":[{"href":"https:\/\/www.thormontagen.de\/pl\/wp-json\/wp\/v2\/types\/page"}],"author":[{"embeddable":true,"href":"https:\/\/www.thormontagen.de\/pl\/wp-json\/wp\/v2\/users\/8"}],"replies":[{"embeddable":true,"href":"https:\/\/www.thormontagen.de\/pl\/wp-json\/wp\/v2\/comments?post=4864"}],"version-history":[{"count":8,"href":"https:\/\/www.thormontagen.de\/pl\/wp-json\/wp\/v2\/pages\/4864\/revisions"}],"predecessor-version":[{"id":34180,"href":"https:\/\/www.thormontagen.de\/pl\/wp-json\/wp\/v2\/pages\/4864\/revisions\/34180"}],"up":[{"embeddable":true,"href":"https:\/\/www.thormontagen.de\/pl\/wp-json\/wp\/v2\/pages\/4841"}],"wp:attachment":[{"href":"https:\/\/www.thormontagen.de\/pl\/wp-json\/wp\/v2\/media?parent=4864"}],"curies":[{"name":"wp","href":"https:\/\/api.w.org\/{rel}","templated":true}]}}