{"id":5063,"date":"2023-09-13T07:50:41","date_gmt":"2023-09-13T07:50:41","guid":{"rendered":"https:\/\/www.thormontagen.de\/rozwiazania\/"},"modified":"2024-09-19T14:57:40","modified_gmt":"2024-09-19T14:57:40","slug":"rozwiazania","status":"publish","type":"page","link":"https:\/\/www.thormontagen.de\/pl\/rozwiazania\/","title":{"rendered":"Rozwi\u0105zania"},"content":{"rendered":"<div class=\"wpb-content-wrapper\"><p>[vc_section][vc_row row_padding=&#8221;&#8221;][vc_column]<div class=\" vmb-3  wpb_content_element\" ><div class=\"hero hero--c\"><div class=\"hero__content\"><div class=\"hero__title\"><p class=\"heading--subtitle\">ROZWI\u0104ZANIA DLA TWOJEGO PROJEKTU<\/p><h1>Partner instalacyjny w zakresie technologii dla dom\u00f3w, budynk\u00f3w i zaopatrzenia<\/h1><\/div><ul class=\"hero__bullets icon-list icon-list--check-circle\"><li>Rozw\u00f3j i standaryzacja proces\u00f3w monta\u017cowych<br \/><\/li>\n<li>Rekrutacja i wdra\u017canie zespo\u0142\u00f3w monta\u017cowych<br \/><\/li>\n<li>Kwalifikacja ukierunkowana na wymagania projektu<\/li><\/ul><div class=\"hero__text\"><p>Opracowujemy procesy monta\u017cowe dla naszych klient\u00f3w i kwalifikujemy zespo\u0142y monta\u017cowe w THOR Academy w oparciu o odpowiednie obszary zastosowa\u0144. Od profesjonalnego rejestrowania wymaga\u0144 po uruchomienie i przekazanie system\u00f3w, przejmujemy ca\u0142y proces monta\u017cu.<\/p>\n<p>Czy planujesz projekty budowlane w domu, budownictwie i zaopatrzeniu? W takim razie chcemy ci\u0119 pozna\u0107!<\/p>\n<\/div><div class=\"hero__buttons\"><a href=\"https:\/\/www.thormontagen.de\/pl\/rozwiazania\/budownictwo-mieszkaniowe\/#anfrage\" target=\"\" title=\"Rozwi\u0105zania\" class=\"btn--full btn--primary btn--sm hero__btn \">Zam\u00f3w zesp\u00f3\u0142 monta\u017cowy ju\u017c teraz<\/a><\/div><\/div><div class=\"hero__images\"><div class=\"hero__img hero__img--1\"><img decoding=\"async\" src=\"https:\/\/www.thormontagen.de\/wp-content\/uploads\/Thor_Loesungen_Hero_1-1024x683.jpg\" srcset=\"https:\/\/www.thormontagen.de\/wp-content\/uploads\/Thor_Loesungen_Hero_1-300x200.jpg 300w, https:\/\/www.thormontagen.de\/wp-content\/uploads\/Thor_Loesungen_Hero_1-1024x683.jpg 1024w, https:\/\/www.thormontagen.de\/wp-content\/uploads\/Thor_Loesungen_Hero_1-768x512.jpg 768w, https:\/\/www.thormontagen.de\/wp-content\/uploads\/Thor_Loesungen_Hero_1-1536x1025.jpg 1536w, https:\/\/www.thormontagen.de\/wp-content\/uploads\/Thor_Loesungen_Hero_1-2048x1366.jpg 2048w, https:\/\/www.thormontagen.de\/wp-content\/uploads\/Thor_Loesungen_Hero_1.jpg 2000w\" alt=\"\" \/><\/div><div class=\"hero__img hero__img--2\"><img decoding=\"async\" src=\"https:\/\/www.thormontagen.de\/wp-content\/uploads\/Thor_Loesungen_Hero_2-1024x683.jpg\" srcset=\"https:\/\/www.thormontagen.de\/wp-content\/uploads\/Thor_Loesungen_Hero_2-300x200.jpg 300w, https:\/\/www.thormontagen.de\/wp-content\/uploads\/Thor_Loesungen_Hero_2-1024x683.jpg 1024w, https:\/\/www.thormontagen.de\/wp-content\/uploads\/Thor_Loesungen_Hero_2-768x512.jpg 768w, https:\/\/www.thormontagen.de\/wp-content\/uploads\/Thor_Loesungen_Hero_2-1536x1024.jpg 1536w, https:\/\/www.thormontagen.de\/wp-content\/uploads\/Thor_Loesungen_Hero_2-2048x1365.jpg 2048w, https:\/\/www.thormontagen.de\/wp-content\/uploads\/Thor_Loesungen_Hero_2.jpg 2000w\" alt=\"\" \/><\/div><\/div><\/div><\/div><\/div>[\/vc_column][\/vc_row][\/vc_section][vc_section row_padding=&#8221;vpt-7 vpb-7&#8243;][vc_row row_padding=&#8221;custom&#8221; row_padding_bottom=&#8221;vpb-1&#8243;][vc_column width=&#8221;5\/6&#8243; col_sticky=&#8221;&#8221; offset=&#8221;vc_col-md-offset-2 vc_col-md-8 vc_col-sm-offset-1&#8243;]<div class=\"vmb-3 wpb_content_element\" ><div class=\"heading heading--h2\"><p class=\"heading--subtitle heading--center\" >TWOJE ZALETY<\/p><h2 class=\"heading  heading--subtitle-top heading--center\" >To nas wyr\u00f3\u017cnia<\/h2><\/div><\/div>[\/vc_column][\/vc_row][vc_row row_padding=&#8221;custom&#8221; row_padding_bottom=&#8221;vpb-5&#8243;][vc_column width=&#8221;1\/3&#8243; col_sticky=&#8221;&#8221;]<div class=\"wpb_content_element vmb-3 wpb_content_element\" ><div class=\"feature feature--box\"><h3 class=\"feature__heading color--wave\"><span class=\"feature__icon feature__icon--69e21a3a73edc \"><\/span>System kwalifikacji<\/h3><div class=\"feature__content\"><p style=\"font-weight: 400;\">Niezale\u017cnie od tego, czy chodzi o wyspecjalizowanego montera, brygadzist\u0119 czy kierownika budowy &#8211; kwalifikujemy naszych monter\u00f3w specjalnie pod k\u0105tem wymaga\u0144 projekt\u00f3w budowlanych. Aby mie\u0107 pewno\u015b\u0107, \u017ce ka\u017cde zadanie wykonywane jest perfekcyjnie, trenujemy w Akademii THOR w realistycznych warunkach, takich jak na placu budowy.<\/p>\n<\/div><\/div><\/div>[\/vc_column][vc_column width=&#8221;1\/3&#8243;]<div class=\"wpb_content_element vmb-3 wpb_content_element\" ><div class=\"feature feature--box\"><h3 class=\"feature__heading color--wave\"><span class=\"feature__icon feature__icon--69e21a3a7400e \"><\/span>Sprz\u0119t i materia\u0142y<\/h3><div class=\"feature__content\"><p style=\"font-weight: 400;\">Dzi\u0119ki wysokiej jako\u015bci narz\u0119dziom i maszynom wspieramy sprawne funkcjonowanie projektu budowlanego. Zajmujemy si\u0119 r\u00f3wnie\u017c kontrol\u0105 i zarz\u0105dzaniem konserwacj\u0105. Ponadto gwarantujemy dostaw\u0119 kompletnego systemu just-in-time, a tak\u017ce przewozimy wszystkie materia\u0142y eksploatacyjne i monta\u017cowe w ramach pakiet\u00f3w serwisowych w naszych pojazdach.<\/p>\n<\/div><\/div><\/div>[\/vc_column][vc_column width=&#8221;1\/3&#8243;]<div class=\"wpb_content_element vmb-3 wpb_content_element\" ><div class=\"feature feature--box\"><h3 class=\"feature__heading color--wave\"><span class=\"feature__icon feature__icon--69e21a3a7411b \"><\/span>Mobilno\u015b\u0107 i logistyka<\/h3><div class=\"feature__content\"><p style=\"font-weight: 400;\">Nasi specjali\u015bci ds. monta\u017cu przyje\u017cd\u017caj\u0105 bezpo\u015brednio na plac budowy naszymi pojazdami s\u0142u\u017cbowymi. Ponosimy koszty tankowania i zajmujemy si\u0119 konserwacj\u0105 i zarz\u0105dzaniem us\u0142ugami. Organizujemy r\u00f3wnie\u017c zakwaterowanie w miejscu zlecenia.<\/p>\n<\/div><\/div><\/div>[\/vc_column][\/vc_row][vc_row row_padding=&#8221;custom&#8221; row_padding_top=&#8221;vpt-3&#8243; row_padding_bottom=&#8221;vpb-5&#8243;][vc_column]<div class=\"vmb-3 wpb_content_element\" ><div class=\"btn__wrapper btn__wrapper--center\"><a href=\"https:\/\/www.thormontagen.de\/pl\/rozwiazania\/#fachgewerke\" target=\"\" rel=\"\" title=\"\" class=\"btn--full btn--primary btn--md\">Zam\u00f3w zesp\u00f3\u0142 monta\u017cowy ju\u017c teraz<\/a><\/div><\/div>[\/vc_column][\/vc_row][vc_row row_padding=&#8221;custom&#8221; row_padding_bottom=&#8221;vpb-3&#8243;][vc_column width=&#8221;2\/3&#8243; col_sticky=&#8221;&#8221; offset=&#8221;vc_col-lg-6 vc_col-md-7 vc_col-sm-offset-2&#8243;]<div class=\"vmb-3 wpb_content_element\" ><div class=\"heading heading--h2\"><p class=\"heading--subtitle \" >ZESPO\u0141Y MONTA\u017bOWE W AKCJI<\/p><h2 class=\"heading  heading--subtitle-top \" >Znajdziemy dla Ciebie najlepsze rozwi\u0105zanie w nast\u0119puj\u0105cych obszarach<\/h2><\/div><\/div>[\/vc_column][\/vc_row][vc_row row_padding=&#8221;&#8221;][vc_column]<div class=\"vmb-3 wpb_content_element\" ><div class=\"cards grid-3\"><a href=\"https:\/\/www.thormontagen.de\/loesungen\/wohnungsbau\/\" class=\"card card--simple\" ><div class=\"card__thumbnail\"><img loading=\"lazy\" decoding=\"async\" src=\"https:\/\/www.thormontagen.de\/wp-content\/uploads\/THOR_Wohnungsbau_Hero_1-1.jpg\" srcset=\"https:\/\/www.thormontagen.de\/wp-content\/uploads\/THOR_Wohnungsbau_Hero_1-1.jpg 563w, https:\/\/www.thormontagen.de\/wp-content\/uploads\/THOR_Wohnungsbau_Hero_1-1-300x225.jpg 300w\" alt=\"THOR_Wohnungsbau_Hero_1\" width=\"563\" height=\"422\" \/><\/div><p class=\"card__title \">F\u00fcr den Wohnungsbau<\/p><\/a><a href=\"https:\/\/www.thormontagen.de\/loesungen\/gebaeudesanierung\/\" class=\"card card--simple\" ><div class=\"card__thumbnail\"><img loading=\"lazy\" decoding=\"async\" src=\"https:\/\/www.thormontagen.de\/wp-content\/uploads\/Thor_Loesungen_Strangsanierung_Hero_1-1.jpg\" srcset=\"https:\/\/www.thormontagen.de\/wp-content\/uploads\/Thor_Loesungen_Strangsanierung_Hero_1-1.jpg 563w, https:\/\/www.thormontagen.de\/wp-content\/uploads\/Thor_Loesungen_Strangsanierung_Hero_1-1-300x225.jpg 300w\" alt=\"Thor_L\u00f6sungen_Strangsanierung_Hero_1\" width=\"563\" height=\"422\" \/><\/div><p class=\"card__title \">F\u00fcr die Geb\u00e4udesanierung<\/p><\/a><a href=\"https:\/\/www.thormontagen.de\/loesungen\/einfamilienhaeuser\/\" class=\"card card--simple\" ><div class=\"card__thumbnail\"><img loading=\"lazy\" decoding=\"async\" src=\"https:\/\/www.thormontagen.de\/wp-content\/uploads\/THOR_Einfamilienhausbau_Hero_1-1.jpg\" srcset=\"https:\/\/www.thormontagen.de\/wp-content\/uploads\/THOR_Einfamilienhausbau_Hero_1-1.jpg 563w, https:\/\/www.thormontagen.de\/wp-content\/uploads\/THOR_Einfamilienhausbau_Hero_1-1-300x225.jpg 300w\" alt=\"THOR_Einfamilienhausbau_Hero_1\" width=\"563\" height=\"422\" \/><\/div><p class=\"card__title \">F\u00fcr Einfamilienh\u00e4user<\/p><\/a><a href=\"https:\/\/www.thormontagen.de\/loesungen\/photovoltaik\/\" class=\"card card--simple\" ><div class=\"card__thumbnail\"><img loading=\"lazy\" decoding=\"async\" src=\"https:\/\/www.thormontagen.de\/wp-content\/uploads\/Thor_Loesungen_Photovoltaik_Hero1-1.jpg\" srcset=\"https:\/\/www.thormontagen.de\/wp-content\/uploads\/Thor_Loesungen_Photovoltaik_Hero1-1.jpg 563w, https:\/\/www.thormontagen.de\/wp-content\/uploads\/Thor_Loesungen_Photovoltaik_Hero1-1-300x225.jpg 300w\" alt=\"Thor_L\u00f6sungen_Photovoltaik_Hero1\" width=\"563\" height=\"422\" \/><\/div><p class=\"card__title \">F\u00fcr Photovoltaikanlagen<\/p><\/a><a href=\"https:\/\/www.thormontagen.de\/loesungen\/gesundheitswesen\/\" class=\"card card--simple\" ><div class=\"card__thumbnail\"><img loading=\"lazy\" decoding=\"async\" src=\"https:\/\/www.thormontagen.de\/wp-content\/uploads\/Thor_Loesungen_Gesundheit_Hero1.jpg\" srcset=\"https:\/\/www.thormontagen.de\/wp-content\/uploads\/Thor_Loesungen_Gesundheit_Hero1.jpg 562w, https:\/\/www.thormontagen.de\/wp-content\/uploads\/Thor_Loesungen_Gesundheit_Hero1-300x224.jpg 300w\" alt=\"Thor_L\u00f6sungen_Gesundheit_Hero1\" width=\"562\" height=\"420\" \/><\/div><p class=\"card__title \">F\u00fcr das Gesundheitswesen<\/p><\/a><a href=\"https:\/\/www.thormontagen.de\/loesungen\/einzelhandel\/\" class=\"card card--simple\" ><div class=\"card__thumbnail\"><img loading=\"lazy\" decoding=\"async\" src=\"https:\/\/www.thormontagen.de\/wp-content\/uploads\/THOR_Einzelhandel_Hero_1-2.jpg\" srcset=\"https:\/\/www.thormontagen.de\/wp-content\/uploads\/THOR_Einzelhandel_Hero_1-2.jpg 563w, https:\/\/www.thormontagen.de\/wp-content\/uploads\/THOR_Einzelhandel_Hero_1-2-300x225.jpg 300w\" alt=\"THOR_Einzelhandel_Hero_1\" width=\"563\" height=\"422\" \/><\/div><p class=\"card__title \">F\u00fcr den Einzelhandel<\/p><\/a><\/a><\/div>[\/vc_column][\/vc_row][\/vc_section][vc_row row_padding=&#8221;custom&#8221; row_padding_top=&#8221;vpt-5&#8243; row_padding_bottom=&#8221;vpb-5&#8243;][vc_column]<div class=\"vmb-3 wpb_content_element\" ><div class=\"youtube\"><div class=\"youtube__inner\"><div class=\"BorlabsCookie _brlbs-cb-youtube\"><div class=\"_brlbs-content-blocker\"> <div class=\"_brlbs-embed _brlbs-video-youtube\"> <img class=\"_brlbs-thumbnail\" src=\"https:\/\/www.thormontagen.de\/wp-content\/plugins\/borlabs-cookie\/assets\/images\/cb-no-thumbnail.png\" alt=\"YouTube\"> <div class=\"_brlbs-caption\"> <p>Mit dem Laden des Videos akzeptieren Sie die Datenschutzerkl\u00e4rung von YouTube.<br><a href=\"https:\/\/policies.google.com\/privacy\" target=\"_blank\" rel=\"nofollow noopener noreferrer\">Mehr erfahren<\/a><\/p> <p><a class=\"_brlbs-btn _brlbs-icon-play-white\" href=\"#\" data-borlabs-cookie-unblock role=\"button\">Video laden<\/a><\/p> <p><label><input type=\"checkbox\" name=\"unblockAll\" value=\"1\" checked> <small>YouTube immer entsperren<\/small><\/label><\/p> <\/div> <\/div> <\/div><div class=\"borlabs-hide\" data-borlabs-cookie-type=\"content-blocker\" data-borlabs-cookie-id=\"youtube\"><script type=\"text\/template\">PGlmcmFtZSBsb2FkaW5nPSJsYXp5IiB3aWR0aD0iMTkyMCIgaGVpZ2h0PSIxMDgwIiBzcmM9Imh0dHBzOi8vd3d3LnlvdXR1YmUtbm9jb29raWUuY29tL2VtYmVkLzZzUk1EY19BbnJ3IiB0aXRsZT0iWW91VHViZSB2aWRlbyBwbGF5ZXIiIGZyYW1lYm9yZGVyPSIwIiBhbGxvdz0iYWNjZWxlcm9tZXRlcjsgYXV0b3BsYXk7IGNsaXBib2FyZC13cml0ZTsgZW5jcnlwdGVkLW1lZGlhOyBneXJvc2NvcGU7IHBpY3R1cmUtaW4tcGljdHVyZTsgd2ViLXNoYXJlIiBhbGxvd2Z1bGxzY3JlZW4+PC9pZnJhbWU+<\/script><\/div><\/div><\/div><\/div><\/div>[\/vc_column][\/vc_row][vc_section row_padding=&#8221;vpt-7 vpb-7&#8243; row_bg_color=&#8221;bg&#8211;color&#8211;grey-1&#8243;][vc_row row_padding=&#8221;custom&#8221; row_padding_bottom=&#8221;vpb-7&#8243;][vc_column width=&#8221;5\/12&#8243; col_sticky=&#8221;&#8221; offset=&#8221;vc_col-md-4 vc_col-sm-offset-1&#8243;][vc_row_inner row_padding=&#8221;&#8221;][vc_column_inner width=&#8221;5\/6&#8243; offset=&#8221;vc_col-xs-10&#8243;][vc_single_image image=&#8221;17171&#8243; img_size=&#8221;1000&#215;700&#8243;][\/vc_column_inner][\/vc_row_inner][vc_row_inner row_padding=&#8221;&#8221;][vc_column_inner width=&#8221;2\/3&#8243; offset=&#8221;vc_col-sm-offset-4 vc_col-xs-offset-2 vc_col-xs-10&#8243;][vc_single_image image=&#8221;3766&#8243; img_size=&#8221;1000X800&#8243;][\/vc_column_inner][\/vc_row_inner][\/vc_column][vc_column width=&#8221;1\/2&#8243; col_sticky=&#8221;&#8221; offset=&#8221;vc_col-md-offset-1 vc_col-md-5&#8243;]<div class=\"wpb_content_element\" ><div class=\"heading heading--h2\"><p class=\"heading--subtitle \" >PRZEWAGA DZI\u0118KI KWALIFIKACJOM<\/p><h2 class=\"heading  heading--subtitle-top \" >Specjali\u015bci z Akademii THOR<\/h2><\/div><\/div>[vc_column_text]<\/p>\n<p style=\"font-weight: 400;\">Akademia THOR to centrum szkoleniowe i kwalifikacyjne dla bran\u017cy rzemios\u0142a. Dzi\u0119ki opracowanemu tutaj podej\u015bciu szkoleniowemu jeste\u015bmy zorientowani na wymagania rynku i kwalifikujemy naszych monter\u00f3w do ich zada\u0144 w zakresie monta\u017cu instalacji budowlanych.<\/p>\n<p style=\"font-weight: 400;\">Dla du\u017cych projekt\u00f3w naszych klient\u00f3w opracowujemy indywidualne programy szkoleniowe i kwalifikujemy monter\u00f3w zar\u00f3wno na stanowiskach szkoleniowych, jak i w realistycznych warunkach, takich jakie panuj\u0105 na placu budowy.<\/p>\n<ul>\n<li>Kursy podstawowe i rozszerzone dla poszczeg\u00f3lnych bran\u017c<\/li>\n<li>Kursy specjalistyczne i rozw\u00f3j w kierunku umiej\u0119tno\u015bci zarz\u0105dzania<\/li>\n<li>Indywidualne programy szkoleniowe dla naszych partner\u00f3w projektowych<\/li>\n<\/ul>\n<p>[\/vc_column_text]<div class=\"vmb-3 wpb_content_element\" ><div class=\"btn__wrapper btn__wrapper--center\"><a href=\"https:\/\/www.thormontagen.de\/pl\/akademia-thor\/\" target=\"\" rel=\"\" title=\"Akademia THOR\" class=\"btn--full btn--primary btn--md\">Wi\u0119cej informacji na temat Akademii THOR<\/a><\/div><\/div>[\/vc_column][\/vc_row][vc_row row_padding=&#8221;custom&#8221; row_padding_bottom=&#8221;vpb-7&#8243;][vc_column][\/vc_column][\/vc_row][\/vc_section]<\/p>\n<\/div>","protected":false},"excerpt":{"rendered":"ROZWI\u0104ZANIA DLA TWOJEGO PROJEKTUPartner instalacyjny w zakresie technologii dla dom\u00f3w, budynk\u00f3w i zaopatrzeniaRozw\u00f3j i standaryzacja proces\u00f3w monta\u017cowych Rekrutacja i wdra\u017canie zespo\u0142\u00f3w monta\u017cowych Kwalifikacja ukierunkowana \u2026","protected":false},"author":8,"featured_media":0,"parent":0,"menu_order":9,"comment_status":"closed","ping_status":"closed","template":"","meta":{"_acf_changed":false,"inline_featured_image":false,"footnotes":""},"class_list":["post-5063","page","type-page","status-publish","hentry"],"acf":[],"_links":{"self":[{"href":"https:\/\/www.thormontagen.de\/pl\/wp-json\/wp\/v2\/pages\/5063","targetHints":{"allow":["GET"]}}],"collection":[{"href":"https:\/\/www.thormontagen.de\/pl\/wp-json\/wp\/v2\/pages"}],"about":[{"href":"https:\/\/www.thormontagen.de\/pl\/wp-json\/wp\/v2\/types\/page"}],"author":[{"embeddable":true,"href":"https:\/\/www.thormontagen.de\/pl\/wp-json\/wp\/v2\/users\/8"}],"replies":[{"embeddable":true,"href":"https:\/\/www.thormontagen.de\/pl\/wp-json\/wp\/v2\/comments?post=5063"}],"version-history":[{"count":5,"href":"https:\/\/www.thormontagen.de\/pl\/wp-json\/wp\/v2\/pages\/5063\/revisions"}],"predecessor-version":[{"id":27819,"href":"https:\/\/www.thormontagen.de\/pl\/wp-json\/wp\/v2\/pages\/5063\/revisions\/27819"}],"wp:attachment":[{"href":"https:\/\/www.thormontagen.de\/pl\/wp-json\/wp\/v2\/media?parent=5063"}],"curies":[{"name":"wp","href":"https:\/\/api.w.org\/{rel}","templated":true}]}}