{"id":5080,"date":"2023-09-13T08:50:22","date_gmt":"2023-09-13T08:50:22","guid":{"rendered":"https:\/\/www.thormontagen.de\/rozwiazania\/budowa-mieszkan\/"},"modified":"2024-09-19T14:57:34","modified_gmt":"2024-09-19T14:57:34","slug":"budownictwo-mieszkaniowe","status":"publish","type":"page","link":"https:\/\/www.thormontagen.de\/pl\/rozwiazania\/budownictwo-mieszkaniowe\/","title":{"rendered":"Budowa mieszka\u0144"},"content":{"rendered":"<div class=\"wpb-content-wrapper\"><p>[vc_section][vc_row row_padding=&#8221;&#8221;][vc_column]<div class=\" vmb-3  wpb_content_element\" ><div class=\"hero hero--c\"><div class=\"hero__content\"><div class=\"hero__title\"><p class=\"heading--subtitle\">ROZWI\u0104ZANIA DLA BUDOWNICTWA MIESZKANIOWEGO<\/p><h1>Tw\u00f3j partner monta\u017cowy dla projekt\u00f3w budownictwa mieszkaniowego<\/h1><\/div><ul class=\"hero__bullets icon-list icon-list--check-circle\"><li>Rozw\u00f3j i standaryzacja proces\u00f3w monta\u017cowych<br \/><\/li>\n<li>Rekrutacja i wdra\u017canie zespo\u0142\u00f3w monta\u017cowych<br \/><\/li>\n<li>Kwalifikacja ukierunkowana na wymagania projektu<\/li><\/ul><div class=\"hero__text\"><p>W THOR wszystko kr\u0119ci si\u0119 wok\u00f3\u0142 rzemios\u0142a i ludzi, kt\u00f3rzy s\u0105 w tym najlepsi. Dzi\u0119ki kompleksowej koncepcji kwalifikacji, kt\u00f3ra jest dostosowana do obszar\u00f3w pracy wykwalifikowanych monter\u00f3w, zawsze jeste\u015bmy przygotowani na zmieniaj\u0105ce si\u0119 potrzeby rynku.<\/p>\n<p>W przypadku budowy nowych mieszka\u0144 tworzymy zespo\u0142y instalacyjne zajmuj\u0105ce si\u0119 instalacj\u0105 elektryczn\u0105 budynku, systemami grzewczymi, a tak\u017ce technologi\u0105 sanitarn\u0105. Od profesjonalnego rejestrowania wymaga\u0144 po uruchomienie i przekazanie system\u00f3w, przejmujemy ca\u0142y proces monta\u017cu.<\/p>\n<p>Planujesz projekty mieszkaniowe? W takim razie chcemy ci\u0119 pozna\u0107!<\/p>\n<\/div><div class=\"hero__buttons\"><a href=\"https:\/\/www.thormontagen.de\/pl\/rozwiazania\/budowa-mieszkan\/#anfrage\" target=\"\" title=\"Rozwi\u0105zania\" class=\"btn--full btn--primary btn--sm hero__btn \">Zam\u00f3w zesp\u00f3\u0142 monta\u017cowy ju\u017c teraz<\/a><\/div><\/div><div class=\"hero__images\"><div class=\"hero__img hero__img--1\"><img decoding=\"async\" src=\"https:\/\/www.thormontagen.de\/wp-content\/uploads\/THOR_Wohnungsbau_Hero_1-1.jpg\" srcset=\"https:\/\/www.thormontagen.de\/wp-content\/uploads\/THOR_Wohnungsbau_Hero_1-1-300x225.jpg 300w, https:\/\/www.thormontagen.de\/wp-content\/uploads\/THOR_Wohnungsbau_Hero_1-1.jpg 563w\" alt=\"THOR_Wohnungsbau_Hero_1\" \/><\/div><div class=\"hero__img hero__img--2\"><img decoding=\"async\" src=\"https:\/\/www.thormontagen.de\/wp-content\/uploads\/THOR_Wohnungsbau_Hero_2_1-1.jpg\" srcset=\"https:\/\/www.thormontagen.de\/wp-content\/uploads\/THOR_Wohnungsbau_Hero_2_1-1-300x208.jpg 300w, https:\/\/www.thormontagen.de\/wp-content\/uploads\/THOR_Wohnungsbau_Hero_2_1-1.jpg 458w\" alt=\"THOR_Wohnungsbau_Hero\" \/><\/div><\/div><\/div><\/div><\/div>[\/vc_column][\/vc_row][\/vc_section][vc_section row_padding=&#8221;vpt-7 vpb-7&#8243;][vc_row row_padding=&#8221;custom&#8221; row_padding_bottom=&#8221;vpb-1&#8243;][vc_column width=&#8221;5\/6&#8243; col_sticky=&#8221;&#8221; offset=&#8221;vc_col-md-offset-2 vc_col-md-8 vc_col-sm-offset-1&#8243;]<div class=\"vmb-3 wpb_content_element\" ><div class=\"heading heading--h2\"><p class=\"heading--subtitle heading--center\" >Korzy\u015bci dla ciebie<\/p><h2 class=\"heading  heading--subtitle-top heading--center\" >To nas wyr\u00f3\u017cnia<\/h2><\/div><\/div>[\/vc_column][\/vc_row][vc_row row_padding=&#8221;custom&#8221; row_padding_bottom=&#8221;vpb-5&#8243;][vc_column width=&#8221;1\/3&#8243; col_sticky=&#8221;&#8221;]<div class=\"wpb_content_element vmb-3 wpb_content_element\" ><div class=\"feature feature--box\"><h3 class=\"feature__heading color--wave\"><span class=\"feature__icon feature__icon--69e21368cd305 \"><\/span>System kwalifikacji<\/h3><div class=\"feature__content\"><p>Niezale\u017cnie od tego, czy chodzi o wyspecjalizowanego montera, brygadzist\u0119 czy kierownika budowy &#8211; kwalifikujemy naszych monter\u00f3w specjalnie pod k\u0105tem wymaga\u0144 projekt\u00f3w budowlanych. Aby mie\u0107 pewno\u015b\u0107, \u017ce ka\u017cde zadanie wykonywane jest perfekcyjnie, trenujemy w Akademii THOR w realistycznych warunkach, takich jak na placu budowy.<\/p>\n<\/div><\/div><\/div>[\/vc_column][vc_column width=&#8221;1\/3&#8243;]<div class=\"wpb_content_element vmb-3 wpb_content_element\" ><div class=\"feature feature--box\"><h3 class=\"feature__heading color--wave\"><span class=\"feature__icon feature__icon--69e21368cd452 \"><\/span>Sprz\u0119t i materia\u0142y<\/h3><div class=\"feature__content\"><p>Dzi\u0119ki wysokiej jako\u015bci narz\u0119dziom i maszynom wspieramy sprawne funkcjonowanie projektu budowlanego. Zajmujemy si\u0119 r\u00f3wnie\u017c kontrol\u0105 i zarz\u0105dzaniem konserwacj\u0105. Ponadto gwarantujemy dostaw\u0119 kompletnego systemu just-in-time, a tak\u017ce przewozimy wszystkie materia\u0142y eksploatacyjne i monta\u017cowe w ramach pakiet\u00f3w serwisowych w naszych pojazdach.<\/p>\n<\/div><\/div><\/div>[\/vc_column][vc_column width=&#8221;1\/3&#8243;]<div class=\"wpb_content_element vmb-3 wpb_content_element\" ><div class=\"feature feature--box\"><h3 class=\"feature__heading color--wave\"><span class=\"feature__icon feature__icon--69e21368cd55e \"><\/span>Mobilno\u015b\u0107 i logistyka<\/h3><div class=\"feature__content\"><p>Nasi specjali\u015bci ds. monta\u017cu przyje\u017cd\u017caj\u0105 bezpo\u015brednio na plac budowy naszymi pojazdami s\u0142u\u017cbowymi. Ponosimy koszty tankowania i zajmujemy si\u0119 konserwacj\u0105 i zarz\u0105dzaniem us\u0142ugami. Organizujemy r\u00f3wnie\u017c zakwaterowanie w miejscu zlecenia.<\/p>\n<\/div><\/div><\/div>[\/vc_column][\/vc_row][vc_row row_padding=&#8221;custom&#8221; row_padding_bottom=&#8221;vpb-7&#8243;][vc_column]<div class=\"vmb-3 wpb_content_element\" ><div class=\"btn__wrapper btn__wrapper--center\"><a href=\"https:\/\/www.thormontagen.de\/pl\/rozwiazania\/budowa-mieszkan\/#anfrage\" target=\"\" rel=\"\" title=\"\" class=\"btn--full btn--primary btn--md\">Zam\u00f3w zesp\u00f3\u0142 monta\u017cowy ju\u017c teraz<\/a><\/div><\/div>[\/vc_column][\/vc_row][vc_row row_padding=&#8221;&#8221;][vc_column]<div class=\"vmb-3 wpb_content_element\" ><div class=\"youtube\"><div class=\"youtube__inner\"><div class=\"BorlabsCookie _brlbs-cb-youtube\"><div class=\"_brlbs-content-blocker\"> <div class=\"_brlbs-embed _brlbs-video-youtube\"> <img class=\"_brlbs-thumbnail\" src=\"https:\/\/www.thormontagen.de\/wp-content\/plugins\/borlabs-cookie\/assets\/images\/cb-no-thumbnail.png\" alt=\"YouTube\"> <div class=\"_brlbs-caption\"> <p>Mit dem Laden des Videos akzeptieren Sie die Datenschutzerkl\u00e4rung von YouTube.<br><a href=\"https:\/\/policies.google.com\/privacy\" target=\"_blank\" rel=\"nofollow noopener noreferrer\">Mehr erfahren<\/a><\/p> <p><a class=\"_brlbs-btn _brlbs-icon-play-white\" href=\"#\" data-borlabs-cookie-unblock role=\"button\">Video laden<\/a><\/p> <p><label><input type=\"checkbox\" name=\"unblockAll\" value=\"1\" checked> <small>YouTube immer entsperren<\/small><\/label><\/p> <\/div> <\/div> <\/div><div class=\"borlabs-hide\" data-borlabs-cookie-type=\"content-blocker\" data-borlabs-cookie-id=\"youtube\"><script type=\"text\/template\">PGlmcmFtZSBsb2FkaW5nPSJsYXp5IiB3aWR0aD0iMTkyMCIgaGVpZ2h0PSIxMDgwIiBzcmM9Imh0dHBzOi8vd3d3LnlvdXR1YmUtbm9jb29raWUuY29tL2VtYmVkLzZzUk1EY19BbnJ3IiB0aXRsZT0iWW91VHViZSB2aWRlbyBwbGF5ZXIiIGZyYW1lYm9yZGVyPSIwIiBhbGxvdz0iYWNjZWxlcm9tZXRlcjsgYXV0b3BsYXk7IGNsaXBib2FyZC13cml0ZTsgZW5jcnlwdGVkLW1lZGlhOyBneXJvc2NvcGU7IHBpY3R1cmUtaW4tcGljdHVyZTsgd2ViLXNoYXJlIiBhbGxvd2Z1bGxzY3JlZW4+PC9pZnJhbWU+<\/script><\/div><\/div><\/div><\/div><\/div>[\/vc_column][\/vc_row][\/vc_section][vc_section row_padding=&#8221;custom&#8221; row_padding_top=&#8221;vpt-7&#8243; row_bg_color=&#8221;bg&#8211;color&#8211;grey-1&#8243;][vc_row row_padding=&#8221;custom&#8221; row_padding_bottom=&#8221;vpb-7&#8243;][vc_column width=&#8221;5\/12&#8243; col_sticky=&#8221;&#8221; offset=&#8221;vc_col-md-4 vc_col-sm-offset-1&#8243;][vc_row_inner row_padding=&#8221;&#8221;][vc_column_inner width=&#8221;5\/6&#8243; offset=&#8221;vc_col-xs-10&#8243;][vc_single_image image=&#8221;4712&#8243; img_size=&#8221;500&#215;400&#8243;][\/vc_column_inner][\/vc_row_inner][vc_row_inner row_padding=&#8221;custom&#8221; row_padding_bottom=&#8221;vpb-3&#8243;][vc_column_inner width=&#8221;2\/3&#8243; offset=&#8221;vc_col-sm-offset-4 vc_col-xs-offset-2 vc_col-xs-10&#8243;][vc_single_image image=&#8221;4716&#8243; img_size=&#8221;&#8221; alignment=&#8221;right&#8221; elem_margin_bottom=&#8221;&#8221;][\/vc_column_inner][\/vc_row_inner][\/vc_column][vc_column width=&#8221;1\/2&#8243; col_sticky=&#8221;&#8221; offset=&#8221;vc_col-md-offset-1&#8243;]<div class=\"wpb_content_element\" ><div class=\"heading heading--h2\"><p class=\"heading--subtitle \" >PRZEWAGA DZI\u0118KI KWALIFIKACJOM<\/p><h2 class=\"heading  heading--subtitle-top \" >Specjali\u015bci z Akademii THOR<\/h2><\/div><\/div>[vc_column_text]Akademia THOR to centrum szkoleniowe i kwalifikacyjne dla bran\u017cy rzemios\u0142a. Dzi\u0119ki opracowanemu tutaj podej\u015bciu szkoleniowemu jeste\u015bmy zorientowani na wymagania rynku i kwalifikujemy naszych monter\u00f3w do ich zada\u0144 w zakresie monta\u017cu instalacji budowlanych.<\/p>\n<p>Dla du\u017cych projekt\u00f3w naszych klient\u00f3w opracowujemy indywidualne programy szkoleniowe i kwalifikujemy monter\u00f3w zar\u00f3wno na stanowiskach szkoleniowych, jak i w realistycznych warunkach, takich jakie panuj\u0105 na placu budowy.[\/vc_column_text][\/vc_column][\/vc_row][vc_row row_padding=&#8221;custom&#8221; row_padding_bottom=&#8221;vpb-5&#8243;][vc_column width=&#8221;1\/3&#8243; col_sticky=&#8221;&#8221;]<div class=\"wpb_content_element vmb-3 wpb_content_element\" ><div class=\"feature \"><h3 class=\"feature__heading color--wave\"><span class=\"feature__icon feature__icon--69e21368cddc4 \"><\/span>Kursy podstawowe i rozszerzone dla poszczeg\u00f3lnych bran\u017c<\/h3><div class=\"feature__content\"><\/div><\/div><\/div>[\/vc_column][vc_column width=&#8221;1\/3&#8243;]<div class=\"wpb_content_element vmb-3 wpb_content_element\" ><div class=\"feature \"><h3 class=\"feature__heading color--wave\"><span class=\"feature__icon feature__icon--69e21368cdec8 \"><\/span>Kursy specjalistyczne i rozw\u00f3j w kierunku umiej\u0119tno\u015bci zarz\u0105dzania<\/h3><div class=\"feature__content\"><\/div><\/div><\/div>[\/vc_column][vc_column width=&#8221;1\/3&#8243;]<div class=\"wpb_content_element vmb-3 wpb_content_element\" ><div class=\"feature \"><h3 class=\"feature__heading color--wave\"><span class=\"feature__icon feature__icon--69e21368cdfb2 \"><\/span>Indywidualne programy szkoleniowe dla naszych partner\u00f3w projektowych<\/h3><div class=\"feature__content\"><\/div><\/div><\/div>[\/vc_column][\/vc_row][vc_row row_padding=&#8221;custom&#8221; row_padding_bottom=&#8221;vpb-7&#8243;][vc_column]<div class=\"vmb-3 wpb_content_element\" ><div class=\"btn__wrapper btn__wrapper--center\"><a href=\"https:\/\/www.thormontagen.de\/pl\/thor-akademie\/\" target=\"\" rel=\"\" title=\"\" class=\"btn--ghost btn--secondary btn--md\">Wi\u0119cej informacji na temat Akademii THOR<\/a><\/div><\/div>[\/vc_column][\/vc_row][vc_row row_padding=&#8221;&#8221; row_maxwidth=&#8221;&#8221;][vc_column width=&#8221;5\/6&#8243; col_sticky=&#8221;&#8221; offset=&#8221;vc_col-sm-offset-2&#8243;][vc_single_image image=&#8221;4526&#8243; img_size=&#8221;2000&#215;1200&#8243; alignment=&#8221;right&#8221;][\/vc_column][\/vc_row][\/vc_section][vc_row row_padding=&#8221;&#8221;][vc_column]<div class=\"templatera_shortcode\"><section class=\"vc_section vpt-7 vpb-7\"><div class=\"vc_container vc_maxwidth \"><div class=\"vc_row wpb_row vc_row-fluid vpt-1 vpb-1\"><div class=\"wpb_column vc_column_container vc_col-sm-10 vc_col-sm-offset-2\"><div class=\"vc_column-inner\"><div class=\"wpb_wrapper\"><div class=\"vmb-3 wpb_content_element\" ><div class=\"heading heading--h2\"><p class=\"heading--subtitle \" >OPINIE KLIENT\u00d3W<\/p><h2 class=\"heading  heading--subtitle-top \" >Co m\u00f3wi\u0105 nasi klienci<\/h2><\/div><\/div><\/div><\/div><\/div><\/div><\/div><div class=\"vc_container vc_maxwidth \"><div class=\"vc_row wpb_row vc_row-fluid\"><div class=\"wpb_column vc_column_container vc_col-sm-12 vc_col-lg-offset-1 vc_col-lg-9 vc_col-md-offset-1 vc_col-md-10\"><div class=\"vc_column-inner\"><div class=\"wpb_wrapper\"><div class=\"vmb-3 wpb_content_element\" ><div class=\"testimonials keen-slider\"><div class=\"testimonials__item keen-slider__slide\"><div class=\"testimonials__image\"><img loading=\"lazy\" decoding=\"async\" src=\"https:\/\/www.thormontagen.de\/wp-content\/uploads\/Baustelle-Muass-Bau-Foto-1K.png\" srcset=\"https:\/\/www.thormontagen.de\/wp-content\/uploads\/Baustelle-Muass-Bau-Foto-1K.png 1000w, https:\/\/www.thormontagen.de\/wp-content\/uploads\/Baustelle-Muass-Bau-Foto-1K-300x300.png 300w, https:\/\/www.thormontagen.de\/wp-content\/uploads\/Baustelle-Muass-Bau-Foto-1K-150x150.png 150w, https:\/\/www.thormontagen.de\/wp-content\/uploads\/Baustelle-Muass-Bau-Foto-1K-768x768.png 768w\" alt=\"\" width=\"1000\" height=\"1000\" \/><\/div><div class=\"testimonials__content\"><div class=\"testimonials__quote\">Monter THOR Miros\u0142aw i jego zesp\u00f3\u0142 HSL imponuj\u0105 wysokim poziomem wiedzy technicznej, silnym poczuciem odpowiedzialno\u015bci oraz niezale\u017cnym i zorganizowanym sposobem pracy. Jest dla nas niezwykle niezawodn\u0105 osob\u0105 kontaktow\u0105 na placu budowy i znacz\u0105co przyczynia si\u0119 do sprawnego przebiegu procesu oraz odci\u0105\u017cenia kierownictwa budowy. <\/div><div class=\"testimonials__company\"><div class=\"testimonials__company__logo\"><img loading=\"lazy\" decoding=\"async\" src=\"https:\/\/www.thormontagen.de\/wp-content\/uploads\/Maus_Logo-150x150.webp\" srcset=\"https:\/\/www.thormontagen.de\/wp-content\/uploads\/Maus_Logo-300x247.webp 300w, https:\/\/www.thormontagen.de\/wp-content\/uploads\/Maus_Logo-1024x844.webp 1024w, https:\/\/www.thormontagen.de\/wp-content\/uploads\/Maus_Logo-768x633.webp 768w, https:\/\/www.thormontagen.de\/wp-content\/uploads\/Maus_Logo-1536x1266.webp 1536w, https:\/\/www.thormontagen.de\/wp-content\/uploads\/Maus_Logo-2048x1688.webp 2048w\" alt=\"\" width=\"150\" height=\"150\" \/><\/div><div class=\"testimonials__company__text\">Dominik Rascher, Mauss Haustechnik GmbH & Co. KG<br \/><\/div><\/div><\/div><\/div><div class=\"testimonials__item keen-slider__slide\"><div class=\"testimonials__image\"><img loading=\"lazy\" decoding=\"async\" src=\"https:\/\/www.thormontagen.de\/wp-content\/uploads\/Jannes_Lehmann_Kundenstimme_Kaeltech-1024x1024.png\" srcset=\"https:\/\/www.thormontagen.de\/wp-content\/uploads\/Jannes_Lehmann_Kundenstimme_Kaeltech-1024x1024.png 1024w, https:\/\/www.thormontagen.de\/wp-content\/uploads\/Jannes_Lehmann_Kundenstimme_Kaeltech-300x300.png 300w, https:\/\/www.thormontagen.de\/wp-content\/uploads\/Jannes_Lehmann_Kundenstimme_Kaeltech-150x150.png 150w, https:\/\/www.thormontagen.de\/wp-content\/uploads\/Jannes_Lehmann_Kundenstimme_Kaeltech-768x768.png 768w, https:\/\/www.thormontagen.de\/wp-content\/uploads\/Jannes_Lehmann_Kundenstimme_Kaeltech-1536x1536.png 1536w, https:\/\/www.thormontagen.de\/wp-content\/uploads\/Jannes_Lehmann_Kundenstimme_Kaeltech.png 2000w\" alt=\"\" width=\"1024\" height=\"1024\" \/><\/div><div class=\"testimonials__content\"><div class=\"testimonials__quote\">To, co naprawd\u0119 doceniamy w Thor, to p\u0142ynna i nieskomplikowana komunikacja ze sta\u0142\u0105 osob\u0105 kontaktow\u0105 w biurze oraz szybkie przetwarzanie zam\u00f3wie\u0144. Niezale\u017cnie od tego, czy chodzi o du\u017ce place budowy, czy klient\u00f3w prywatnych, monterzy Thor uzupe\u0142niaj\u0105 nasze zespo\u0142y o elastycznych, wykwalifikowanych i niezawodnych wsp\u00f3\u0142pracownik\u00f3w. <\/div><div class=\"testimonials__company\"><div class=\"testimonials__company__logo\"><img loading=\"lazy\" decoding=\"async\" src=\"https:\/\/www.thormontagen.de\/wp-content\/uploads\/Kaeltech_Logo-150x150.png\" srcset=\"https:\/\/www.thormontagen.de\/wp-content\/uploads\/Kaeltech_Logo-300x95.png 300w, https:\/\/www.thormontagen.de\/wp-content\/uploads\/Kaeltech_Logo-1024x325.png 1024w, https:\/\/www.thormontagen.de\/wp-content\/uploads\/Kaeltech_Logo-768x244.png 768w, https:\/\/www.thormontagen.de\/wp-content\/uploads\/Kaeltech_Logo-1536x487.png 1536w, https:\/\/www.thormontagen.de\/wp-content\/uploads\/Kaeltech_Logo-2048x650.png 2048w\" alt=\"\" width=\"150\" height=\"150\" \/><\/div><div class=\"testimonials__company__text\">Jannes Lehmann, K\u00e4ltech K\u00e4lte- und Klimatechnik GmbH<br \/><\/div><\/div><\/div><\/div><div class=\"testimonials__item keen-slider__slide\"><div class=\"testimonials__image\"><img loading=\"lazy\" decoding=\"async\" src=\"https:\/\/www.thormontagen.de\/wp-content\/uploads\/Kundenstimme_Guido_Schlueters.png\" srcset=\"https:\/\/www.thormontagen.de\/wp-content\/uploads\/Kundenstimme_Guido_Schlueters.png 876w, https:\/\/www.thormontagen.de\/wp-content\/uploads\/Kundenstimme_Guido_Schlueters-300x300.png 300w, https:\/\/www.thormontagen.de\/wp-content\/uploads\/Kundenstimme_Guido_Schlueters-150x150.png 150w, https:\/\/www.thormontagen.de\/wp-content\/uploads\/Kundenstimme_Guido_Schlueters-768x768.png 768w\" alt=\"\" width=\"876\" height=\"876\" \/><\/div><div class=\"testimonials__content\"><div class=\"testimonials__quote\">Najwi\u0119kszym wyzwaniem jest i pozostanie niedob\u00f3r wykwalifikowanej si\u0142y roboczej. My\u015bl\u0119, \u017ce pomys\u0142 szkolenia ludzi w akademii do specjalistycznych dzia\u0142a\u0144 jest dobry - poniewa\u017c szybko potrzebujemy wsparcia. Do tej pory byli\u015bmy bardzo zadowoleni z zespo\u0142\u00f3w monta\u017cowych THOR. Szczeg\u00f3lnie dobre jest to, \u017ce s\u0105 one niezale\u017cne i mobilne, wi\u0119c mog\u0105 przyjecha\u0107 bezpo\u015brednio na plac budowy i rozpocz\u0105\u0107 prac\u0119.   <\/div><div class=\"testimonials__company\"><div class=\"testimonials__company__logo\"><img loading=\"lazy\" decoding=\"async\" src=\"https:\/\/www.thormontagen.de\/wp-content\/uploads\/Pro-Klima-Kuehlsysteme-GmbH-150x131.jpg\" srcset=\"https:\/\/www.thormontagen.de\/wp-content\/uploads\/Pro-Klima-Kuehlsysteme-GmbH-300x74.jpg 300w, https:\/\/www.thormontagen.de\/wp-content\/uploads\/Pro-Klima-Kuehlsysteme-GmbH.jpg 532w\" alt=\"Pro Klima K\u00fchlsysteme GmbH\" width=\"150\" height=\"131\" \/><\/div><div class=\"testimonials__company__text\">Guido Schl\u00fcters, Pro Klima K\u00fchlsysteme GmbH<br \/><\/div><\/div><\/div><\/div><div class=\"testimonials__item keen-slider__slide\"><div class=\"testimonials__content\"><div class=\"testimonials__quote\">Zawsze otrzymujemy szybk\u0105 i nieskomplikowan\u0105 pomoc od THOR. Monterzy s\u0105 wykwalifikowani, w pe\u0142ni wyposa\u017ceni, mog\u0105 by\u0107 rozmieszczeni w ca\u0142ym kraju i zawsze s\u0105 na czas na placach budowy. Zawsze niezawodny partner.  <\/div><div class=\"testimonials__company\"><div class=\"testimonials__company__logo\"><img loading=\"lazy\" decoding=\"async\" src=\"https:\/\/www.thormontagen.de\/wp-content\/uploads\/logo_eiffage_infra-hochbau_color-150x146.jpg\" srcset=\"\" alt=\"logo_eiffage\" width=\"150\" height=\"146\" \/><\/div><div class=\"testimonials__company__text\">Thomas Hicking, Eiffage Infra-Hochbau GmbH<br \/><\/div><\/div><\/div><\/div><\/div><\/div><\/div><\/div><\/div><\/div><\/div><\/section><\/div>[\/vc_column][\/vc_row][vc_row row_padding=&#8221;&#8221; el_id=&#8221;anfrage&#8221;][vc_column][\/vc_column][\/vc_row]<\/p>\n<\/div>","protected":false},"excerpt":{"rendered":"ROZWI\u0104ZANIA DLA BUDOWNICTWA MIESZKANIOWEGOTw\u00f3j partner monta\u017cowy dla projekt\u00f3w budownictwa mieszkaniowegoRozw\u00f3j i standaryzacja proces\u00f3w monta\u017cowych Rekrutacja i wdra\u017canie zespo\u0142\u00f3w monta\u017cowych Kwalifikacja ukierunkowana na wymagania projektuW \u2026","protected":false},"author":8,"featured_media":0,"parent":5063,"menu_order":1,"comment_status":"closed","ping_status":"closed","template":"","meta":{"_acf_changed":false,"inline_featured_image":false,"footnotes":""},"class_list":["post-5080","page","type-page","status-publish","hentry"],"acf":[],"_links":{"self":[{"href":"https:\/\/www.thormontagen.de\/pl\/wp-json\/wp\/v2\/pages\/5080","targetHints":{"allow":["GET"]}}],"collection":[{"href":"https:\/\/www.thormontagen.de\/pl\/wp-json\/wp\/v2\/pages"}],"about":[{"href":"https:\/\/www.thormontagen.de\/pl\/wp-json\/wp\/v2\/types\/page"}],"author":[{"embeddable":true,"href":"https:\/\/www.thormontagen.de\/pl\/wp-json\/wp\/v2\/users\/8"}],"replies":[{"embeddable":true,"href":"https:\/\/www.thormontagen.de\/pl\/wp-json\/wp\/v2\/comments?post=5080"}],"version-history":[{"count":5,"href":"https:\/\/www.thormontagen.de\/pl\/wp-json\/wp\/v2\/pages\/5080\/revisions"}],"predecessor-version":[{"id":27808,"href":"https:\/\/www.thormontagen.de\/pl\/wp-json\/wp\/v2\/pages\/5080\/revisions\/27808"}],"up":[{"embeddable":true,"href":"https:\/\/www.thormontagen.de\/pl\/wp-json\/wp\/v2\/pages\/5063"}],"wp:attachment":[{"href":"https:\/\/www.thormontagen.de\/pl\/wp-json\/wp\/v2\/media?parent=5080"}],"curies":[{"name":"wp","href":"https:\/\/api.w.org\/{rel}","templated":true}]}}