{"id":5304,"date":"2023-09-13T09:57:02","date_gmt":"2023-09-13T09:57:02","guid":{"rendered":"https:\/\/www.thormontagen.de\/biuro-i-akademia\/"},"modified":"2025-01-14T13:20:31","modified_gmt":"2025-01-14T13:20:31","slug":"biuro-akademia","status":"publish","type":"page","link":"https:\/\/www.thormontagen.de\/pl\/oferty-pracy\/biuro-akademia\/","title":{"rendered":"Biuro i Akademia"},"content":{"rendered":"<div class=\"wpb-content-wrapper\"><p>[vc_section][vc_row row_padding=&#8221;&#8221;][vc_column]<div class=\" vmb-3  wpb_content_element\" ><div class=\"hero hero--c\"><div class=\"hero__content\"><div class=\"hero__title\"><p class=\"heading--subtitle\">Najlepsza praca<\/p><h1>Oferty pracy w biurze i Akademii THOR<\/h1><\/div><div class=\"hero__text\"><p>Cieszymy si\u0119, \u017ce tu jeste\u015b!<\/p>\n<p>W THOR wszystko kr\u0119ci si\u0119 wok\u00f3\u0142 rzemios\u0142a i ludzi, kt\u00f3rzy s\u0105 w tym najlepsi. Potrzebujemy ci\u0119, aby wszystko na placu budowy przebiega\u0142o zgodnie z planem! Jako dysponent przydzielasz swoich pracownik\u00f3w do pracy, kt\u00f3ra jak najlepiej odpowiada ich kwalifikacjom i \u017cyczeniom. W roli trenera, troszczysz si\u0119 o podnoszenie kwalifikacji naszych monter\u00f3w.<\/p>\n<p>B\u0119d\u0105c cz\u0119\u015bci\u0105 rodziny THOR, mo\u017cesz liczy\u0107 na r\u00f3\u017cnorodne zadania w pracy, atrakcyjne wynagrodzenie i sprawn\u0105 komunikacj\u0119 z kolegami z pracy. Profesjonalny sprz\u0119t i dobra atmosfera pracy s\u0105 oczywi\u015bcie r\u00f3wnie\u017c tego cz\u0119\u015bci\u0105.<\/p>\n<p>Czy ty te\u017c podzielasz pasj\u0119 rzemios\u0142a? Je\u015bli tak, chcemy ci\u0119 pozna\u0107!<\/p>\n<\/div><div class=\"hero__buttons\"><a href=\"https:\/\/www.thormontagen.de\/stellenangebote\/buero-akademie\/#jobs\" target=\"\" title=\"\" class=\"btn--full btn--primary btn--sm hero__btn \">Do ofert pracy<\/a><\/div><\/div><div class=\"hero__images\"><div class=\"hero__img hero__img--1\"><img decoding=\"async\" src=\"https:\/\/www.thormontagen.de\/wp-content\/uploads\/Thor_Buerofachkraft_Hero_1.jpg\" srcset=\"https:\/\/www.thormontagen.de\/wp-content\/uploads\/Thor_Buerofachkraft_Hero_1-300x225.jpg 300w, https:\/\/www.thormontagen.de\/wp-content\/uploads\/Thor_Buerofachkraft_Hero_1.jpg 563w\" alt=\"Thor_B\u00fcrofachkraft_Hero_1\" \/><\/div><div class=\"hero__img hero__img--2\"><img decoding=\"async\" src=\"https:\/\/www.thormontagen.de\/wp-content\/uploads\/Thor_Job.jpg\" srcset=\"https:\/\/www.thormontagen.de\/wp-content\/uploads\/Thor_Job-300x208.jpg 300w, https:\/\/www.thormontagen.de\/wp-content\/uploads\/Thor_Job.jpg 458w\" alt=\"Thor_Job\" \/><\/div><\/div><\/div><\/div><\/div>[\/vc_column][\/vc_row][\/vc_section][vc_section row_padding=&#8221;vpt-7 vpb-7&#8243; row_bg_color=&#8221;bg&#8211;color&#8211;grey-1&#8243; row_bg_midnight=&#8221;&#8221;][vc_row row_padding=&#8221;&#8221;][vc_column width=&#8221;5\/12&#8243; col_sticky=&#8221;&#8221; offset=&#8221;vc_col-md-offset-1 vc_col-md-4&#8243;]<div class=\"wpb_content_element\" ><div class=\"heading heading--h2\"><p class=\"heading--subtitle \" >Tydzie\u0144 powitalny<\/p><h2 class=\"heading  heading--subtitle-top \" >Tw\u00f3j start w THOR<\/h2><\/div><\/div>[vc_column_text]<strong>Aby maksymalnie u\u0142atwi\u0107 start jako nowy pracownik THOR, zapraszamy ci\u0119 do sp\u0119dzenia tygodnia w Akademii THOR w Menterodzie &#8211; oczywi\u015bcie z umow\u0105 o prac\u0119 na czas nieokre\u015blony w kieszeni i pe\u0142nym wynagrodzeniem. W tym czasie mo\u017cemy lepiej si\u0119 pozna\u0107 i przygotowa\u0107 zar\u00f3wno pod wzgl\u0119dem osobistym, jak i zawodowym do twoich przysz\u0142ych zada\u0144 w pracy.<\/strong><\/p>\n<p>Tydzie\u0144 powitalny daje ci r\u00f3wnie\u017c g\u0142\u0119bszy wgl\u0105d w THOR jako nowego pracodawc\u0119. Opr\u00f3cz wielu wa\u017cnych informacji, poznasz tak\u017ce nowych koleg\u00f3w, kt\u00f3rzy tak jak ty rozpoczynaj\u0105 prac\u0119.[\/vc_column_text][\/vc_column][vc_column width=&#8221;1\/2&#8243; col_sticky=&#8221;&#8221; offset=&#8221;vc_col-lg-5 vc_col-sm-offset-1&#8243;][vc_single_image image=&#8221;4263&#8243; img_size=&#8221;1080&#215;1080&#8243;][\/vc_column][\/vc_row][\/vc_section]<\/p>\n<\/div>","protected":false},"excerpt":{"rendered":"<p>[vc_section][vc_row row_padding=&#8221;&#8221;][vc_column][\/vc_column][\/vc_row][\/vc_section][vc_section row_padding=&#8221;vpt-7 vpb-7&#8243; row_bg_color=&#8221;bg&#8211;color&#8211;grey-1&#8243; row_bg_midnight=&#8221;&#8221;][vc_row row_padding=&#8221;&#8221;][vc_column width=&#8221;5\/12&#8243; col_sticky=&#8221;&#8221; offset=&#8221;vc_col-md-offset-1 vc_col-md-4&#8243;][vc_column_text]Aby maksymalnie u\u0142atwi\u0107 start jako nowy pracownik THOR, zapraszamy ci\u0119 do sp\u0119dzenia tygodnia w \u2026<\/p>\n","protected":false},"author":8,"featured_media":0,"parent":5329,"menu_order":0,"comment_status":"closed","ping_status":"closed","template":"","meta":{"_acf_changed":false,"inline_featured_image":false,"footnotes":""},"class_list":["post-5304","page","type-page","status-publish","hentry"],"acf":[],"_links":{"self":[{"href":"https:\/\/www.thormontagen.de\/pl\/wp-json\/wp\/v2\/pages\/5304","targetHints":{"allow":["GET"]}}],"collection":[{"href":"https:\/\/www.thormontagen.de\/pl\/wp-json\/wp\/v2\/pages"}],"about":[{"href":"https:\/\/www.thormontagen.de\/pl\/wp-json\/wp\/v2\/types\/page"}],"author":[{"embeddable":true,"href":"https:\/\/www.thormontagen.de\/pl\/wp-json\/wp\/v2\/users\/8"}],"replies":[{"embeddable":true,"href":"https:\/\/www.thormontagen.de\/pl\/wp-json\/wp\/v2\/comments?post=5304"}],"version-history":[{"count":8,"href":"https:\/\/www.thormontagen.de\/pl\/wp-json\/wp\/v2\/pages\/5304\/revisions"}],"predecessor-version":[{"id":29825,"href":"https:\/\/www.thormontagen.de\/pl\/wp-json\/wp\/v2\/pages\/5304\/revisions\/29825"}],"up":[{"embeddable":true,"href":"https:\/\/www.thormontagen.de\/pl\/wp-json\/wp\/v2\/pages\/5329"}],"wp:attachment":[{"href":"https:\/\/www.thormontagen.de\/pl\/wp-json\/wp\/v2\/media?parent=5304"}],"curies":[{"name":"wp","href":"https:\/\/api.w.org\/{rel}","templated":true}]}}