{"id":7526,"date":"2023-09-14T12:28:42","date_gmt":"2023-09-14T12:28:42","guid":{"rendered":"https:\/\/www.thormontagen.de\/impressum\/"},"modified":"2024-06-26T15:42:30","modified_gmt":"2024-06-26T15:42:30","slug":"impressum","status":"publish","type":"page","link":"https:\/\/www.thormontagen.de\/pl\/impressum\/","title":{"rendered":"Impressum"},"content":{"rendered":"<div class=\"wpb-content-wrapper\"><p>[vc_row row_padding=&#8221;vpt-7 vpb-7&#8243;][vc_column width=&#8221;2\/3&#8243; col_sticky=&#8221;&#8221; offset=&#8221;vc_col-lg-7 vc_col-sm-offset-2&#8243;]<div class=\"vmb-3 wpb_content_element\" ><div class=\"heading heading--h1\"><h1 class=\"heading   \" >Impressum<\/h1><\/div><\/div>[vc_column_text]<strong>THOR Industriemontagen GmbH &amp; Co KG<\/strong><br \/>\nWerner-von-Siemens-Strasse 6<br \/>\n37308 Heiligenstadt<\/p>\n<p>S\u0105d rejestrowy w Jenie: HRA 401410<br \/>\nIDENTYFIKATOR PODATKOWY: DE814292221<\/p>\n<p><strong>THOR Beteiligungs- und Gesch\u00e4ftsf\u00fchrungs GmbH<\/strong><br \/>\n(wsp\u00f3lnik odpowiedzialny osobi\u015bcie)<br \/>\nWerner-von-Siemens-Strasse 6<br \/>\n37308 Heiligenstadt<\/p>\n<p>Dyrektor zarz\u0105dzaj\u0105cy: Kersten Thor<br \/>\nS\u0105d rejestrowy w Jenie: HRB 406128<\/p>\n<p>Telefon: 03606\/506 55 -0<br \/>\nFaks: 03606\/506 55 -19<br \/>\nE-mail: info@THORmontagen.de<br \/>\nInternet: www.THORmontagen.de<\/p>\n<h3 id=\"spolki-zalezne\"><strong>Sp\u00f3\u0142ki zale\u017cne<\/strong><\/h3>\n<p><strong>THOR Industriemontagen GmbH &amp; Co KG<\/strong><br \/>\nFlughafenstra\u00dfe 4<br \/>\n99092 Erfurt<\/p>\n<p>Telefon: 0361\/ 219 215 -0<br \/>\nFax: 0361\/ 219 215 -19<br \/>\nE-mail: info@THORmontagen.de<br \/>\nInternet: www.THORmontagen.de<\/p>\n<p><strong>THOR Industriemontagen GmbH &amp; Co KG<\/strong><br \/>\nGewerbepark S\u00fcd 2<br \/>\n37327 Leinefelde<\/p>\n<p>Telefon: 03605\/200 677 -0<br \/>\nFaks: 03605\/200 677-30<br \/>\nE-mail: info@THORmontagen.de<br \/>\nInternet: www.THORmontagen.de<\/p>\n<h3 id=\"zastrzezenie\"><strong>Zastrze\u017cenie<\/strong><\/h3>\n<p>Pomimo starannej kontroli tre\u015bci, nie ponosimy odpowiedzialno\u015bci za tre\u015b\u0107 link\u00f3w zewn\u0119trznych. Operatorzy stron, do kt\u00f3rych prowadz\u0105 linki, ponosz\u0105 wy\u0142\u0105czn\u0105 odpowiedzialno\u015b\u0107 za ich tre\u015b\u0107.[\/vc_column_text][\/vc_column][\/vc_row]<\/p>\n<\/div>","protected":false},"excerpt":{"rendered":"<p>[vc_row row_padding=&#8221;vpt-7 vpb-7&#8243;][vc_column width=&#8221;2\/3&#8243; col_sticky=&#8221;&#8221; offset=&#8221;vc_col-lg-7 vc_col-sm-offset-2&#8243;][vc_column_text]THOR Industriemontagen GmbH &amp; Co KG Werner-von-Siemens-Strasse 6 37308 Heiligenstadt S\u0105d rejestrowy w Jenie: HRA 401410 IDENTYFIKATOR PODATKOWY: \u2026<\/p>\n","protected":false},"author":8,"featured_media":0,"parent":0,"menu_order":14,"comment_status":"closed","ping_status":"closed","template":"","meta":{"_acf_changed":false,"inline_featured_image":false,"footnotes":""},"class_list":["post-7526","page","type-page","status-publish","hentry"],"acf":[],"_links":{"self":[{"href":"https:\/\/www.thormontagen.de\/pl\/wp-json\/wp\/v2\/pages\/7526","targetHints":{"allow":["GET"]}}],"collection":[{"href":"https:\/\/www.thormontagen.de\/pl\/wp-json\/wp\/v2\/pages"}],"about":[{"href":"https:\/\/www.thormontagen.de\/pl\/wp-json\/wp\/v2\/types\/page"}],"author":[{"embeddable":true,"href":"https:\/\/www.thormontagen.de\/pl\/wp-json\/wp\/v2\/users\/8"}],"replies":[{"embeddable":true,"href":"https:\/\/www.thormontagen.de\/pl\/wp-json\/wp\/v2\/comments?post=7526"}],"version-history":[{"count":5,"href":"https:\/\/www.thormontagen.de\/pl\/wp-json\/wp\/v2\/pages\/7526\/revisions"}],"predecessor-version":[{"id":25297,"href":"https:\/\/www.thormontagen.de\/pl\/wp-json\/wp\/v2\/pages\/7526\/revisions\/25297"}],"wp:attachment":[{"href":"https:\/\/www.thormontagen.de\/pl\/wp-json\/wp\/v2\/media?parent=7526"}],"curies":[{"name":"wp","href":"https:\/\/api.w.org\/{rel}","templated":true}]}}